{"id":6168,"date":"2017-12-07T12:49:32","date_gmt":"2017-12-07T11:49:32","guid":{"rendered":"http:\/\/neu.ov-g20.de\/?page_id=6168"},"modified":"2022-02-17T22:29:37","modified_gmt":"2022-02-17T21:29:37","slug":"ov-verkauf","status":"publish","type":"page","link":"https:\/\/ov-g20.de\/flohmarkt\/ov-verkauf\/","title":{"rendered":"OV Verkauf"},"content":{"rendered":"<section class=\"l-section wpb_row height_medium\"><div class=\"l-section-h i-cf\"><div class=\"g-cols vc_row type_default valign_top\"><div class=\"vc_col-sm-12 wpb_column vc_column_container\"><div class=\"vc_column-inner\"><div class=\"wpb_wrapper\"><div class=\"wpb_text_column\" ><div class=\"wpb_wrapper\"><p>Wie in jedem Jahr stellt der OV G20 auch diesmal wieder einen OV Verkaufstisch zur Verf\u00fcgung.<br \/>\nHier k\u00f6nnen OV Mitglieder Ihre zu verkaufenden Ger\u00e4te in Kommission zum Verkauf anbieten.<\/p>\n<\/div><\/div><\/div><\/div><\/div><\/div><\/div><\/section>\n","protected":false},"excerpt":{"rendered":"Wie in jedem Jahr stellt der OV G20 auch diesmal wieder einen OV Verkaufstisch zur Verf\u00fcgung. Hier k\u00f6nnen OV Mitglieder Ihre zu verkaufenden Ger\u00e4te in Kommission zum Verkauf anbieten.","protected":false},"author":1,"featured_media":0,"parent":0,"menu_order":0,"comment_status":"closed","ping_status":"closed","template":"","meta":[],"yoast_head":"<!-- This site is optimized with the Yoast SEO plugin v17.6 - https:\/\/yoast.com\/wordpress\/plugins\/seo\/ -->\n<title>OV Verkauf - DARC G20 Flohmarkt Bergheim<\/title>\n<meta name=\"robots\" content=\"index, follow, max-snippet:-1, max-image-preview:large, max-video-preview:-1\" \/>\n<link rel=\"canonical\" href=\"https:\/\/ov-g20.de\/flohmarkt\/ov-verkauf\/\" \/>\n<meta property=\"og:locale\" content=\"de_DE\" \/>\n<meta property=\"og:type\" content=\"article\" \/>\n<meta property=\"og:title\" content=\"OV Verkauf - DARC G20 Flohmarkt Bergheim\" \/>\n<meta property=\"og:url\" content=\"https:\/\/ov-g20.de\/flohmarkt\/ov-verkauf\/\" \/>\n<meta property=\"og:site_name\" content=\"DARC G20 Flohmarkt Bergheim\" \/>\n<meta property=\"article:modified_time\" content=\"2022-02-17T21:29:37+00:00\" \/>\n<meta name=\"twitter:card\" content=\"summary_large_image\" \/>\n<meta name=\"twitter:label1\" content=\"Gesch\u00e4tzte Lesezeit\" \/>\n\t<meta name=\"twitter:data1\" content=\"1 Minute\" \/>\n<script type=\"application\/ld+json\" class=\"yoast-schema-graph\">{\"@context\":\"https:\/\/schema.org\",\"@graph\":[{\"@type\":\"WebSite\",\"@id\":\"https:\/\/ov-g20.de\/flohmarkt\/#website\",\"url\":\"https:\/\/ov-g20.de\/flohmarkt\/\",\"name\":\"DARC G20 Flohmarkt Bergheim\",\"description\":\"Der Treffpunkt im Westen\",\"potentialAction\":[{\"@type\":\"SearchAction\",\"target\":{\"@type\":\"EntryPoint\",\"urlTemplate\":\"https:\/\/ov-g20.de\/flohmarkt\/?s={search_term_string}\"},\"query-input\":\"required name=search_term_string\"}],\"inLanguage\":\"de-DE\"},{\"@type\":\"WebPage\",\"@id\":\"https:\/\/ov-g20.de\/flohmarkt\/ov-verkauf\/#webpage\",\"url\":\"https:\/\/ov-g20.de\/flohmarkt\/ov-verkauf\/\",\"name\":\"OV Verkauf - DARC G20 Flohmarkt Bergheim\",\"isPartOf\":{\"@id\":\"https:\/\/ov-g20.de\/flohmarkt\/#website\"},\"datePublished\":\"2017-12-07T11:49:32+00:00\",\"dateModified\":\"2022-02-17T21:29:37+00:00\",\"breadcrumb\":{\"@id\":\"https:\/\/ov-g20.de\/flohmarkt\/ov-verkauf\/#breadcrumb\"},\"inLanguage\":\"de-DE\",\"potentialAction\":[{\"@type\":\"ReadAction\",\"target\":[\"https:\/\/ov-g20.de\/flohmarkt\/ov-verkauf\/\"]}]},{\"@type\":\"BreadcrumbList\",\"@id\":\"https:\/\/ov-g20.de\/flohmarkt\/ov-verkauf\/#breadcrumb\",\"itemListElement\":[{\"@type\":\"ListItem\",\"position\":1,\"name\":\"OV Verkauf\"}]}]}<\/script>\n<!-- \/ Yoast SEO plugin. -->","yoast_head_json":{"title":"OV Verkauf - DARC G20 Flohmarkt Bergheim","robots":{"index":"index","follow":"follow","max-snippet":"max-snippet:-1","max-image-preview":"max-image-preview:large","max-video-preview":"max-video-preview:-1"},"canonical":"https:\/\/ov-g20.de\/flohmarkt\/ov-verkauf\/","og_locale":"de_DE","og_type":"article","og_title":"OV Verkauf - DARC G20 Flohmarkt Bergheim","og_url":"https:\/\/ov-g20.de\/flohmarkt\/ov-verkauf\/","og_site_name":"DARC G20 Flohmarkt Bergheim","article_modified_time":"2022-02-17T21:29:37+00:00","twitter_card":"summary_large_image","twitter_misc":{"Gesch\u00e4tzte Lesezeit":"1 Minute"},"schema":{"@context":"https:\/\/schema.org","@graph":[{"@type":"WebSite","@id":"https:\/\/ov-g20.de\/flohmarkt\/#website","url":"https:\/\/ov-g20.de\/flohmarkt\/","name":"DARC G20 Flohmarkt Bergheim","description":"Der Treffpunkt im Westen","potentialAction":[{"@type":"SearchAction","target":{"@type":"EntryPoint","urlTemplate":"https:\/\/ov-g20.de\/flohmarkt\/?s={search_term_string}"},"query-input":"required name=search_term_string"}],"inLanguage":"de-DE"},{"@type":"WebPage","@id":"https:\/\/ov-g20.de\/flohmarkt\/ov-verkauf\/#webpage","url":"https:\/\/ov-g20.de\/flohmarkt\/ov-verkauf\/","name":"OV Verkauf - DARC G20 Flohmarkt Bergheim","isPartOf":{"@id":"https:\/\/ov-g20.de\/flohmarkt\/#website"},"datePublished":"2017-12-07T11:49:32+00:00","dateModified":"2022-02-17T21:29:37+00:00","breadcrumb":{"@id":"https:\/\/ov-g20.de\/flohmarkt\/ov-verkauf\/#breadcrumb"},"inLanguage":"de-DE","potentialAction":[{"@type":"ReadAction","target":["https:\/\/ov-g20.de\/flohmarkt\/ov-verkauf\/"]}]},{"@type":"BreadcrumbList","@id":"https:\/\/ov-g20.de\/flohmarkt\/ov-verkauf\/#breadcrumb","itemListElement":[{"@type":"ListItem","position":1,"name":"OV Verkauf"}]}]}},"_links":{"self":[{"href":"https:\/\/ov-g20.de\/flohmarkt\/wp-json\/wp\/v2\/pages\/6168"}],"collection":[{"href":"https:\/\/ov-g20.de\/flohmarkt\/wp-json\/wp\/v2\/pages"}],"about":[{"href":"https:\/\/ov-g20.de\/flohmarkt\/wp-json\/wp\/v2\/types\/page"}],"author":[{"embeddable":true,"href":"https:\/\/ov-g20.de\/flohmarkt\/wp-json\/wp\/v2\/users\/1"}],"replies":[{"embeddable":true,"href":"https:\/\/ov-g20.de\/flohmarkt\/wp-json\/wp\/v2\/comments?post=6168"}],"version-history":[{"count":6,"href":"https:\/\/ov-g20.de\/flohmarkt\/wp-json\/wp\/v2\/pages\/6168\/revisions"}],"predecessor-version":[{"id":9838,"href":"https:\/\/ov-g20.de\/flohmarkt\/wp-json\/wp\/v2\/pages\/6168\/revisions\/9838"}],"wp:attachment":[{"href":"https:\/\/ov-g20.de\/flohmarkt\/wp-json\/wp\/v2\/media?parent=6168"}],"curies":[{"name":"wp","href":"https:\/\/api.w.org\/{rel}","templated":true}]}}