{"id":6617,"date":"2017-12-07T18:56:56","date_gmt":"2017-12-07T17:56:56","guid":{"rendered":"http:\/\/neu.ov-g20.de\/?page_id=6617"},"modified":"2026-04-03T13:41:06","modified_gmt":"2026-04-03T11:41:06","slug":"ausstellerliste","status":"publish","type":"page","link":"https:\/\/ov-g20.de\/flohmarkt\/ausstellerliste\/","title":{"rendered":"Ausstellerliste"},"content":{"rendered":"<section class=\"l-section wpb_row height_medium\"><div class=\"l-section-h i-cf\"><div class=\"g-cols vc_row type_default valign_top\"><div class=\"vc_col-sm-12 wpb_column vc_column_container\"><div class=\"vc_column-inner\"><div class=\"wpb_wrapper\"><div class=\"wpb_text_column\" ><div class=\"wpb_wrapper\"><h3>Die Anmeldungen der Aussteller sind abgeschlossen.<\/h3>\n<p>Die aktuelle Ausstellerliste Stand 25.03.2026.<br \/>\nDie Ausstellerliste wird gegebenfalls aktualisiert.<\/p>\n<p>Du kannst die Ausstellerliste nach Deinen W\u00fcnschen sortieren, indem Du die \u00dcberschriften anklickst. Durch eine Eingabe im Suchfeld l\u00e4sst sich die Liste filtern.<\/p>\n<p><a href=\"http:\/\/ov-g20.de\/flohmarkt\/wp-content\/uploads\/sites\/2\/2026\/04\/Ausstellerliste_2026.pdf\" target=\"_blank\" rel=\"noopener\">Download als PDF (102kB)<\/a><\/p>\n\n<table id=\"tablepress-6\" class=\"tablepress tablepress-id-6\">\n<thead>\n<tr class=\"row-1 odd\">\n\t<th class=\"column-1\">Name \/ Firma<\/th><th class=\"column-2\">Call<\/th><th class=\"column-3\">Tisch Nr.<\/th><th class=\"column-4\">Halle<\/th>\n<\/tr>\n<\/thead>\n<tbody class=\"row-hover\">\n<tr class=\"row-2 even\">\n\t<td class=\"column-1\">Wolfgan Haep<\/td><td class=\"column-2\"><\/td><td class=\"column-3\">56 - 60<\/td><td class=\"column-4\">B\u00fcrgerhaus<\/td>\n<\/tr>\n<tr class=\"row-3 odd\">\n\t<td class=\"column-1\">Volker Schmidt<\/td><td class=\"column-2\">DL6EBC<\/td><td class=\"column-3\">40 - 41<\/td><td class=\"column-4\">B\u00fcrgerhaus<\/td>\n<\/tr>\n<tr class=\"row-4 even\">\n\t<td class=\"column-1\">Carsten Gabriel<\/td><td class=\"column-2\">DM1CG<\/td><td class=\"column-3\">63 - 65<\/td><td class=\"column-4\">B\u00fcrgerhaus<\/td>\n<\/tr>\n<tr class=\"row-5 odd\">\n\t<td class=\"column-1\">Benno Gallus<\/td><td class=\"column-2\">CES3EICH<\/td><td class=\"column-3\">42 - 49<\/td><td class=\"column-4\">B\u00fcrgerhaus<\/td>\n<\/tr>\n<tr class=\"row-6 even\">\n\t<td class=\"column-1\">Dennis Walter (Bonito)<\/td><td class=\"column-2\">DO3HSV<\/td><td class=\"column-3\">72 - 81<\/td><td class=\"column-4\">B\u00fcrgerhaus<\/td>\n<\/tr>\n<tr class=\"row-7 odd\">\n\t<td class=\"column-1\">Referate Distrikt G Notfunk\/Rundspruch<\/td><td class=\"column-2\">DH9BM<\/td><td class=\"column-3\">12 - 13<\/td><td class=\"column-4\">B\u00fcrgerhaus<\/td>\n<\/tr>\n<tr class=\"row-8 even\">\n\t<td class=\"column-1\">Andreas Ewald<\/td><td class=\"column-2\">DK1AE<\/td><td class=\"column-3\">7 - 11<\/td><td class=\"column-4\">B\u00fcrgerhaus<\/td>\n<\/tr>\n<tr class=\"row-9 odd\">\n\t<td class=\"column-1\">Gerling Computer<\/td><td class=\"column-2\"><\/td><td class=\"column-3\">24 - 31<\/td><td class=\"column-4\">B\u00fcrgerhaus<\/td>\n<\/tr>\n<tr class=\"row-10 even\">\n\t<td class=\"column-1\">Christian Windh\u00f6vel<\/td><td class=\"column-2\">DL7CW<\/td><td class=\"column-3\">33<\/td><td class=\"column-4\">B\u00fcrgerhaus<\/td>\n<\/tr>\n<tr class=\"row-11 odd\">\n\t<td class=\"column-1\">Wolfgang Renner<\/td><td class=\"column-2\">DC2FR<\/td><td class=\"column-3\">34 - 35<\/td><td class=\"column-4\">B\u00fcrgerhaus<\/td>\n<\/tr>\n<tr class=\"row-12 even\">\n\t<td class=\"column-1\">Frank Werner M\u00fcller<\/td><td class=\"column-2\">DH2FM<\/td><td class=\"column-3\">50 - 51<\/td><td class=\"column-4\">B\u00fcrgerhaus<\/td>\n<\/tr>\n<tr class=\"row-13 odd\">\n\t<td class=\"column-1\">Franz Scholl<\/td><td class=\"column-2\">DL1KFS<\/td><td class=\"column-3\">66 - 71<\/td><td class=\"column-4\">B\u00fcrgerhaus<\/td>\n<\/tr>\n<tr class=\"row-14 even\">\n\t<td class=\"column-1\">Joachim Placzek<\/td><td class=\"column-2\">DO7JVK<\/td><td class=\"column-3\">21 - 22<\/td><td class=\"column-4\">B\u00fcrgerhaus<\/td>\n<\/tr>\n<tr class=\"row-15 odd\">\n\t<td class=\"column-1\">Georg Distrikt G<\/td><td class=\"column-2\">DL3YAT<\/td><td class=\"column-3\">14 - 15<\/td><td class=\"column-4\">B\u00fcrgerhaus<\/td>\n<\/tr>\n<tr class=\"row-16 even\">\n\t<td class=\"column-1\">Wilhelm Reckter<\/td><td class=\"column-2\">DD4KC<\/td><td class=\"column-3\">52 - 53<\/td><td class=\"column-4\">B\u00fcrgerhaus<\/td>\n<\/tr>\n<tr class=\"row-17 odd\">\n\t<td class=\"column-1\">Heinz Breuer<\/td><td class=\"column-2\">DH2FA<\/td><td class=\"column-3\">61 - 62<\/td><td class=\"column-4\">B\u00fcrgerhaus<\/td>\n<\/tr>\n<tr class=\"row-18 even\">\n\t<td class=\"column-1\">Klaus Rautenberg<\/td><td class=\"column-2\">DL1SS<\/td><td class=\"column-3\">23<\/td><td class=\"column-4\">B\u00fcrgerhaus<\/td>\n<\/tr>\n<tr class=\"row-19 odd\">\n\t<td class=\"column-1\">Dieter Kaatz<\/td><td class=\"column-2\"><\/td><td class=\"column-3\">36 - 37<\/td><td class=\"column-4\">B\u00fcrgerhaus<\/td>\n<\/tr>\n<tr class=\"row-20 even\">\n\t<td class=\"column-1\">Max Sachau<\/td><td class=\"column-2\"><\/td><td class=\"column-3\">38 - 39<\/td><td class=\"column-4\">B\u00fcrgerhaus<\/td>\n<\/tr>\n<tr class=\"row-21 odd\">\n\t<td class=\"column-1\">Sonja Giesen<\/td><td class=\"column-2\">DF1JR<\/td><td class=\"column-3\">54 - 55<\/td><td class=\"column-4\">B\u00fcrgerhaus<\/td>\n<\/tr>\n<tr class=\"row-22 even\">\n\t<td class=\"column-1\">H\u00fcseyin T\u00fcrk<\/td><td class=\"column-2\">DG1DHT<\/td><td class=\"column-3\">16 - 20<\/td><td class=\"column-4\">B\u00fcrgerhaus<\/td>\n<\/tr>\n<tr class=\"row-23 odd\">\n\t<td class=\"column-1\">Olaf Bahr (IGFA)<\/td><td class=\"column-2\">DC1KO<\/td><td class=\"column-3\">32<\/td><td class=\"column-4\">B\u00fcrgerhaus<\/td>\n<\/tr>\n<tr class=\"row-24 even\">\n\t<td class=\"column-1\">Paul Scholten<\/td><td class=\"column-2\">PA3EPS<\/td><td class=\"column-3\">20 - 24<\/td><td class=\"column-4\">Foyer<\/td>\n<\/tr>\n<tr class=\"row-25 odd\">\n\t<td class=\"column-1\">Benjamin Kopania<\/td><td class=\"column-2\"><\/td><td class=\"column-3\">14 - 15<\/td><td class=\"column-4\">Foyer<\/td>\n<\/tr>\n<tr class=\"row-26 even\">\n\t<td class=\"column-1\">Dieter Knauer<\/td><td class=\"column-2\"><\/td><td class=\"column-3\">01 - 10<\/td><td class=\"column-4\">Foyer<\/td>\n<\/tr>\n<tr class=\"row-27 odd\">\n\t<td class=\"column-1\">J\u00fcrgen Simon<\/td><td class=\"column-2\">DH5AB<\/td><td class=\"column-3\">11 - 13<\/td><td class=\"column-4\">Foyer<\/td>\n<\/tr>\n<tr class=\"row-28 even\">\n\t<td class=\"column-1\">Richard Joachims ANJO Antennen<\/td><td class=\"column-2\">DL4KH<\/td><td class=\"column-3\">42 - 57<\/td><td class=\"column-4\">Sporthalle<\/td>\n<\/tr>\n<tr class=\"row-29 odd\">\n\t<td class=\"column-1\">Andreas Meier<\/td><td class=\"column-2\">DB2VM<\/td><td class=\"column-3\">148 - 150<\/td><td class=\"column-4\">Sporthalle<\/td>\n<\/tr>\n<tr class=\"row-30 even\">\n\t<td class=\"column-1\">Wolfgang Dunker<\/td><td class=\"column-2\">DD1KZ<\/td><td class=\"column-3\">17 - 20<\/td><td class=\"column-4\">Sporthalle<\/td>\n<\/tr>\n<tr class=\"row-31 odd\">\n\t<td class=\"column-1\">Volker Gluske<\/td><td class=\"column-2\">DD3DO<\/td><td class=\"column-3\">151 - 154<\/td><td class=\"column-4\">Sporthalle<\/td>\n<\/tr>\n<tr class=\"row-32 even\">\n\t<td class=\"column-1\">J\u00fcrgen Bach<\/td><td class=\"column-2\">DD8PB<\/td><td class=\"column-3\">72 - 73<\/td><td class=\"column-4\">Sporthalle<\/td>\n<\/tr>\n<tr class=\"row-33 odd\">\n\t<td class=\"column-1\">Willfried Winterhoff<\/td><td class=\"column-2\">DF4PD<\/td><td class=\"column-3\">36 - 39<\/td><td class=\"column-4\">Sporthalle<\/td>\n<\/tr>\n<tr class=\"row-34 even\">\n\t<td class=\"column-1\">Rainer Kronberger<\/td><td class=\"column-2\">DF5MO<\/td><td class=\"column-3\">63 - 64<\/td><td class=\"column-4\">Sporthalle<\/td>\n<\/tr>\n<tr class=\"row-35 odd\">\n\t<td class=\"column-1\">J\u00fcrgen Berau<\/td><td class=\"column-2\">DG4KF<\/td><td class=\"column-3\">140 - 109<\/td><td class=\"column-4\">Sporthalle<\/td>\n<\/tr>\n<tr class=\"row-36 even\">\n\t<td class=\"column-1\">J\u00fcrgen Berau<\/td><td class=\"column-2\">DG4KF<\/td><td class=\"column-3\"><\/td><td class=\"column-4\">Sporthalle<\/td>\n<\/tr>\n<tr class=\"row-37 odd\">\n\t<td class=\"column-1\">Hanno Vogels<\/td><td class=\"column-2\">DK3HV<\/td><td class=\"column-3\">144 - 147<\/td><td class=\"column-4\">Sporthalle<\/td>\n<\/tr>\n<tr class=\"row-38 even\">\n\t<td class=\"column-1\">Timo B\u00fcchel<\/td><td class=\"column-2\">DK4ZZ<\/td><td class=\"column-3\">01 - 03<\/td><td class=\"column-4\">Sporthalle<\/td>\n<\/tr>\n<tr class=\"row-39 odd\">\n\t<td class=\"column-1\">Alfred Forth<\/td><td class=\"column-2\">DK5AF<\/td><td class=\"column-3\">10 - 13<\/td><td class=\"column-4\">Sporthalle<\/td>\n<\/tr>\n<tr class=\"row-40 even\">\n\t<td class=\"column-1\">R\u00fcdiger Hardwig Nachrichtentechnik<\/td><td class=\"column-2\">DK6JL<\/td><td class=\"column-3\">14 - 16<\/td><td class=\"column-4\">Sporthalle<\/td>\n<\/tr>\n<tr class=\"row-41 odd\">\n\t<td class=\"column-1\">Friedrich Wuelfing<\/td><td class=\"column-2\">DK6QI<\/td><td class=\"column-3\">07 - 09<\/td><td class=\"column-4\">Sporthalle<\/td>\n<\/tr>\n<tr class=\"row-42 even\">\n\t<td class=\"column-1\">Frank Brakonier IG Amateurfunk Pulheim<\/td><td class=\"column-2\">DK7FH<\/td><td class=\"column-3\">119 - 121<\/td><td class=\"column-4\">Sporthalle<\/td>\n<\/tr>\n<tr class=\"row-43 odd\">\n\t<td class=\"column-1\">Ottmar Dr. Rollmann<\/td><td class=\"column-2\">DK7JX<\/td><td class=\"column-3\">76 - 77<\/td><td class=\"column-4\">Sporthalle<\/td>\n<\/tr>\n<tr class=\"row-44 even\">\n\t<td class=\"column-1\">Rudolf Reese<\/td><td class=\"column-2\">Dk8QU<\/td><td class=\"column-3\">05 - 06<\/td><td class=\"column-4\">Sporthalle<\/td>\n<\/tr>\n<tr class=\"row-45 odd\">\n\t<td class=\"column-1\">Wolfgang Gilges<\/td><td class=\"column-2\">DL6WG<\/td><td class=\"column-3\">70 - 71<\/td><td class=\"column-4\">Sporthalle<\/td>\n<\/tr>\n<tr class=\"row-46 even\">\n\t<td class=\"column-1\">Vladimir Lebedev<\/td><td class=\"column-2\">DL7PGA<\/td><td class=\"column-3\">40 - 41<\/td><td class=\"column-4\">Sporthalle<\/td>\n<\/tr>\n<tr class=\"row-47 odd\">\n\t<td class=\"column-1\">Christian Jansen, Funk24<\/td><td class=\"column-2\"><\/td><td class=\"column-3\">21 - 25<\/td><td class=\"column-4\">Sporthalle<\/td>\n<\/tr>\n<tr class=\"row-48 even\">\n\t<td class=\"column-1\">Helmut Gehrke<\/td><td class=\"column-2\"><\/td><td class=\"column-3\">99 - 103<\/td><td class=\"column-4\">Sporthalle<\/td>\n<\/tr>\n<tr class=\"row-49 odd\">\n\t<td class=\"column-1\">Anita + Zdravko H\u00f6fler, H\u00f6fler Elektronik<\/td><td class=\"column-2\"><\/td><td class=\"column-3\">26 - 35<\/td><td class=\"column-4\">Sporthalle<\/td>\n<\/tr>\n<tr class=\"row-50 even\">\n\t<td class=\"column-1\">Sven Jacob<\/td><td class=\"column-2\">ON2AFR<\/td><td class=\"column-3\">155 - 164<\/td><td class=\"column-4\">Sporthalle<\/td>\n<\/tr>\n<tr class=\"row-51 odd\">\n\t<td class=\"column-1\">Lucien  Van den Cruijce<\/td><td class=\"column-2\">ON5TR<\/td><td class=\"column-3\">122 - 143<\/td><td class=\"column-4\">Sporthalle<\/td>\n<\/tr>\n<tr class=\"row-52 even\">\n\t<td class=\"column-1\">Stefan Groth<\/td><td class=\"column-2\">PD5S<\/td><td class=\"column-3\">96 - 98<\/td><td class=\"column-4\">Sporthalle<\/td>\n<\/tr>\n<tr class=\"row-53 odd\">\n\t<td class=\"column-1\">J\u00f6rg Korte Retevis<\/td><td class=\"column-2\">DD1GO<\/td><td class=\"column-3\">58 - 69<\/td><td class=\"column-4\">Sporthalle<\/td>\n<\/tr>\n<tr class=\"row-54 even\">\n\t<td class=\"column-1\">Karl Schiller<\/td><td class=\"column-2\"><\/td><td class=\"column-3\">94 - 95<\/td><td class=\"column-4\">Sporthalle<\/td>\n<\/tr>\n<tr class=\"row-55 odd\">\n\t<td class=\"column-1\">Sefer Katmer SK Phone<\/td><td class=\"column-2\"><\/td><td class=\"column-3\">110 - 118<\/td><td class=\"column-4\">Sporthalle<\/td>\n<\/tr>\n<tr class=\"row-56 even\">\n\t<td class=\"column-1\">Jo Waalkens<\/td><td class=\"column-2\"><\/td><td class=\"column-3\">78 - 93<\/td><td class=\"column-4\">Sporthalle<\/td>\n<\/tr>\n<tr class=\"row-57 odd\">\n\t<td class=\"column-1\">Ralf Kr\u00e4mer<\/td><td class=\"column-2\">DL1KRK<\/td><td class=\"column-3\">4a<\/td><td class=\"column-4\">Sporthalle<\/td>\n<\/tr>\n<tr class=\"row-58 even\">\n\t<td class=\"column-1\">Ralf Kr\u00e4mer<\/td><td class=\"column-2\">DL1KRK<\/td><td class=\"column-3\">4b<\/td><td class=\"column-4\">Sporthalle<\/td>\n<\/tr>\n<\/tbody>\n<\/table>\n<!-- #tablepress-6 from cache -->\n<\/div><\/div><\/div><\/div><\/div><\/div><\/div><\/section>\n","protected":false},"excerpt":{"rendered":"Die Anmeldungen der Aussteller sind abgeschlossen. Die aktuelle Ausstellerliste Stand 25.03.2026. Die Ausstellerliste wird gegebenfalls aktualisiert. Du kannst die Ausstellerliste nach Deinen W\u00fcnschen sortieren, indem Du die \u00dcberschriften anklickst. Durch eine Eingabe im Suchfeld l\u00e4sst sich die Liste filtern. Download als PDF (102kB) Name \/ FirmaCallTisch Nr.Halle Wolfgan Haep56 - 60B\u00fcrgerhaus Volker SchmidtDL6EBC40 - 41B\u00fcrgerhaus...","protected":false},"author":1,"featured_media":0,"parent":0,"menu_order":0,"comment_status":"closed","ping_status":"closed","template":"","meta":[],"yoast_head":"<!-- This site is optimized with the Yoast SEO plugin v17.6 - https:\/\/yoast.com\/wordpress\/plugins\/seo\/ -->\n<title>Ausstellerliste - DARC G20 Flohmarkt Bergheim<\/title>\n<meta name=\"robots\" content=\"index, follow, max-snippet:-1, max-image-preview:large, max-video-preview:-1\" \/>\n<link rel=\"canonical\" href=\"https:\/\/ov-g20.de\/flohmarkt\/ausstellerliste\/\" \/>\n<meta property=\"og:locale\" content=\"de_DE\" \/>\n<meta property=\"og:type\" content=\"article\" \/>\n<meta property=\"og:title\" content=\"Ausstellerliste - DARC G20 Flohmarkt Bergheim\" \/>\n<meta property=\"og:url\" content=\"https:\/\/ov-g20.de\/flohmarkt\/ausstellerliste\/\" \/>\n<meta property=\"og:site_name\" content=\"DARC G20 Flohmarkt Bergheim\" \/>\n<meta property=\"article:modified_time\" content=\"2026-04-03T11:41:06+00:00\" \/>\n<meta name=\"twitter:card\" content=\"summary_large_image\" \/>\n<meta name=\"twitter:label1\" content=\"Gesch\u00e4tzte Lesezeit\" \/>\n\t<meta name=\"twitter:data1\" content=\"1 Minute\" \/>\n<script type=\"application\/ld+json\" class=\"yoast-schema-graph\">{\"@context\":\"https:\/\/schema.org\",\"@graph\":[{\"@type\":\"WebSite\",\"@id\":\"https:\/\/ov-g20.de\/flohmarkt\/#website\",\"url\":\"https:\/\/ov-g20.de\/flohmarkt\/\",\"name\":\"DARC G20 Flohmarkt Bergheim\",\"description\":\"Der Treffpunkt im Westen\",\"potentialAction\":[{\"@type\":\"SearchAction\",\"target\":{\"@type\":\"EntryPoint\",\"urlTemplate\":\"https:\/\/ov-g20.de\/flohmarkt\/?s={search_term_string}\"},\"query-input\":\"required name=search_term_string\"}],\"inLanguage\":\"de-DE\"},{\"@type\":\"WebPage\",\"@id\":\"https:\/\/ov-g20.de\/flohmarkt\/ausstellerliste\/#webpage\",\"url\":\"https:\/\/ov-g20.de\/flohmarkt\/ausstellerliste\/\",\"name\":\"Ausstellerliste - DARC G20 Flohmarkt Bergheim\",\"isPartOf\":{\"@id\":\"https:\/\/ov-g20.de\/flohmarkt\/#website\"},\"datePublished\":\"2017-12-07T17:56:56+00:00\",\"dateModified\":\"2026-04-03T11:41:06+00:00\",\"breadcrumb\":{\"@id\":\"https:\/\/ov-g20.de\/flohmarkt\/ausstellerliste\/#breadcrumb\"},\"inLanguage\":\"de-DE\",\"potentialAction\":[{\"@type\":\"ReadAction\",\"target\":[\"https:\/\/ov-g20.de\/flohmarkt\/ausstellerliste\/\"]}]},{\"@type\":\"BreadcrumbList\",\"@id\":\"https:\/\/ov-g20.de\/flohmarkt\/ausstellerliste\/#breadcrumb\",\"itemListElement\":[{\"@type\":\"ListItem\",\"position\":1,\"name\":\"Ausstellerliste\"}]}]}<\/script>\n<!-- \/ Yoast SEO plugin. -->","yoast_head_json":{"title":"Ausstellerliste - DARC G20 Flohmarkt Bergheim","robots":{"index":"index","follow":"follow","max-snippet":"max-snippet:-1","max-image-preview":"max-image-preview:large","max-video-preview":"max-video-preview:-1"},"canonical":"https:\/\/ov-g20.de\/flohmarkt\/ausstellerliste\/","og_locale":"de_DE","og_type":"article","og_title":"Ausstellerliste - DARC G20 Flohmarkt Bergheim","og_url":"https:\/\/ov-g20.de\/flohmarkt\/ausstellerliste\/","og_site_name":"DARC G20 Flohmarkt Bergheim","article_modified_time":"2026-04-03T11:41:06+00:00","twitter_card":"summary_large_image","twitter_misc":{"Gesch\u00e4tzte Lesezeit":"1 Minute"},"schema":{"@context":"https:\/\/schema.org","@graph":[{"@type":"WebSite","@id":"https:\/\/ov-g20.de\/flohmarkt\/#website","url":"https:\/\/ov-g20.de\/flohmarkt\/","name":"DARC G20 Flohmarkt Bergheim","description":"Der Treffpunkt im Westen","potentialAction":[{"@type":"SearchAction","target":{"@type":"EntryPoint","urlTemplate":"https:\/\/ov-g20.de\/flohmarkt\/?s={search_term_string}"},"query-input":"required name=search_term_string"}],"inLanguage":"de-DE"},{"@type":"WebPage","@id":"https:\/\/ov-g20.de\/flohmarkt\/ausstellerliste\/#webpage","url":"https:\/\/ov-g20.de\/flohmarkt\/ausstellerliste\/","name":"Ausstellerliste - DARC G20 Flohmarkt Bergheim","isPartOf":{"@id":"https:\/\/ov-g20.de\/flohmarkt\/#website"},"datePublished":"2017-12-07T17:56:56+00:00","dateModified":"2026-04-03T11:41:06+00:00","breadcrumb":{"@id":"https:\/\/ov-g20.de\/flohmarkt\/ausstellerliste\/#breadcrumb"},"inLanguage":"de-DE","potentialAction":[{"@type":"ReadAction","target":["https:\/\/ov-g20.de\/flohmarkt\/ausstellerliste\/"]}]},{"@type":"BreadcrumbList","@id":"https:\/\/ov-g20.de\/flohmarkt\/ausstellerliste\/#breadcrumb","itemListElement":[{"@type":"ListItem","position":1,"name":"Ausstellerliste"}]}]}},"_links":{"self":[{"href":"https:\/\/ov-g20.de\/flohmarkt\/wp-json\/wp\/v2\/pages\/6617"}],"collection":[{"href":"https:\/\/ov-g20.de\/flohmarkt\/wp-json\/wp\/v2\/pages"}],"about":[{"href":"https:\/\/ov-g20.de\/flohmarkt\/wp-json\/wp\/v2\/types\/page"}],"author":[{"embeddable":true,"href":"https:\/\/ov-g20.de\/flohmarkt\/wp-json\/wp\/v2\/users\/1"}],"replies":[{"embeddable":true,"href":"https:\/\/ov-g20.de\/flohmarkt\/wp-json\/wp\/v2\/comments?post=6617"}],"version-history":[{"count":32,"href":"https:\/\/ov-g20.de\/flohmarkt\/wp-json\/wp\/v2\/pages\/6617\/revisions"}],"predecessor-version":[{"id":11671,"href":"https:\/\/ov-g20.de\/flohmarkt\/wp-json\/wp\/v2\/pages\/6617\/revisions\/11671"}],"wp:attachment":[{"href":"https:\/\/ov-g20.de\/flohmarkt\/wp-json\/wp\/v2\/media?parent=6617"}],"curies":[{"name":"wp","href":"https:\/\/api.w.org\/{rel}","templated":true}]}}