{"id":6653,"date":"2017-12-08T01:19:35","date_gmt":"2017-12-08T00:19:35","guid":{"rendered":"http:\/\/neu.ov-g20.de\/?page_id=6653"},"modified":"2026-04-08T11:52:26","modified_gmt":"2026-04-08T09:52:26","slug":"tischzuteilung","status":"publish","type":"page","link":"https:\/\/ov-g20.de\/flohmarkt\/tischzuteilung\/","title":{"rendered":"Tischzuteilung"},"content":{"rendered":"<section class=\"l-section wpb_row height_medium\"><div class=\"l-section-h i-cf\"><div class=\"g-cols vc_row type_default valign_top\"><div class=\"vc_col-sm-12 wpb_column vc_column_container\"><div class=\"vc_column-inner\"><div class=\"wpb_wrapper\"><div class=\"wpb_text_column\" ><div class=\"wpb_wrapper\"><p><strong>Stand der Tischzuteilungen: 22.03.2026<\/strong><\/p>\n<p><strong>Die Tischnummern sind endg\u00fcltig!<\/strong><\/p>\n<p>Die derzeit vorl\u00e4ufige <a href=\"https:\/\/ov-g20.de\/flohmarkt\/informationen\/fuer-besucher\/ausstellerliste\/\">Ausstellerliste<\/a> findest Du im Men\u00fc unter &#8220;Besucher&#8221;.<\/p>\n<p><em>\u00c4nderungen an der Tischzuteilung sind vorbehalten.<\/em><\/p>\n<\/div><\/div><\/div><\/div><\/div><\/div><\/div><\/section><section class=\"l-section wpb_row height_medium\"><div class=\"l-section-h i-cf\"><div class=\"g-cols vc_row type_default valign_top\"><div class=\"vc_col-sm-12 wpb_column vc_column_container\"><div class=\"vc_column-inner\"><div class=\"wpb_wrapper\">[vc_custom_heading text=&#8221;Foyer&#8221; use_theme_fonts=&#8221;yes&#8221;]<div class=\"w-image align_none\"><a target=\"_blank\" href=\"http:\/\/ov-g20.de\/flohmarkt\/wp-content\/uploads\/sites\/2\/2026\/03\/Lageplan_Foyer_2026.pdf\" rel=\"noopener\" aria-label=\"Link\" class=\"w-image-h\"><img width=\"519\" height=\"480\" src=\"https:\/\/ov-g20.de\/flohmarkt\/wp-content\/uploads\/sites\/2\/2026\/03\/Lageplan_Foyer_2026.jpeg\" class=\"attachment-full size-full\" alt=\"Lageplan Foyer\" loading=\"lazy\" srcset=\"https:\/\/ov-g20.de\/flohmarkt\/wp-content\/uploads\/sites\/2\/2026\/03\/Lageplan_Foyer_2026.jpeg 519w, https:\/\/ov-g20.de\/flohmarkt\/wp-content\/uploads\/sites\/2\/2026\/03\/Lageplan_Foyer_2026-300x277.jpeg 300w\" sizes=\"(max-width: 519px) 100vw, 519px\" \/><\/a><\/div><div class=\"wpb_text_column\" ><div class=\"wpb_wrapper\"><p><a href=\"http:\/\/ov-g20.de\/flohmarkt\/wp-content\/uploads\/sites\/2\/2026\/03\/Lageplan_Foyer_2026.pdf\" target=\"_blank\" rel=\"noopener\"><strong>PDF Foyer als Download<\/strong><\/a><\/p>\n<\/div><\/div><\/div><\/div><\/div><\/div><\/div><\/section><section class=\"l-section wpb_row height_medium\"><div class=\"l-section-h i-cf\"><div class=\"g-cols vc_row type_default valign_top\"><div class=\"vc_col-sm-12 wpb_column vc_column_container\"><div class=\"vc_column-inner\"><div class=\"wpb_wrapper\">[vc_custom_heading text=&#8221;B\u00fcrgerhaus&#8221; use_theme_fonts=&#8221;yes&#8221;]<div class=\"w-image align_none\"><a target=\"_blank\" href=\"http:\/\/ov-g20.de\/flohmarkt\/wp-content\/uploads\/sites\/2\/2026\/03\/Lageplan_Buuergerhaus_2026.pdf\" rel=\"noopener\" aria-label=\"Link\" class=\"w-image-h\"><img width=\"481\" height=\"495\" src=\"https:\/\/ov-g20.de\/flohmarkt\/wp-content\/uploads\/sites\/2\/2026\/03\/Lageplan_Buergerhaus_2026.jpeg\" class=\"attachment-full size-full\" alt=\"Lageplan B\u00fcrgerhaus\" loading=\"lazy\" srcset=\"https:\/\/ov-g20.de\/flohmarkt\/wp-content\/uploads\/sites\/2\/2026\/03\/Lageplan_Buergerhaus_2026.jpeg 481w, https:\/\/ov-g20.de\/flohmarkt\/wp-content\/uploads\/sites\/2\/2026\/03\/Lageplan_Buergerhaus_2026-292x300.jpeg 292w\" sizes=\"(max-width: 481px) 100vw, 481px\" \/><\/a><\/div><div class=\"wpb_text_column\" ><div class=\"wpb_wrapper\"><p><a href=\"http:\/\/ov-g20.de\/flohmarkt\/wp-content\/uploads\/sites\/2\/2026\/03\/Lageplan_Buuergerhaus_2026.pdf\" target=\"_blank\" rel=\"noopener\"><strong>PDF B\u00fcrgerhaus als Download<\/strong><\/a><\/p>\n<\/div><\/div><\/div><\/div><\/div><\/div><\/div><\/section><section class=\"l-section wpb_row height_medium\"><div class=\"l-section-h i-cf\"><div class=\"g-cols vc_row type_default valign_top\"><div class=\"vc_col-sm-12 wpb_column vc_column_container\"><div class=\"vc_column-inner\"><div class=\"wpb_wrapper\">[vc_custom_heading text=&#8221;Sporthalle&#8221; use_theme_fonts=&#8221;yes&#8221;]<div class=\"w-image align_none\"><a target=\"_blank\" href=\"http:\/\/ov-g20.de\/flohmarkt\/wp-content\/uploads\/sites\/2\/2026\/04\/Sporthalle-26_03_22.pdf\" rel=\"noopener\" aria-label=\"Link\" class=\"w-image-h\"><img width=\"1280\" height=\"710\" src=\"https:\/\/ov-g20.de\/flohmarkt\/wp-content\/uploads\/sites\/2\/2026\/04\/sporthalle.jpg\" class=\"attachment-full size-full\" alt=\"\" loading=\"lazy\" srcset=\"https:\/\/ov-g20.de\/flohmarkt\/wp-content\/uploads\/sites\/2\/2026\/04\/sporthalle.jpg 1280w, https:\/\/ov-g20.de\/flohmarkt\/wp-content\/uploads\/sites\/2\/2026\/04\/sporthalle-300x166.jpg 300w, https:\/\/ov-g20.de\/flohmarkt\/wp-content\/uploads\/sites\/2\/2026\/04\/sporthalle-1024x568.jpg 1024w, https:\/\/ov-g20.de\/flohmarkt\/wp-content\/uploads\/sites\/2\/2026\/04\/sporthalle-600x333.jpg 600w\" sizes=\"(max-width: 1280px) 100vw, 1280px\" \/><\/a><\/div><div class=\"wpb_text_column us_custom_a879c8f7\" ><div class=\"wpb_wrapper\"><p><a href=\"http:\/\/ov-g20.de\/flohmarkt\/wp-content\/uploads\/sites\/2\/2026\/04\/Sporthalle-26_03_22.pdf\" target=\"_blank\" rel=\"noopener\"><strong>PDF Sporthalle als Download<\/strong><\/a><\/p>\n<\/div><\/div><\/div><\/div><\/div><\/div><\/div><\/section>\n","protected":false},"excerpt":{"rendered":"Stand der Tischzuteilungen: 22.03.2026 Die Tischnummern sind endg\u00fcltig! Die derzeit vorl\u00e4ufige Ausstellerliste findest Du im Men\u00fc unter &#8220;Besucher&#8221;. \u00c4nderungen an der Tischzuteilung sind vorbehalten. [vc_custom_heading text=\"Foyer\" use_theme_fonts=\"yes\"]PDF Foyer als Download [vc_custom_heading text=\"B\u00fcrgerhaus\" use_theme_fonts=\"yes\"]PDF B\u00fcrgerhaus als Download [vc_custom_heading text=\"Sporthalle\" use_theme_fonts=\"yes\"]PDF Sporthalle als Download","protected":false},"author":1,"featured_media":0,"parent":0,"menu_order":0,"comment_status":"closed","ping_status":"closed","template":"","meta":[],"yoast_head":"<!-- This site is optimized with the Yoast SEO plugin v17.6 - https:\/\/yoast.com\/wordpress\/plugins\/seo\/ -->\n<title>Tischzuteilung - DARC G20 Flohmarkt Bergheim<\/title>\n<meta name=\"robots\" content=\"index, follow, max-snippet:-1, max-image-preview:large, max-video-preview:-1\" \/>\n<link rel=\"canonical\" href=\"https:\/\/ov-g20.de\/flohmarkt\/tischzuteilung\/\" \/>\n<meta property=\"og:locale\" content=\"de_DE\" \/>\n<meta property=\"og:type\" content=\"article\" \/>\n<meta property=\"og:title\" content=\"Tischzuteilung - DARC G20 Flohmarkt Bergheim\" \/>\n<meta property=\"og:url\" content=\"https:\/\/ov-g20.de\/flohmarkt\/tischzuteilung\/\" \/>\n<meta property=\"og:site_name\" content=\"DARC G20 Flohmarkt Bergheim\" \/>\n<meta property=\"article:modified_time\" content=\"2026-04-08T09:52:26+00:00\" \/>\n<meta name=\"twitter:card\" content=\"summary_large_image\" \/>\n<meta name=\"twitter:label1\" content=\"Gesch\u00e4tzte Lesezeit\" \/>\n\t<meta name=\"twitter:data1\" content=\"1 Minute\" \/>\n<script type=\"application\/ld+json\" class=\"yoast-schema-graph\">{\"@context\":\"https:\/\/schema.org\",\"@graph\":[{\"@type\":\"WebSite\",\"@id\":\"https:\/\/ov-g20.de\/flohmarkt\/#website\",\"url\":\"https:\/\/ov-g20.de\/flohmarkt\/\",\"name\":\"DARC G20 Flohmarkt Bergheim\",\"description\":\"Der Treffpunkt im Westen\",\"potentialAction\":[{\"@type\":\"SearchAction\",\"target\":{\"@type\":\"EntryPoint\",\"urlTemplate\":\"https:\/\/ov-g20.de\/flohmarkt\/?s={search_term_string}\"},\"query-input\":\"required name=search_term_string\"}],\"inLanguage\":\"de-DE\"},{\"@type\":\"WebPage\",\"@id\":\"https:\/\/ov-g20.de\/flohmarkt\/tischzuteilung\/#webpage\",\"url\":\"https:\/\/ov-g20.de\/flohmarkt\/tischzuteilung\/\",\"name\":\"Tischzuteilung - DARC G20 Flohmarkt Bergheim\",\"isPartOf\":{\"@id\":\"https:\/\/ov-g20.de\/flohmarkt\/#website\"},\"datePublished\":\"2017-12-08T00:19:35+00:00\",\"dateModified\":\"2026-04-08T09:52:26+00:00\",\"breadcrumb\":{\"@id\":\"https:\/\/ov-g20.de\/flohmarkt\/tischzuteilung\/#breadcrumb\"},\"inLanguage\":\"de-DE\",\"potentialAction\":[{\"@type\":\"ReadAction\",\"target\":[\"https:\/\/ov-g20.de\/flohmarkt\/tischzuteilung\/\"]}]},{\"@type\":\"BreadcrumbList\",\"@id\":\"https:\/\/ov-g20.de\/flohmarkt\/tischzuteilung\/#breadcrumb\",\"itemListElement\":[{\"@type\":\"ListItem\",\"position\":1,\"name\":\"Tischzuteilung\"}]}]}<\/script>\n<!-- \/ Yoast SEO plugin. -->","yoast_head_json":{"title":"Tischzuteilung - DARC G20 Flohmarkt Bergheim","robots":{"index":"index","follow":"follow","max-snippet":"max-snippet:-1","max-image-preview":"max-image-preview:large","max-video-preview":"max-video-preview:-1"},"canonical":"https:\/\/ov-g20.de\/flohmarkt\/tischzuteilung\/","og_locale":"de_DE","og_type":"article","og_title":"Tischzuteilung - DARC G20 Flohmarkt Bergheim","og_url":"https:\/\/ov-g20.de\/flohmarkt\/tischzuteilung\/","og_site_name":"DARC G20 Flohmarkt Bergheim","article_modified_time":"2026-04-08T09:52:26+00:00","twitter_card":"summary_large_image","twitter_misc":{"Gesch\u00e4tzte Lesezeit":"1 Minute"},"schema":{"@context":"https:\/\/schema.org","@graph":[{"@type":"WebSite","@id":"https:\/\/ov-g20.de\/flohmarkt\/#website","url":"https:\/\/ov-g20.de\/flohmarkt\/","name":"DARC G20 Flohmarkt Bergheim","description":"Der Treffpunkt im Westen","potentialAction":[{"@type":"SearchAction","target":{"@type":"EntryPoint","urlTemplate":"https:\/\/ov-g20.de\/flohmarkt\/?s={search_term_string}"},"query-input":"required name=search_term_string"}],"inLanguage":"de-DE"},{"@type":"WebPage","@id":"https:\/\/ov-g20.de\/flohmarkt\/tischzuteilung\/#webpage","url":"https:\/\/ov-g20.de\/flohmarkt\/tischzuteilung\/","name":"Tischzuteilung - DARC G20 Flohmarkt Bergheim","isPartOf":{"@id":"https:\/\/ov-g20.de\/flohmarkt\/#website"},"datePublished":"2017-12-08T00:19:35+00:00","dateModified":"2026-04-08T09:52:26+00:00","breadcrumb":{"@id":"https:\/\/ov-g20.de\/flohmarkt\/tischzuteilung\/#breadcrumb"},"inLanguage":"de-DE","potentialAction":[{"@type":"ReadAction","target":["https:\/\/ov-g20.de\/flohmarkt\/tischzuteilung\/"]}]},{"@type":"BreadcrumbList","@id":"https:\/\/ov-g20.de\/flohmarkt\/tischzuteilung\/#breadcrumb","itemListElement":[{"@type":"ListItem","position":1,"name":"Tischzuteilung"}]}]}},"_links":{"self":[{"href":"https:\/\/ov-g20.de\/flohmarkt\/wp-json\/wp\/v2\/pages\/6653"}],"collection":[{"href":"https:\/\/ov-g20.de\/flohmarkt\/wp-json\/wp\/v2\/pages"}],"about":[{"href":"https:\/\/ov-g20.de\/flohmarkt\/wp-json\/wp\/v2\/types\/page"}],"author":[{"embeddable":true,"href":"https:\/\/ov-g20.de\/flohmarkt\/wp-json\/wp\/v2\/users\/1"}],"replies":[{"embeddable":true,"href":"https:\/\/ov-g20.de\/flohmarkt\/wp-json\/wp\/v2\/comments?post=6653"}],"version-history":[{"count":59,"href":"https:\/\/ov-g20.de\/flohmarkt\/wp-json\/wp\/v2\/pages\/6653\/revisions"}],"predecessor-version":[{"id":11697,"href":"https:\/\/ov-g20.de\/flohmarkt\/wp-json\/wp\/v2\/pages\/6653\/revisions\/11697"}],"wp:attachment":[{"href":"https:\/\/ov-g20.de\/flohmarkt\/wp-json\/wp\/v2\/media?parent=6653"}],"curies":[{"name":"wp","href":"https:\/\/api.w.org\/{rel}","templated":true}]}}