{"id":6664,"date":"2017-12-08T10:41:13","date_gmt":"2017-12-08T09:41:13","guid":{"rendered":"http:\/\/neu.ov-g20.de\/?page_id=6664"},"modified":"2026-01-04T12:51:02","modified_gmt":"2026-01-04T11:51:02","slug":"fuer-besucher","status":"publish","type":"page","link":"https:\/\/ov-g20.de\/flohmarkt\/fuer-besucher\/","title":{"rendered":"Informationen f\u00fcr Besucher"},"content":{"rendered":"<section class=\"l-section wpb_row height_medium\"><div class=\"l-section-h i-cf\"><div class=\"g-cols vc_row type_default valign_top\"><div class=\"vc_col-sm-12 wpb_column vc_column_container\"><div class=\"vc_column-inner\"><div class=\"wpb_wrapper\"><div class=\"wpb_text_column\" ><div class=\"wpb_wrapper\"><div class=\"item-page\">\n<article class=\"art-post\">\n<div class=\"art-postcontent clearfix\">\n<div class=\"art-article\">\n<h2>Termin \/ Uhrzeit<\/h2>\n<p>Der Flohmarkt findet am <strong>9.5.2026<\/strong> statt, und ist f\u00fcr die Besucher in der Zeit von <strong>9:00 Uhr<\/strong> bis <strong>14:00 Uhr<\/strong> ge\u00f6ffnet.<\/p>\n<p>Wir weisen darauf hin, dass im Laufe der Veranstaltung Foto- und Filmaufnahmen get\u00e4tigt werden.<\/p>\n<h2>Eintritt<\/h2>\n<p>Der Eintritt kostet pro Person <strong>5,00 \u20ac<\/strong>.<\/p>\n<p>Eintrittskarten kannst Du bereits vorab \u00fcber unser <a href=\"https:\/\/ov-g20.de\/flohmarkt\/tickets-kaufen\/\">Online Ticket System<\/a> kaufen, oder am Flohmarkttag (<em>m\u00f6glichst passend<\/em>) in bar entrichten.<\/p>\n<p>Nat\u00fcrlich kannst Du Dein Ticket auch am Flohmarkttag in bar an der Kasse erwerben.<\/p>\n<h2>Ich habe ein Online Ticket&#8230;<\/h2>\n<p>Nimm am Flohmarkttag den Online Ticket Eingang. <a href=\"\/flohmarkt\/die-hallen\/\">\u00dcbersicht der Hallen<\/a>. Hier kommst Du zu den oben genannten Uhrzeiten am schnellsten rein.<\/p>\n<h2>Anfahrt<\/h2>\n<p>Eine genaue Anfahrtsbeschreibung findest Du unter <a href=\"\/flohmarkt\/anfahrt\">Anfahrt<\/a>.<\/p>\n<h2>Das Leibliche Wohl<\/h2>\n<p>Unser <strong>Cafeteria<\/strong> Team wird sich auch in diesem Jahr wieder um Dein leibliches Wohl k\u00fcmmern. Kaffee und Kuchen, Erfrischungsgetr\u00e4nke, belegte Br\u00f6tchen, W\u00fcrstchen usw. kannst Du hier zu <strong>fairen Preisen<\/strong> bekommen.<\/p>\n<h2>Parken<\/h2>\n<p>Vor dem B\u00fcrgerhaus ist ein gro\u00dfer <strong>Parkplatz<\/strong>, den Du gerne kostenlos nutzen kannst. Weitere Parkpl\u00e4tze findest Du hinter der angrenzenden <strong>Gesamtschule<\/strong> (ca. 2 Gehminuten entfernt) sowie am <strong>Bahnhof<\/strong> in Bergheim Quadrath (ca. 5 Gehminuten entfernt)<\/p>\n<h2>Verlassen der Flohmarkt Fl\u00e4che<\/h2>\n<p>Wenn Du zwischendurch die Hallen verlassen m\u00f6chtest um zu Rauchen oder Deine Eink\u00e4ufe zum Auto zu bringen, lass Dir bitte am Haupteingang einen Stempel geben. Leider k\u00f6nnen wir ohne diesen Stempel nicht kontrollieren wer bereits bezahlt hat und wer nicht.<br \/>\nDies gilt nat\u00fcrlich auch f\u00fcr die Besitzer eines Online Tickets.<\/p>\n<\/div>\n<\/div>\n<\/article>\n<\/div>\n<\/div><\/div><\/div><\/div><\/div><\/div><\/div><\/section>\n","protected":false},"excerpt":{"rendered":"Termin \/ Uhrzeit Der Flohmarkt findet am 9.5.2026 statt, und ist f\u00fcr die Besucher in der Zeit von 9:00 Uhr bis 14:00 Uhr ge\u00f6ffnet. Wir weisen darauf hin, dass im Laufe der Veranstaltung Foto- und Filmaufnahmen get\u00e4tigt werden. Eintritt Der Eintritt kostet pro Person 5,00 \u20ac. Eintrittskarten kannst Du bereits vorab \u00fcber unser Online Ticket...","protected":false},"author":1,"featured_media":0,"parent":0,"menu_order":0,"comment_status":"closed","ping_status":"closed","template":"","meta":[],"yoast_head":"<!-- This site is optimized with the Yoast SEO plugin v17.6 - https:\/\/yoast.com\/wordpress\/plugins\/seo\/ -->\n<title>Informationen f\u00fcr Besucher - DARC G20 Flohmarkt Bergheim<\/title>\n<meta name=\"robots\" content=\"index, follow, max-snippet:-1, max-image-preview:large, max-video-preview:-1\" \/>\n<link rel=\"canonical\" href=\"https:\/\/ov-g20.de\/flohmarkt\/fuer-besucher\/\" \/>\n<meta property=\"og:locale\" content=\"de_DE\" \/>\n<meta property=\"og:type\" content=\"article\" \/>\n<meta property=\"og:title\" content=\"Informationen f\u00fcr Besucher - DARC G20 Flohmarkt Bergheim\" \/>\n<meta property=\"og:url\" content=\"https:\/\/ov-g20.de\/flohmarkt\/fuer-besucher\/\" \/>\n<meta property=\"og:site_name\" content=\"DARC G20 Flohmarkt Bergheim\" \/>\n<meta property=\"article:modified_time\" content=\"2026-01-04T11:51:02+00:00\" \/>\n<meta name=\"twitter:card\" content=\"summary_large_image\" \/>\n<meta name=\"twitter:label1\" content=\"Gesch\u00e4tzte Lesezeit\" \/>\n\t<meta name=\"twitter:data1\" content=\"1 Minute\" \/>\n<script type=\"application\/ld+json\" class=\"yoast-schema-graph\">{\"@context\":\"https:\/\/schema.org\",\"@graph\":[{\"@type\":\"WebSite\",\"@id\":\"https:\/\/ov-g20.de\/flohmarkt\/#website\",\"url\":\"https:\/\/ov-g20.de\/flohmarkt\/\",\"name\":\"DARC G20 Flohmarkt Bergheim\",\"description\":\"Der Treffpunkt im Westen\",\"potentialAction\":[{\"@type\":\"SearchAction\",\"target\":{\"@type\":\"EntryPoint\",\"urlTemplate\":\"https:\/\/ov-g20.de\/flohmarkt\/?s={search_term_string}\"},\"query-input\":\"required name=search_term_string\"}],\"inLanguage\":\"de-DE\"},{\"@type\":\"WebPage\",\"@id\":\"https:\/\/ov-g20.de\/flohmarkt\/fuer-besucher\/#webpage\",\"url\":\"https:\/\/ov-g20.de\/flohmarkt\/fuer-besucher\/\",\"name\":\"Informationen f\\u00fcr Besucher - DARC G20 Flohmarkt Bergheim\",\"isPartOf\":{\"@id\":\"https:\/\/ov-g20.de\/flohmarkt\/#website\"},\"datePublished\":\"2017-12-08T09:41:13+00:00\",\"dateModified\":\"2026-01-04T11:51:02+00:00\",\"breadcrumb\":{\"@id\":\"https:\/\/ov-g20.de\/flohmarkt\/fuer-besucher\/#breadcrumb\"},\"inLanguage\":\"de-DE\",\"potentialAction\":[{\"@type\":\"ReadAction\",\"target\":[\"https:\/\/ov-g20.de\/flohmarkt\/fuer-besucher\/\"]}]},{\"@type\":\"BreadcrumbList\",\"@id\":\"https:\/\/ov-g20.de\/flohmarkt\/fuer-besucher\/#breadcrumb\",\"itemListElement\":[{\"@type\":\"ListItem\",\"position\":1,\"name\":\"Informationen f\\u00fcr Besucher\"}]}]}<\/script>\n<!-- \/ Yoast SEO plugin. -->","yoast_head_json":{"title":"Informationen f\u00fcr Besucher - DARC G20 Flohmarkt Bergheim","robots":{"index":"index","follow":"follow","max-snippet":"max-snippet:-1","max-image-preview":"max-image-preview:large","max-video-preview":"max-video-preview:-1"},"canonical":"https:\/\/ov-g20.de\/flohmarkt\/fuer-besucher\/","og_locale":"de_DE","og_type":"article","og_title":"Informationen f\u00fcr Besucher - DARC G20 Flohmarkt Bergheim","og_url":"https:\/\/ov-g20.de\/flohmarkt\/fuer-besucher\/","og_site_name":"DARC G20 Flohmarkt Bergheim","article_modified_time":"2026-01-04T11:51:02+00:00","twitter_card":"summary_large_image","twitter_misc":{"Gesch\u00e4tzte Lesezeit":"1 Minute"},"schema":{"@context":"https:\/\/schema.org","@graph":[{"@type":"WebSite","@id":"https:\/\/ov-g20.de\/flohmarkt\/#website","url":"https:\/\/ov-g20.de\/flohmarkt\/","name":"DARC G20 Flohmarkt Bergheim","description":"Der Treffpunkt im Westen","potentialAction":[{"@type":"SearchAction","target":{"@type":"EntryPoint","urlTemplate":"https:\/\/ov-g20.de\/flohmarkt\/?s={search_term_string}"},"query-input":"required name=search_term_string"}],"inLanguage":"de-DE"},{"@type":"WebPage","@id":"https:\/\/ov-g20.de\/flohmarkt\/fuer-besucher\/#webpage","url":"https:\/\/ov-g20.de\/flohmarkt\/fuer-besucher\/","name":"Informationen f\u00fcr Besucher - DARC G20 Flohmarkt Bergheim","isPartOf":{"@id":"https:\/\/ov-g20.de\/flohmarkt\/#website"},"datePublished":"2017-12-08T09:41:13+00:00","dateModified":"2026-01-04T11:51:02+00:00","breadcrumb":{"@id":"https:\/\/ov-g20.de\/flohmarkt\/fuer-besucher\/#breadcrumb"},"inLanguage":"de-DE","potentialAction":[{"@type":"ReadAction","target":["https:\/\/ov-g20.de\/flohmarkt\/fuer-besucher\/"]}]},{"@type":"BreadcrumbList","@id":"https:\/\/ov-g20.de\/flohmarkt\/fuer-besucher\/#breadcrumb","itemListElement":[{"@type":"ListItem","position":1,"name":"Informationen f\u00fcr Besucher"}]}]}},"_links":{"self":[{"href":"https:\/\/ov-g20.de\/flohmarkt\/wp-json\/wp\/v2\/pages\/6664"}],"collection":[{"href":"https:\/\/ov-g20.de\/flohmarkt\/wp-json\/wp\/v2\/pages"}],"about":[{"href":"https:\/\/ov-g20.de\/flohmarkt\/wp-json\/wp\/v2\/types\/page"}],"author":[{"embeddable":true,"href":"https:\/\/ov-g20.de\/flohmarkt\/wp-json\/wp\/v2\/users\/1"}],"replies":[{"embeddable":true,"href":"https:\/\/ov-g20.de\/flohmarkt\/wp-json\/wp\/v2\/comments?post=6664"}],"version-history":[{"count":23,"href":"https:\/\/ov-g20.de\/flohmarkt\/wp-json\/wp\/v2\/pages\/6664\/revisions"}],"predecessor-version":[{"id":11543,"href":"https:\/\/ov-g20.de\/flohmarkt\/wp-json\/wp\/v2\/pages\/6664\/revisions\/11543"}],"wp:attachment":[{"href":"https:\/\/ov-g20.de\/flohmarkt\/wp-json\/wp\/v2\/media?parent=6664"}],"curies":[{"name":"wp","href":"https:\/\/api.w.org\/{rel}","templated":true}]}}