{"id":7363,"date":"2017-12-10T19:37:26","date_gmt":"2017-12-10T18:37:26","guid":{"rendered":"http:\/\/neu.ov-g20.de\/?page_id=7363"},"modified":"2026-04-14T17:50:39","modified_gmt":"2026-04-14T15:50:39","slug":"vortraege","status":"publish","type":"page","link":"https:\/\/ov-g20.de\/flohmarkt\/vortraege\/","title":{"rendered":"Vortr\u00e4ge"},"content":{"rendered":"<section class=\"l-section wpb_row us_custom_4c77c721 height_medium\"><div class=\"l-section-h i-cf\"><div class=\"g-cols vc_row type_default valign_top\"><div class=\"vc_col-sm-12 wpb_column vc_column_container\"><div class=\"vc_column-inner\"><div class=\"wpb_wrapper\"><div class=\"wpb_text_column\" ><div class=\"wpb_wrapper\"><h3>Auch diese Jahr\u00a0 bieten wir Euch wieder einige Vortr\u00e4ge zu folgenden Themen:<\/h3>\n<\/div><\/div><\/div><\/div><\/div><\/div><\/div><\/section><section class=\"l-section wpb_row height_medium\"><div class=\"l-section-h i-cf\"><div class=\"g-cols vc_row type_default valign_top\"><div class=\"vc_col-sm-6 wpb_column vc_column_container\"><div class=\"vc_column-inner\"><div class=\"wpb_wrapper\"><div class=\"w-image align_none\"><div class=\"w-image-h\"><img width=\"255\" height=\"300\" src=\"https:\/\/ov-g20.de\/flohmarkt\/wp-content\/uploads\/sites\/2\/2026\/04\/vortrag2-255x300.jpg\" class=\"attachment-medium size-medium\" alt=\"Rolloantrieb\" loading=\"lazy\" srcset=\"https:\/\/ov-g20.de\/flohmarkt\/wp-content\/uploads\/sites\/2\/2026\/04\/vortrag2-255x300.jpg 255w, https:\/\/ov-g20.de\/flohmarkt\/wp-content\/uploads\/sites\/2\/2026\/04\/vortrag2-600x706.jpg 600w, https:\/\/ov-g20.de\/flohmarkt\/wp-content\/uploads\/sites\/2\/2026\/04\/vortrag2.jpg 723w\" sizes=\"(max-width: 255px) 100vw, 255px\" \/><\/div><\/div><\/div><\/div><\/div><div class=\"vc_col-sm-6 wpb_column vc_column_container\"><div class=\"vc_column-inner\"><div class=\"wpb_wrapper\"><div class=\"wpb_text_column\" ><div class=\"wpb_wrapper\"><h3>10:00 Uhr Olaf DC1KO<\/h3>\n<p><strong>&#8220;Konstruieren statt Basteln \u2013 Effizienter 3D-Druck mit FreeCAD&#8221;<\/strong><\/p>\n<p>Wer Bauteile f\u00fcr den 3D-Druck entwirft, m\u00f6chte unabh\u00e4ngig bleiben.<br \/>\nWeb-Tools sind bequem, aber oft unsicher bez\u00fcglich Kosten und Datenerhalt.<br \/>\nIn diesem Vortrag zeige ich, wie man mit dem kostenlosen FreeCAD die volle Kontrolle beh\u00e4lt.<\/p>\n<p>Kernpunkte:<\/p>\n<ul>\n<li>Warum FreeCAD? Datensouver\u00e4nit\u00e4t und echtes parametrisches Arbeiten.<\/li>\n<li>\u00c4ndern statt Neubau: Wie man durch Tabellen (Spreadsheets) Ma\u00dfe so hinterlegt, dass das Modell bei \u00c4nderungen nicht \u201eauseinanderf\u00e4llt\u201c.<\/li>\n<li>Struktur mit Durchblick: Ein klarer Workflow von der ersten Skizze bis zum fertigen Part, den man auch nach einem Jahr noch versteht.<\/li>\n<\/ul>\n<\/div><\/div><\/div><\/div><\/div><\/div><\/div><\/section><section class=\"l-section wpb_row height_medium\"><div class=\"l-section-h i-cf\"><div class=\"g-cols vc_row type_default valign_top\"><div class=\"vc_col-sm-6 wpb_column vc_column_container\"><div class=\"vc_column-inner\"><div class=\"wpb_wrapper\"><div class=\"w-image align_none\"><div class=\"w-image-h\"><img width=\"300\" height=\"300\" src=\"https:\/\/ov-g20.de\/flohmarkt\/wp-content\/uploads\/sites\/2\/2025\/05\/vortrag-vna-quadrat-300x300.jpg\" class=\"attachment-medium size-medium\" alt=\"\" loading=\"lazy\" srcset=\"https:\/\/ov-g20.de\/flohmarkt\/wp-content\/uploads\/sites\/2\/2025\/05\/vortrag-vna-quadrat-300x300.jpg 300w, https:\/\/ov-g20.de\/flohmarkt\/wp-content\/uploads\/sites\/2\/2025\/05\/vortrag-vna-quadrat-150x150.jpg 150w, https:\/\/ov-g20.de\/flohmarkt\/wp-content\/uploads\/sites\/2\/2025\/05\/vortrag-vna-quadrat-350x350.jpg 350w, https:\/\/ov-g20.de\/flohmarkt\/wp-content\/uploads\/sites\/2\/2025\/05\/vortrag-vna-quadrat-600x600.jpg 600w, https:\/\/ov-g20.de\/flohmarkt\/wp-content\/uploads\/sites\/2\/2025\/05\/vortrag-vna-quadrat-500x500.jpg 500w, https:\/\/ov-g20.de\/flohmarkt\/wp-content\/uploads\/sites\/2\/2025\/05\/vortrag-vna-quadrat.jpg 1015w\" sizes=\"(max-width: 300px) 100vw, 300px\" \/><\/div><\/div><\/div><\/div><\/div><div class=\"vc_col-sm-6 wpb_column vc_column_container\"><div class=\"vc_column-inner\"><div class=\"wpb_wrapper\"><div class=\"wpb_text_column\" ><div class=\"wpb_wrapper\"><h3>11:15 Uhr Reinhard DF1RN und Manfred DH0KAI<\/h3>\n<p><strong>&#8220;Einf\u00fchrung und Potentiale der vektoriellen Netzwerkanalyse f\u00fcr Funkamateure und deren praktische Demonstration&#8221;<\/strong><\/p>\n<p>Bereits im Vorjahr fand der Vortrag zum Thema VNA gro\u00dfe Resonanz.<br \/>\nDieses Jahr erfolgt nach dem ca. 45 min\u00fctigen Vortrag eine 15 min\u00fctige Vorf\u00fchrung von praktischen Messungen an den entwickelten Experimentierplatinen.<br \/>\nDiese Platinen werden auf dem Flohmarkt einem weiteren Interessentenkreis angeboten.<\/p>\n<\/div><\/div><\/div><\/div><\/div><\/div><\/div><\/section>\n","protected":false},"excerpt":{"rendered":"Auch diese Jahr\u00a0 bieten wir Euch wieder einige Vortr\u00e4ge zu folgenden Themen: 10:00 Uhr Olaf DC1KO &#8220;Konstruieren statt Basteln \u2013 Effizienter 3D-Druck mit FreeCAD&#8221; Wer Bauteile f\u00fcr den 3D-Druck entwirft, m\u00f6chte unabh\u00e4ngig bleiben. Web-Tools sind bequem, aber oft unsicher bez\u00fcglich Kosten und Datenerhalt. In diesem Vortrag zeige ich, wie man mit dem kostenlosen FreeCAD die...","protected":false},"author":1,"featured_media":0,"parent":0,"menu_order":0,"comment_status":"closed","ping_status":"closed","template":"","meta":[],"yoast_head":"<!-- This site is optimized with the Yoast SEO plugin v17.6 - https:\/\/yoast.com\/wordpress\/plugins\/seo\/ -->\n<title>Vortr\u00e4ge - DARC G20 Flohmarkt Bergheim<\/title>\n<meta name=\"robots\" content=\"index, follow, max-snippet:-1, max-image-preview:large, max-video-preview:-1\" \/>\n<link rel=\"canonical\" href=\"https:\/\/ov-g20.de\/flohmarkt\/vortraege\/\" \/>\n<meta property=\"og:locale\" content=\"de_DE\" \/>\n<meta property=\"og:type\" content=\"article\" \/>\n<meta property=\"og:title\" content=\"Vortr\u00e4ge - DARC G20 Flohmarkt Bergheim\" \/>\n<meta property=\"og:url\" content=\"https:\/\/ov-g20.de\/flohmarkt\/vortraege\/\" \/>\n<meta property=\"og:site_name\" content=\"DARC G20 Flohmarkt Bergheim\" \/>\n<meta property=\"article:modified_time\" content=\"2026-04-14T15:50:39+00:00\" \/>\n<meta name=\"twitter:card\" content=\"summary_large_image\" \/>\n<meta name=\"twitter:label1\" content=\"Gesch\u00e4tzte Lesezeit\" \/>\n\t<meta name=\"twitter:data1\" content=\"1 Minute\" \/>\n<script type=\"application\/ld+json\" class=\"yoast-schema-graph\">{\"@context\":\"https:\/\/schema.org\",\"@graph\":[{\"@type\":\"WebSite\",\"@id\":\"https:\/\/ov-g20.de\/flohmarkt\/#website\",\"url\":\"https:\/\/ov-g20.de\/flohmarkt\/\",\"name\":\"DARC G20 Flohmarkt Bergheim\",\"description\":\"Der Treffpunkt im Westen\",\"potentialAction\":[{\"@type\":\"SearchAction\",\"target\":{\"@type\":\"EntryPoint\",\"urlTemplate\":\"https:\/\/ov-g20.de\/flohmarkt\/?s={search_term_string}\"},\"query-input\":\"required name=search_term_string\"}],\"inLanguage\":\"de-DE\"},{\"@type\":\"WebPage\",\"@id\":\"https:\/\/ov-g20.de\/flohmarkt\/vortraege\/#webpage\",\"url\":\"https:\/\/ov-g20.de\/flohmarkt\/vortraege\/\",\"name\":\"Vortr\\u00e4ge - DARC G20 Flohmarkt Bergheim\",\"isPartOf\":{\"@id\":\"https:\/\/ov-g20.de\/flohmarkt\/#website\"},\"datePublished\":\"2017-12-10T18:37:26+00:00\",\"dateModified\":\"2026-04-14T15:50:39+00:00\",\"breadcrumb\":{\"@id\":\"https:\/\/ov-g20.de\/flohmarkt\/vortraege\/#breadcrumb\"},\"inLanguage\":\"de-DE\",\"potentialAction\":[{\"@type\":\"ReadAction\",\"target\":[\"https:\/\/ov-g20.de\/flohmarkt\/vortraege\/\"]}]},{\"@type\":\"BreadcrumbList\",\"@id\":\"https:\/\/ov-g20.de\/flohmarkt\/vortraege\/#breadcrumb\",\"itemListElement\":[{\"@type\":\"ListItem\",\"position\":1,\"name\":\"Vortr\\u00e4ge\"}]}]}<\/script>\n<!-- \/ Yoast SEO plugin. -->","yoast_head_json":{"title":"Vortr\u00e4ge - DARC G20 Flohmarkt Bergheim","robots":{"index":"index","follow":"follow","max-snippet":"max-snippet:-1","max-image-preview":"max-image-preview:large","max-video-preview":"max-video-preview:-1"},"canonical":"https:\/\/ov-g20.de\/flohmarkt\/vortraege\/","og_locale":"de_DE","og_type":"article","og_title":"Vortr\u00e4ge - DARC G20 Flohmarkt Bergheim","og_url":"https:\/\/ov-g20.de\/flohmarkt\/vortraege\/","og_site_name":"DARC G20 Flohmarkt Bergheim","article_modified_time":"2026-04-14T15:50:39+00:00","twitter_card":"summary_large_image","twitter_misc":{"Gesch\u00e4tzte Lesezeit":"1 Minute"},"schema":{"@context":"https:\/\/schema.org","@graph":[{"@type":"WebSite","@id":"https:\/\/ov-g20.de\/flohmarkt\/#website","url":"https:\/\/ov-g20.de\/flohmarkt\/","name":"DARC G20 Flohmarkt Bergheim","description":"Der Treffpunkt im Westen","potentialAction":[{"@type":"SearchAction","target":{"@type":"EntryPoint","urlTemplate":"https:\/\/ov-g20.de\/flohmarkt\/?s={search_term_string}"},"query-input":"required name=search_term_string"}],"inLanguage":"de-DE"},{"@type":"WebPage","@id":"https:\/\/ov-g20.de\/flohmarkt\/vortraege\/#webpage","url":"https:\/\/ov-g20.de\/flohmarkt\/vortraege\/","name":"Vortr\u00e4ge - DARC G20 Flohmarkt Bergheim","isPartOf":{"@id":"https:\/\/ov-g20.de\/flohmarkt\/#website"},"datePublished":"2017-12-10T18:37:26+00:00","dateModified":"2026-04-14T15:50:39+00:00","breadcrumb":{"@id":"https:\/\/ov-g20.de\/flohmarkt\/vortraege\/#breadcrumb"},"inLanguage":"de-DE","potentialAction":[{"@type":"ReadAction","target":["https:\/\/ov-g20.de\/flohmarkt\/vortraege\/"]}]},{"@type":"BreadcrumbList","@id":"https:\/\/ov-g20.de\/flohmarkt\/vortraege\/#breadcrumb","itemListElement":[{"@type":"ListItem","position":1,"name":"Vortr\u00e4ge"}]}]}},"_links":{"self":[{"href":"https:\/\/ov-g20.de\/flohmarkt\/wp-json\/wp\/v2\/pages\/7363"}],"collection":[{"href":"https:\/\/ov-g20.de\/flohmarkt\/wp-json\/wp\/v2\/pages"}],"about":[{"href":"https:\/\/ov-g20.de\/flohmarkt\/wp-json\/wp\/v2\/types\/page"}],"author":[{"embeddable":true,"href":"https:\/\/ov-g20.de\/flohmarkt\/wp-json\/wp\/v2\/users\/1"}],"replies":[{"embeddable":true,"href":"https:\/\/ov-g20.de\/flohmarkt\/wp-json\/wp\/v2\/comments?post=7363"}],"version-history":[{"count":23,"href":"https:\/\/ov-g20.de\/flohmarkt\/wp-json\/wp\/v2\/pages\/7363\/revisions"}],"predecessor-version":[{"id":11709,"href":"https:\/\/ov-g20.de\/flohmarkt\/wp-json\/wp\/v2\/pages\/7363\/revisions\/11709"}],"wp:attachment":[{"href":"https:\/\/ov-g20.de\/flohmarkt\/wp-json\/wp\/v2\/media?parent=7363"}],"curies":[{"name":"wp","href":"https:\/\/api.w.org\/{rel}","templated":true}]}}