{"id":7399,"date":"2017-12-10T23:23:51","date_gmt":"2017-12-10T22:23:51","guid":{"rendered":"http:\/\/neu.ov-g20.de\/?page_id=7399"},"modified":"2026-04-03T11:53:51","modified_gmt":"2026-04-03T09:53:51","slug":"tisch-reservieren","status":"publish","type":"page","link":"https:\/\/ov-g20.de\/flohmarkt\/tisch-reservieren\/","title":{"rendered":"Tisch reservieren"},"content":{"rendered":"<section class=\"l-section wpb_row height_medium\"><div class=\"l-section-h i-cf\"><div class=\"g-cols vc_row type_default valign_top\"><div class=\"vc_col-sm-12 wpb_column vc_column_container\"><div class=\"vc_column-inner\"><div class=\"wpb_wrapper\"><div class=\"wpb_text_column\" ><div class=\"wpb_wrapper\"><h2>Wir sind ausgebucht!<\/h2>\n<p><strong>Alle Tische sind vergeben. Ab jetzt f\u00fchren wir eine Warteliste.<\/strong><\/p>\n<p>Damit wir Dich auf die Warteliste setzen melde Dich bitte bei unserem Flohmarkt Team per E-Mail <span id=\"cloakde736bc4114dfc51d2e192e4b5ff4229\"><a href=\"&#x6d;&#x61;&#x69;&#x6c;&#x74;&#x6f;&#x3a;&#x66;&#x6c;&#x6f;&#x68;&#109;&#97;&#114;&#107;&#116;&#64;&#111;v-g20&#46;&#x64;&#x65;\" target=\"_blank\" rel=\"noopener noreferrer\">f&#108;&#x6f;&#x68;m&#97;&#x72;&#x6b;t&#64;&#111;&#x76;&#x2d;g&#50;&#x30;&#x2e;d&#101;<\/a><\/span> oder per Telefon unter 02238 \/ 448006<\/p>\n<p>Hier kannst Du Deine ben\u00f6tigten Tische online reservieren. Die Preise pro Tisch (1,2m x 0,6m) betragen 10,00 \u20ac.<br \/>\nEin Doppeltisch (1,20m x 1,20m) ist auch m\u00f6glich.<\/p>\n<p>Bitte w\u00e4hle aus, ob Du lieber in der Sporthalle, im B\u00fcrgerhaus oder im Foyer reservieren m\u00f6chtest.<\/p>\n<p>Wir senden Dir die Reservierung per Email. Solltest Du diese nicht erhalten, pr\u00fcfe bitte zun\u00e4chst Deinen Spam Ordner.<\/p>\n<p><strong>Pro Tisch sind bereits Aussteller-Tickets inklusive.<\/strong><br \/>\n<strong>Bei einem Tisch, egal ob Einzel- oder Doppeltisch, (1 x Eintritt inklusive), bei 2-4 Tischen (2 x Eintritt inklusive), bei 5-6 Tischen (3 x Eintritt inklusive), bei 7-8 Tischen (4 x Eintritt inklusive), ab 9 Tischen 5 x Eintritt inklusive.<\/strong><br \/>\n<strong>Solltest Du dennoch weitere Aussteller-Tickets ben\u00f6tigen kannst Du Diese bequem mit buchen.<br \/>\n<span style=\"color: black;\">Aussteller-Tickets sind nur in Kombination mit einer Tisch-Reservierung m\u00f6glich.<\/span><\/strong><\/p>\n\r\n\t\t\t<div class='mt-order'>\r\n\t\t\t\t<div class='mt-response' id='mt-response-9691' aria-live='assertive'><\/div>\r\n\t\t\t\t\r\n\t\t\t\t\r\n\t\t\t\t\r\n\t\t\t\t<form action='https:\/\/ov-g20.de\/flohmarkt\/tisch-reservieren\/' method='POST' class='ticket-orders' id='order-tickets' tabindex='-1'>\r\n\t\t\t\t\t<div>\r\n\t\t\t\t\t\t<input type=\"hidden\" id=\"_wpnonce\" name=\"_wpnonce\" value=\"9c458453fb\" \/><input type=\"hidden\" name=\"_wp_http_referer\" value=\"\/flohmarkt\/wp-json\/wp\/v2\/pages\/7399\" \/>\r\n\t\t\t\t\t\t<input type='hidden' name='mt_event_id' value='9691' \/>\r\n\t\t\t\t\t<\/div>\r\n\t\t\t\t\t<fieldset>\r\n\t\t\t\t\t<legend><!-- Event ID: 9691 -->Tisch Buchung<\/legend>\r\n\t\t\t\t\t\t\r\n\t\t\t\t\t\t<p class='mt-error-msg'>Bitte pr\u00fcfe Deine Eingabe!<\/p>\r\n\t\t\t\t\t\t<div class='mt-ticket-field mt-ticket-tisch-sporthalle-120x60 mt-sold-out'><label for='mt_tickets_tisch-sporthalle-120x60_9691' id='mt_tickets_label_tisch-sporthalle-120x60_9691'>Tisch Sporthalle 120x60<\/label><input type='number' name='mt_tickets[tisch-sporthalle-120x60]' id='mt_tickets_tisch-sporthalle-120x60_9691' class='tickets_field' value='0'  min='0' max='0' readonly=\"readonly\" aria-labelledby='mt_tickets_label_tisch-sporthalle-120x60_9691 mt_tickets_data_tisch-sporthalle-120x60' disabled=\"disabled\" \/><span id='mt_tickets_data_tisch-sporthalle-120x60' class='mt-pricing-label ticket-pricing hiding'><span class=\"price\">10,00<\/span> \u20ac<span class=\"tickets-remaining\"> &nbsp;&nbsp;<span class='value remaining-tickets'>0<\/span>\/<span class='ticket-count'>149<\/span> verf\u00fcgbar<\/span><\/span><span class='mt-error-notice' aria-live='assertive'><\/span><\/div><div class='mt-ticket-field mt-ticket-doppel-tisch-sporthalle-120x120 mt-sold-out'><label for='mt_tickets_doppel-tisch-sporthalle-120x120_9691' id='mt_tickets_label_doppel-tisch-sporthalle-120x120_9691'>Doppel-Tisch Sporthalle 120x120<\/label><input type='number' name='mt_tickets[doppel-tisch-sporthalle-120x120]' id='mt_tickets_doppel-tisch-sporthalle-120x120_9691' class='tickets_field' value='0'  min='0' max='0' readonly=\"readonly\" aria-labelledby='mt_tickets_label_doppel-tisch-sporthalle-120x120_9691 mt_tickets_data_doppel-tisch-sporthalle-120x120' disabled=\"disabled\" \/><span id='mt_tickets_data_doppel-tisch-sporthalle-120x120' class='mt-pricing-label ticket-pricing hiding'><span class=\"price\">20,00<\/span> \u20ac<span class=\"tickets-remaining\"> &nbsp;&nbsp;<span class='value remaining-tickets'>0<\/span>\/<span class='ticket-count'>11<\/span> verf\u00fcgbar<\/span><\/span><span class='mt-error-notice' aria-live='assertive'><\/span><\/div><div class='mt-ticket-field mt-ticket-tisch-buergerhaus-120x60 mt-sold-out'><label for='mt_tickets_tisch-buergerhaus-120x60_9691' id='mt_tickets_label_tisch-buergerhaus-120x60_9691'>Tisch B\u00fcrgerhaus 120x60<\/label><input type='number' name='mt_tickets[tisch-buergerhaus-120x60]' id='mt_tickets_tisch-buergerhaus-120x60_9691' class='tickets_field' value='0'  min='0' max='0' readonly=\"readonly\" aria-labelledby='mt_tickets_label_tisch-buergerhaus-120x60_9691 mt_tickets_data_tisch-buergerhaus-120x60' disabled=\"disabled\" \/><span id='mt_tickets_data_tisch-buergerhaus-120x60' class='mt-pricing-label ticket-pricing hiding'><span class=\"price\">10,00<\/span> \u20ac<span class=\"tickets-remaining\"> &nbsp;&nbsp;<span class='value remaining-tickets'>0<\/span>\/<span class='ticket-count'>76<\/span> verf\u00fcgbar<\/span><\/span><span class='mt-error-notice' aria-live='assertive'><\/span><\/div><div class='mt-ticket-field mt-ticket-tisch-foyer-120x60 mt-available'><label for='mt_tickets_tisch-foyer-120x60_9691' id='mt_tickets_label_tisch-foyer-120x60_9691'>Tisch Foyer 120x60<\/label><input type='number' name='mt_tickets[tisch-foyer-120x60]' id='mt_tickets_tisch-foyer-120x60_9691' class='tickets_field' value='0'  min='0' max='2' aria-labelledby='mt_tickets_label_tisch-foyer-120x60_9691 mt_tickets_data_tisch-foyer-120x60' \/><span id='mt_tickets_data_tisch-foyer-120x60' class='mt-pricing-label ticket-pricing hiding'><span class=\"price\">10,00<\/span> \u20ac<span class=\"tickets-remaining\"> &nbsp;&nbsp;<span class='value remaining-tickets'>2<\/span>\/<span class='ticket-count'>16<\/span> verf\u00fcgbar<\/span><\/span><span class='mt-error-notice' aria-live='assertive'><\/span><\/div><div class='mt-ticket-field mt-ticket-aussteller-ticket mt-sold-out'><label for='mt_tickets_aussteller-ticket_9691' id='mt_tickets_label_aussteller-ticket_9691'>Aussteller-Ticket<\/label><input type='number' name='mt_tickets[aussteller-ticket]' id='mt_tickets_aussteller-ticket_9691' class='tickets_field' value='0'  min='0' max='0' readonly=\"readonly\" aria-labelledby='mt_tickets_label_aussteller-ticket_9691 mt_tickets_data_aussteller-ticket' disabled=\"disabled\" \/><span id='mt_tickets_data_aussteller-ticket' class='mt-pricing-label ticket-pricing hiding'><span class=\"price\">10,00<\/span> \u20ac<span class=\"tickets-remaining\"> &nbsp;&nbsp;<span class='value remaining-tickets'>0<\/span>\/<span class='ticket-count'>7<\/span> verf\u00fcgbar<\/span><\/span><span class='mt-error-notice' aria-live='assertive'><\/span><\/div><div class='mt-ticket-field mt-ticket-doppel-tisch-buergerhaus-120x120 mt-sold-out'><label for='mt_tickets_doppel-tisch-buergerhaus-120x120_9691' id='mt_tickets_label_doppel-tisch-buergerhaus-120x120_9691'>Doppel-Tisch B\u00fcrgerhaus 120x120<\/label><input type='number' name='mt_tickets[doppel-tisch-buergerhaus-120x120]' id='mt_tickets_doppel-tisch-buergerhaus-120x120_9691' class='tickets_field' value='0'  min='0' max='0' readonly=\"readonly\" aria-labelledby='mt_tickets_label_doppel-tisch-buergerhaus-120x120_9691 mt_tickets_data_doppel-tisch-buergerhaus-120x120' disabled=\"disabled\" \/><span id='mt_tickets_data_doppel-tisch-buergerhaus-120x120' class='mt-pricing-label ticket-pricing hiding'><span class=\"price\">20,00<\/span> \u20ac<span class=\"tickets-remaining\"> &nbsp;&nbsp;<span class='value remaining-tickets'>0<\/span>\/<span class='ticket-count'>0<\/span> verf\u00fcgbar<\/span><\/span><span class='mt-error-notice' aria-live='assertive'><\/span><\/div><p>\r\n\t\t\t\t\t\t<button type='submit' name='mt_add_to_cart'>In den Warenkorb<span class='mt-processing'><img src='https:\/\/ov-g20.de\/flohmarkt\/wp-admin\/images\/spinner-2x.gif' alt='Bearbeite' \/><\/span><\/button>\r\n\t\t\t\t\t\t<input type='hidden' name='my-tickets' value='true' \/>\r\n\t\t\t\t\t\t<\/p>\r\n\t\t\t\t\t<\/fieldset>\r\n\t\t\t\t<\/form>\r\n\t\t\t<\/div>\n<p>&nbsp;<\/p>\n<p><strong><span style=\"color: red;\">Es stehen nicht mehr gen\u00fcgend Tische zur Verf\u00fcgung? Du m\u00f6chtest aber noch unbedingt als Aussteller an unserem Flohmarkt teilnehmen? Dann melde Dich bitte bei unserem Flohmarkt Team per E-Mail <span id=\"cloakde736bc4114dfc51d2e192e4b5ff4229\"><a href=\"m&#97;&#x69;&#x6c;t&#111;&#x3a;&#x66;l&#111;&#104;&#x6d;&#x61;r&#107;&#x74;&#x40;o&#118;&#x2d;&#x67;2&#48;&#46;&#x64;&#x65;\" target=\"_blank\" rel=\"noopener noreferrer\">flohmarkt&#64;ov&#45;&#103;&#50;&#48;&#46;&#100;&#101;<\/a><\/span> oder per Telefon unter 02238 \/ 448006<\/span><\/strong><\/p>\n<\/div><\/div><\/div><\/div><\/div><\/div><\/div><\/section>\n","protected":false},"excerpt":{"rendered":"Wir sind ausgebucht! Alle Tische sind vergeben. Ab jetzt f\u00fchren wir eine Warteliste. Damit wir Dich auf die Warteliste setzen melde Dich bitte bei unserem Flohmarkt Team per E-Mail &#x66;&#108;&#x6f;&#104;m&#x61;&#114;k&#x74;&#64;&#x6f;&#x76;-&#x67;&#50;0&#x2e;&#100;&#x65; oder per Telefon unter 02238 \/ 448006 Hier kannst Du Deine ben\u00f6tigten Tische online reservieren. Die Preise pro Tisch (1,2m x 0,6m) betragen 10,00 \u20ac....","protected":false},"author":1,"featured_media":0,"parent":0,"menu_order":0,"comment_status":"closed","ping_status":"closed","template":"","meta":[],"yoast_head":"<!-- This site is optimized with the Yoast SEO plugin v17.6 - https:\/\/yoast.com\/wordpress\/plugins\/seo\/ -->\n<title>Tisch reservieren - DARC G20 Flohmarkt Bergheim<\/title>\n<meta name=\"robots\" content=\"index, follow, max-snippet:-1, max-image-preview:large, max-video-preview:-1\" \/>\n<link rel=\"canonical\" href=\"https:\/\/ov-g20.de\/flohmarkt\/tisch-reservieren\/\" \/>\n<meta property=\"og:locale\" content=\"de_DE\" \/>\n<meta property=\"og:type\" content=\"article\" \/>\n<meta property=\"og:title\" content=\"Tisch reservieren - DARC G20 Flohmarkt Bergheim\" \/>\n<meta property=\"og:url\" content=\"https:\/\/ov-g20.de\/flohmarkt\/tisch-reservieren\/\" \/>\n<meta property=\"og:site_name\" content=\"DARC G20 Flohmarkt Bergheim\" \/>\n<meta property=\"article:modified_time\" content=\"2026-04-03T09:53:51+00:00\" \/>\n<meta name=\"twitter:card\" content=\"summary_large_image\" \/>\n<meta name=\"twitter:label1\" content=\"Gesch\u00e4tzte Lesezeit\" \/>\n\t<meta name=\"twitter:data1\" content=\"1 Minute\" \/>\n<script type=\"application\/ld+json\" class=\"yoast-schema-graph\">{\"@context\":\"https:\/\/schema.org\",\"@graph\":[{\"@type\":\"WebSite\",\"@id\":\"https:\/\/ov-g20.de\/flohmarkt\/#website\",\"url\":\"https:\/\/ov-g20.de\/flohmarkt\/\",\"name\":\"DARC G20 Flohmarkt Bergheim\",\"description\":\"Der Treffpunkt im Westen\",\"potentialAction\":[{\"@type\":\"SearchAction\",\"target\":{\"@type\":\"EntryPoint\",\"urlTemplate\":\"https:\/\/ov-g20.de\/flohmarkt\/?s={search_term_string}\"},\"query-input\":\"required name=search_term_string\"}],\"inLanguage\":\"de-DE\"},{\"@type\":\"WebPage\",\"@id\":\"https:\/\/ov-g20.de\/flohmarkt\/tisch-reservieren\/#webpage\",\"url\":\"https:\/\/ov-g20.de\/flohmarkt\/tisch-reservieren\/\",\"name\":\"Tisch reservieren - DARC G20 Flohmarkt Bergheim\",\"isPartOf\":{\"@id\":\"https:\/\/ov-g20.de\/flohmarkt\/#website\"},\"datePublished\":\"2017-12-10T22:23:51+00:00\",\"dateModified\":\"2026-04-03T09:53:51+00:00\",\"breadcrumb\":{\"@id\":\"https:\/\/ov-g20.de\/flohmarkt\/tisch-reservieren\/#breadcrumb\"},\"inLanguage\":\"de-DE\",\"potentialAction\":[{\"@type\":\"ReadAction\",\"target\":[\"https:\/\/ov-g20.de\/flohmarkt\/tisch-reservieren\/\"]}]},{\"@type\":\"BreadcrumbList\",\"@id\":\"https:\/\/ov-g20.de\/flohmarkt\/tisch-reservieren\/#breadcrumb\",\"itemListElement\":[{\"@type\":\"ListItem\",\"position\":1,\"name\":\"Tisch reservieren\"}]}]}<\/script>\n<!-- \/ Yoast SEO plugin. -->","yoast_head_json":{"title":"Tisch reservieren - DARC G20 Flohmarkt Bergheim","robots":{"index":"index","follow":"follow","max-snippet":"max-snippet:-1","max-image-preview":"max-image-preview:large","max-video-preview":"max-video-preview:-1"},"canonical":"https:\/\/ov-g20.de\/flohmarkt\/tisch-reservieren\/","og_locale":"de_DE","og_type":"article","og_title":"Tisch reservieren - DARC G20 Flohmarkt Bergheim","og_url":"https:\/\/ov-g20.de\/flohmarkt\/tisch-reservieren\/","og_site_name":"DARC G20 Flohmarkt Bergheim","article_modified_time":"2026-04-03T09:53:51+00:00","twitter_card":"summary_large_image","twitter_misc":{"Gesch\u00e4tzte Lesezeit":"1 Minute"},"schema":{"@context":"https:\/\/schema.org","@graph":[{"@type":"WebSite","@id":"https:\/\/ov-g20.de\/flohmarkt\/#website","url":"https:\/\/ov-g20.de\/flohmarkt\/","name":"DARC G20 Flohmarkt Bergheim","description":"Der Treffpunkt im Westen","potentialAction":[{"@type":"SearchAction","target":{"@type":"EntryPoint","urlTemplate":"https:\/\/ov-g20.de\/flohmarkt\/?s={search_term_string}"},"query-input":"required name=search_term_string"}],"inLanguage":"de-DE"},{"@type":"WebPage","@id":"https:\/\/ov-g20.de\/flohmarkt\/tisch-reservieren\/#webpage","url":"https:\/\/ov-g20.de\/flohmarkt\/tisch-reservieren\/","name":"Tisch reservieren - DARC G20 Flohmarkt Bergheim","isPartOf":{"@id":"https:\/\/ov-g20.de\/flohmarkt\/#website"},"datePublished":"2017-12-10T22:23:51+00:00","dateModified":"2026-04-03T09:53:51+00:00","breadcrumb":{"@id":"https:\/\/ov-g20.de\/flohmarkt\/tisch-reservieren\/#breadcrumb"},"inLanguage":"de-DE","potentialAction":[{"@type":"ReadAction","target":["https:\/\/ov-g20.de\/flohmarkt\/tisch-reservieren\/"]}]},{"@type":"BreadcrumbList","@id":"https:\/\/ov-g20.de\/flohmarkt\/tisch-reservieren\/#breadcrumb","itemListElement":[{"@type":"ListItem","position":1,"name":"Tisch reservieren"}]}]}},"_links":{"self":[{"href":"https:\/\/ov-g20.de\/flohmarkt\/wp-json\/wp\/v2\/pages\/7399"}],"collection":[{"href":"https:\/\/ov-g20.de\/flohmarkt\/wp-json\/wp\/v2\/pages"}],"about":[{"href":"https:\/\/ov-g20.de\/flohmarkt\/wp-json\/wp\/v2\/types\/page"}],"author":[{"embeddable":true,"href":"https:\/\/ov-g20.de\/flohmarkt\/wp-json\/wp\/v2\/users\/1"}],"replies":[{"embeddable":true,"href":"https:\/\/ov-g20.de\/flohmarkt\/wp-json\/wp\/v2\/comments?post=7399"}],"version-history":[{"count":35,"href":"https:\/\/ov-g20.de\/flohmarkt\/wp-json\/wp\/v2\/pages\/7399\/revisions"}],"predecessor-version":[{"id":11657,"href":"https:\/\/ov-g20.de\/flohmarkt\/wp-json\/wp\/v2\/pages\/7399\/revisions\/11657"}],"wp:attachment":[{"href":"https:\/\/ov-g20.de\/flohmarkt\/wp-json\/wp\/v2\/media?parent=7399"}],"curies":[{"name":"wp","href":"https:\/\/api.w.org\/{rel}","templated":true}]}}