{"id":7586,"date":"2017-12-15T18:43:18","date_gmt":"2017-12-15T17:43:18","guid":{"rendered":"http:\/\/neu.ov-g20.de\/?page_id=7586"},"modified":"2026-01-04T17:07:11","modified_gmt":"2026-01-04T16:07:11","slug":"tickets-kaufen","status":"publish","type":"page","link":"https:\/\/ov-g20.de\/flohmarkt\/tickets-kaufen\/","title":{"rendered":"Tickets kaufen"},"content":{"rendered":"<section class=\"l-section wpb_row us_custom_19b02f41 height_medium\"><div class=\"l-section-h i-cf\"><div class=\"g-cols vc_row type_default valign_top\"><div class=\"vc_col-sm-12 wpb_column vc_column_container\"><div class=\"vc_column-inner\"><div class=\"wpb_wrapper\"><div class=\"wpb_text_column\" ><div class=\"wpb_wrapper\"><p><!--<strong>Der Ticket Verkauf startet am 18.2.2024.<\/strong>--><br \/>\nAm einfachsten und schnellsten ist es das Ticket per PayPal zu bezahlen.<br \/>\nBank\u00fcberweisung ist aber nach wie vor ebenfalls m\u00f6glich.<\/p>\n<p>Aber auch wenn Ihr kein PayPal Konto habt k\u00f6nnt Ihr wie folgt vorgehen:<\/p>\n<ol>\n<li>W\u00e4hlt beim Bezahlvorgang <strong>PayPal<\/strong> aus.<\/li>\n<li>Klickt unter dem Login auf <strong>\u201eMit Lastschrift oder Kreditkarte\u201c<\/strong> bzw. <strong>\u201eSie haben kein PayPal-Konto?\u201c<\/strong>.<\/li>\n<li>Hier k\u00f6nnt ihr nun <strong>Kreditkarten- <\/strong>oder <strong>Bankdaten<\/strong> eingeben, um PayPal die Erlaubnis zu erteilen, von dem jeweiligen Zahlungsmittel das Geld einzuholen.<\/li>\n<li>Setzt einen <strong>Haken<\/strong>, dass ihr die Datenschutzerkl\u00e4rung und AGB akzeptiert.<\/li>\n<li>Schlie\u00dft den Bezahlvorgang ab, indem ihr auf <strong>\u201eZustimmen und weiter\u201c<\/strong> klickt, wenn ihr einverstanden seid und alle Daten korrekt eingegeben habt.<\/li>\n<\/ol>\n<p>Wir senden Dir das Ticket per Email. Solltest Du es nicht erhalten, pr\u00fcfe bitte zun\u00e4chst Deinen Spam Ordner.<\/p>\n<p>Du kannst das Ticket auf einem Smartphone direkt benutzen (Online-Ticket) oder ausdrucken und dann zum Flohmarkt mitbringen.<\/p>\n<p>Du hast Fragen rund um das Ticket? Lies die <a href=\"http:\/\/ov-g20.de\/flohmarkt\/informationen\/fuer-besucher\/tickets-faq\/\">FAQ<\/a> oder schreibe uns eine E-Mail.<\/p>\n<\/div><\/div><div class=\"wpb_text_column\" ><div class=\"wpb_wrapper\">\r\n\t\t\t<div class='mt-order'>\r\n\t\t\t\t<div class='mt-response' id='mt-response-7495' aria-live='assertive'><\/div>\r\n\t\t\t\t\r\n\t\t\t\t\r\n\t\t\t\t\r\n\t\t\t\t<form action='https:\/\/ov-g20.de\/flohmarkt\/tickets-kaufen\/' method='POST' class='ticket-orders' id='order-tickets' tabindex='-1'>\r\n\t\t\t\t\t<div>\r\n\t\t\t\t\t\t<input type=\"hidden\" id=\"_wpnonce\" name=\"_wpnonce\" value=\"9c458453fb\" \/><input type=\"hidden\" name=\"_wp_http_referer\" value=\"\/flohmarkt\/wp-json\/wp\/v2\/pages\/7586\" \/>\r\n\t\t\t\t\t\t<input type='hidden' name='mt_event_id' value='7495' \/>\r\n\t\t\t\t\t<\/div>\r\n\t\t\t\t\t<fieldset>\r\n\t\t\t\t\t<legend><!-- Event ID: 7495 -->Eintrittskarten kaufen<\/legend>\r\n\t\t\t\t\t\t\r\n\t\t\t\t\t\t<p class='mt-error-msg'>Bitte pr\u00fcfe Deine Eingabe!<\/p>\r\n\t\t\t\t\t\t<div class='mt-ticket-field mt-ticket-besucher-ticket mt-available'><label for='mt_tickets_besucher-ticket_7495' id='mt_tickets_label_besucher-ticket_7495'>Besucher-Ticket<\/label><input type='number' name='mt_tickets[besucher-ticket]' id='mt_tickets_besucher-ticket_7495' class='tickets_field' value='0'  min='0' max='328' aria-labelledby='mt_tickets_label_besucher-ticket_7495 mt_tickets_data_besucher-ticket' \/><span id='mt_tickets_data_besucher-ticket' class='mt-pricing-label ticket-pricing hiding'><span class=\"price\">5,00<\/span> \u20ac<span class=\"tickets-remaining\"> &nbsp;&nbsp;<span class='value remaining-tickets'>328<\/span>\/<span class='ticket-count'>400<\/span> verf\u00fcgbar<\/span><\/span><span class='mt-error-notice' aria-live='assertive'><\/span><\/div><p>\r\n\t\t\t\t\t\t<button type='submit' name='mt_add_to_cart'>In den Warenkorb<span class='mt-processing'><img src='https:\/\/ov-g20.de\/flohmarkt\/wp-admin\/images\/spinner-2x.gif' alt='Bearbeite' \/><\/span><\/button>\r\n\t\t\t\t\t\t<input type='hidden' name='my-tickets' value='true' \/>\r\n\t\t\t\t\t\t<\/p>\r\n\t\t\t\t\t<\/fieldset>\r\n\t\t\t\t<\/form>\r\n\t\t\t<\/div>\n<\/div><\/div><\/div><\/div><\/div><\/div><\/div><\/section>\n","protected":false},"excerpt":{"rendered":"Am einfachsten und schnellsten ist es das Ticket per PayPal zu bezahlen. Bank\u00fcberweisung ist aber nach wie vor ebenfalls m\u00f6glich. Aber auch wenn Ihr kein PayPal Konto habt k\u00f6nnt Ihr wie folgt vorgehen: W\u00e4hlt beim Bezahlvorgang PayPal aus. Klickt unter dem Login auf \u201eMit Lastschrift oder Kreditkarte\u201c bzw. \u201eSie haben kein PayPal-Konto?\u201c. Hier k\u00f6nnt ihr...","protected":false},"author":1,"featured_media":0,"parent":0,"menu_order":0,"comment_status":"closed","ping_status":"closed","template":"","meta":[],"yoast_head":"<!-- This site is optimized with the Yoast SEO plugin v17.6 - https:\/\/yoast.com\/wordpress\/plugins\/seo\/ -->\n<title>Tickets kaufen - DARC G20 Flohmarkt Bergheim<\/title>\n<meta name=\"robots\" content=\"index, follow, max-snippet:-1, max-image-preview:large, max-video-preview:-1\" \/>\n<link rel=\"canonical\" href=\"https:\/\/ov-g20.de\/flohmarkt\/tickets-kaufen\/\" \/>\n<meta property=\"og:locale\" content=\"de_DE\" \/>\n<meta property=\"og:type\" content=\"article\" \/>\n<meta property=\"og:title\" content=\"Tickets kaufen - DARC G20 Flohmarkt Bergheim\" \/>\n<meta property=\"og:url\" content=\"https:\/\/ov-g20.de\/flohmarkt\/tickets-kaufen\/\" \/>\n<meta property=\"og:site_name\" content=\"DARC G20 Flohmarkt Bergheim\" \/>\n<meta property=\"article:modified_time\" content=\"2026-01-04T16:07:11+00:00\" \/>\n<meta name=\"twitter:card\" content=\"summary_large_image\" \/>\n<meta name=\"twitter:label1\" content=\"Gesch\u00e4tzte Lesezeit\" \/>\n\t<meta name=\"twitter:data1\" content=\"1 Minute\" \/>\n<script type=\"application\/ld+json\" class=\"yoast-schema-graph\">{\"@context\":\"https:\/\/schema.org\",\"@graph\":[{\"@type\":\"WebSite\",\"@id\":\"https:\/\/ov-g20.de\/flohmarkt\/#website\",\"url\":\"https:\/\/ov-g20.de\/flohmarkt\/\",\"name\":\"DARC G20 Flohmarkt Bergheim\",\"description\":\"Der Treffpunkt im Westen\",\"potentialAction\":[{\"@type\":\"SearchAction\",\"target\":{\"@type\":\"EntryPoint\",\"urlTemplate\":\"https:\/\/ov-g20.de\/flohmarkt\/?s={search_term_string}\"},\"query-input\":\"required name=search_term_string\"}],\"inLanguage\":\"de-DE\"},{\"@type\":\"WebPage\",\"@id\":\"https:\/\/ov-g20.de\/flohmarkt\/tickets-kaufen\/#webpage\",\"url\":\"https:\/\/ov-g20.de\/flohmarkt\/tickets-kaufen\/\",\"name\":\"Tickets kaufen - DARC G20 Flohmarkt Bergheim\",\"isPartOf\":{\"@id\":\"https:\/\/ov-g20.de\/flohmarkt\/#website\"},\"datePublished\":\"2017-12-15T17:43:18+00:00\",\"dateModified\":\"2026-01-04T16:07:11+00:00\",\"breadcrumb\":{\"@id\":\"https:\/\/ov-g20.de\/flohmarkt\/tickets-kaufen\/#breadcrumb\"},\"inLanguage\":\"de-DE\",\"potentialAction\":[{\"@type\":\"ReadAction\",\"target\":[\"https:\/\/ov-g20.de\/flohmarkt\/tickets-kaufen\/\"]}]},{\"@type\":\"BreadcrumbList\",\"@id\":\"https:\/\/ov-g20.de\/flohmarkt\/tickets-kaufen\/#breadcrumb\",\"itemListElement\":[{\"@type\":\"ListItem\",\"position\":1,\"name\":\"Tickets kaufen\"}]}]}<\/script>\n<!-- \/ Yoast SEO plugin. -->","yoast_head_json":{"title":"Tickets kaufen - DARC G20 Flohmarkt Bergheim","robots":{"index":"index","follow":"follow","max-snippet":"max-snippet:-1","max-image-preview":"max-image-preview:large","max-video-preview":"max-video-preview:-1"},"canonical":"https:\/\/ov-g20.de\/flohmarkt\/tickets-kaufen\/","og_locale":"de_DE","og_type":"article","og_title":"Tickets kaufen - DARC G20 Flohmarkt Bergheim","og_url":"https:\/\/ov-g20.de\/flohmarkt\/tickets-kaufen\/","og_site_name":"DARC G20 Flohmarkt Bergheim","article_modified_time":"2026-01-04T16:07:11+00:00","twitter_card":"summary_large_image","twitter_misc":{"Gesch\u00e4tzte Lesezeit":"1 Minute"},"schema":{"@context":"https:\/\/schema.org","@graph":[{"@type":"WebSite","@id":"https:\/\/ov-g20.de\/flohmarkt\/#website","url":"https:\/\/ov-g20.de\/flohmarkt\/","name":"DARC G20 Flohmarkt Bergheim","description":"Der Treffpunkt im Westen","potentialAction":[{"@type":"SearchAction","target":{"@type":"EntryPoint","urlTemplate":"https:\/\/ov-g20.de\/flohmarkt\/?s={search_term_string}"},"query-input":"required name=search_term_string"}],"inLanguage":"de-DE"},{"@type":"WebPage","@id":"https:\/\/ov-g20.de\/flohmarkt\/tickets-kaufen\/#webpage","url":"https:\/\/ov-g20.de\/flohmarkt\/tickets-kaufen\/","name":"Tickets kaufen - DARC G20 Flohmarkt Bergheim","isPartOf":{"@id":"https:\/\/ov-g20.de\/flohmarkt\/#website"},"datePublished":"2017-12-15T17:43:18+00:00","dateModified":"2026-01-04T16:07:11+00:00","breadcrumb":{"@id":"https:\/\/ov-g20.de\/flohmarkt\/tickets-kaufen\/#breadcrumb"},"inLanguage":"de-DE","potentialAction":[{"@type":"ReadAction","target":["https:\/\/ov-g20.de\/flohmarkt\/tickets-kaufen\/"]}]},{"@type":"BreadcrumbList","@id":"https:\/\/ov-g20.de\/flohmarkt\/tickets-kaufen\/#breadcrumb","itemListElement":[{"@type":"ListItem","position":1,"name":"Tickets kaufen"}]}]}},"_links":{"self":[{"href":"https:\/\/ov-g20.de\/flohmarkt\/wp-json\/wp\/v2\/pages\/7586"}],"collection":[{"href":"https:\/\/ov-g20.de\/flohmarkt\/wp-json\/wp\/v2\/pages"}],"about":[{"href":"https:\/\/ov-g20.de\/flohmarkt\/wp-json\/wp\/v2\/types\/page"}],"author":[{"embeddable":true,"href":"https:\/\/ov-g20.de\/flohmarkt\/wp-json\/wp\/v2\/users\/1"}],"replies":[{"embeddable":true,"href":"https:\/\/ov-g20.de\/flohmarkt\/wp-json\/wp\/v2\/comments?post=7586"}],"version-history":[{"count":23,"href":"https:\/\/ov-g20.de\/flohmarkt\/wp-json\/wp\/v2\/pages\/7586\/revisions"}],"predecessor-version":[{"id":11545,"href":"https:\/\/ov-g20.de\/flohmarkt\/wp-json\/wp\/v2\/pages\/7586\/revisions\/11545"}],"wp:attachment":[{"href":"https:\/\/ov-g20.de\/flohmarkt\/wp-json\/wp\/v2\/media?parent=7586"}],"curies":[{"name":"wp","href":"https:\/\/api.w.org\/{rel}","templated":true}]}}