{"id":8923,"date":"2019-07-25T15:43:10","date_gmt":"2019-07-25T13:43:10","guid":{"rendered":"http:\/\/ov-g20.de\/?page_id=8923"},"modified":"2026-04-04T11:42:18","modified_gmt":"2026-04-04T09:42:18","slug":"orga-team","status":"publish","type":"page","link":"https:\/\/ov-g20.de\/flohmarkt\/orga-team\/","title":{"rendered":"Orga-Team"},"content":{"rendered":"<section class=\"l-section wpb_row us_custom_e11ab399 height_medium\"><div class=\"l-section-h i-cf\"><div class=\"g-cols vc_row type_default valign_middle\"><div class=\"vc_col-sm-12 wpb_column vc_column_container\"><div class=\"vc_column-inner\"><div class=\"wpb_wrapper\"><h1 class=\"w-post-elm post_title us_custom_2774bef1 align_center entry-title color_link_inherit\">Orga-Team<\/h1><div class=\"wpb_text_column\" ><div class=\"wpb_wrapper\"><p>Nat\u00fcrlich kann so ein Flohmarkt nicht ohne eine Vielzahl von ehrenamtlichen Organisatoren und Helfern bestehen. Hier m\u00f6chten wir euch einmal eine \u00dcbersicht geben \u00fcber unser Orga-Team sowie die dahinterstehende Vielzahl von Helfern.<\/p>\n<p>Wenn Du uns unterst\u00fctzen m\u00f6chtest, melde Dich bitte sehr gene bei uns. Jede Hilfe ist willkommen, egal ob bei Organisation, Aufbau oder in der Cafeteria.<\/p>\n<p><em>Und nat\u00fcrlich schon einmal vorab ein herzliches Dankesch\u00f6n allen Helfern die wir hier vergessen haben.<\/em><\/p>\n<\/div><\/div><\/div><\/div><\/div><\/div><\/div><\/section><section class=\"l-section wpb_row height_large\"><div class=\"l-section-h i-cf\"><div class=\"g-cols vc_row type_default valign_top\"><div class=\"vc_col-sm-12 wpb_column vc_column_container\"><div class=\"vc_column-inner\"><div class=\"wpb_wrapper\">[vc_custom_heading text=&#8221;Haupt-Orgateam&#8221; font_container=&#8221;tag:h2|text_align:center&#8221; use_theme_fonts=&#8221;yes&#8221;]<div class=\"g-cols wpb_row  type_default valign_top vc_inner\"><div class=\"vc_col-sm-3 wpb_column vc_column_container\"><div class=\"vc_column-inner\"><div class=\"wpb_wrapper\"><div class=\"w-person layout_simple_circle with_desc with_socials\" itemscope itemtype=\"https:\/\/schema.org\/Person\"><div class=\"w-person-image\"><img width=\"746\" height=\"745\" src=\"https:\/\/ov-g20.de\/flohmarkt\/wp-content\/uploads\/sites\/2\/2022\/12\/portrait-franz-dieter-wagner-dl5kcd-neu.jpg\" class=\"attachment-full size-full\" alt=\"\" loading=\"lazy\" srcset=\"https:\/\/ov-g20.de\/flohmarkt\/wp-content\/uploads\/sites\/2\/2022\/12\/portrait-franz-dieter-wagner-dl5kcd-neu.jpg 746w, https:\/\/ov-g20.de\/flohmarkt\/wp-content\/uploads\/sites\/2\/2022\/12\/portrait-franz-dieter-wagner-dl5kcd-neu-300x300.jpg 300w, https:\/\/ov-g20.de\/flohmarkt\/wp-content\/uploads\/sites\/2\/2022\/12\/portrait-franz-dieter-wagner-dl5kcd-neu-150x150.jpg 150w, https:\/\/ov-g20.de\/flohmarkt\/wp-content\/uploads\/sites\/2\/2022\/12\/portrait-franz-dieter-wagner-dl5kcd-neu-350x350.jpg 350w, https:\/\/ov-g20.de\/flohmarkt\/wp-content\/uploads\/sites\/2\/2022\/12\/portrait-franz-dieter-wagner-dl5kcd-neu-600x599.jpg 600w, https:\/\/ov-g20.de\/flohmarkt\/wp-content\/uploads\/sites\/2\/2022\/12\/portrait-franz-dieter-wagner-dl5kcd-neu-500x500.jpg 500w\" sizes=\"(max-width: 746px) 100vw, 746px\" \/><\/div><div class=\"w-person-content\"><h4 class=\"w-person-name\" itemprop=\"name\"><span>Franz-Dieter<\/span><\/h4><div class=\"w-person-role\" itemprop=\"jobTitle\">Gesamtorganisation<\/div><div class=\"w-person-links\"><div class=\"w-person-links-list\"><a class=\"w-person-links-item type_email\" title=\"E-Mail\" href=\"ma&#105;&#108;&#116;&#x6f;&#x3a;&#x64;&#x6c;&#x35;kc&#100;&#64;&#111;&#x76;&#x2d;&#x67;&#x32;&#x30;&#46;d&#101;\"><i class=\"fas fa-envelope\"><\/i><\/a><\/div><\/div><div class=\"w-person-description\" itemprop=\"description\"><p>DL5KCD<\/p>\n<\/div><\/div><\/div><\/div><\/div><\/div><div class=\"vc_col-sm-3 wpb_column vc_column_container\"><div class=\"vc_column-inner\"><div class=\"wpb_wrapper\"><div class=\"w-person layout_simple_circle with_desc with_socials\" itemscope itemtype=\"https:\/\/schema.org\/Person\"><div class=\"w-person-image\"><img width=\"348\" height=\"348\" src=\"https:\/\/ov-g20.de\/flohmarkt\/wp-content\/uploads\/sites\/2\/2026\/04\/Dirk-Schehl-1.jpg\" class=\"attachment-full size-full\" alt=\"Dirk DL3DI\" loading=\"lazy\" srcset=\"https:\/\/ov-g20.de\/flohmarkt\/wp-content\/uploads\/sites\/2\/2026\/04\/Dirk-Schehl-1.jpg 348w, https:\/\/ov-g20.de\/flohmarkt\/wp-content\/uploads\/sites\/2\/2026\/04\/Dirk-Schehl-1-300x300.jpg 300w, https:\/\/ov-g20.de\/flohmarkt\/wp-content\/uploads\/sites\/2\/2026\/04\/Dirk-Schehl-1-150x150.jpg 150w\" sizes=\"(max-width: 348px) 100vw, 348px\" \/><\/div><div class=\"w-person-content\"><h4 class=\"w-person-name\" itemprop=\"name\"><span>Dirk<\/span><\/h4><div class=\"w-person-role\" itemprop=\"jobTitle\">Tischplanung \/ Ausstellerabwicklung<\/div><div class=\"w-person-links\"><div class=\"w-person-links-list\"><a class=\"w-person-links-item type_email\" title=\"E-Mail\" href=\"&#x6d;a&#x69;&#108;t&#x6f;&#58;&#x64;&#108;3&#x64;&#105;&#x40;&#111;v&#x2d;&#103;&#x32;&#x30;&#46;&#x64;&#101;\"><i class=\"fas fa-envelope\"><\/i><\/a><\/div><\/div><div class=\"w-person-description\" itemprop=\"description\"><p>DL3DI<\/p>\n<\/div><\/div><\/div><\/div><\/div><\/div><div class=\"vc_col-sm-3 wpb_column vc_column_container\"><div class=\"vc_column-inner\"><div class=\"wpb_wrapper\"><div class=\"w-person layout_simple_circle with_desc with_socials\" itemscope itemtype=\"https:\/\/schema.org\/Person\"><div class=\"w-person-image\"><img width=\"455\" height=\"455\" src=\"https:\/\/ov-g20.de\/flohmarkt\/wp-content\/uploads\/sites\/2\/2026\/04\/peer1.jpg\" class=\"attachment-full size-full\" alt=\"Peer DL1DKW\" loading=\"lazy\" srcset=\"https:\/\/ov-g20.de\/flohmarkt\/wp-content\/uploads\/sites\/2\/2026\/04\/peer1.jpg 455w, https:\/\/ov-g20.de\/flohmarkt\/wp-content\/uploads\/sites\/2\/2026\/04\/peer1-300x300.jpg 300w, https:\/\/ov-g20.de\/flohmarkt\/wp-content\/uploads\/sites\/2\/2026\/04\/peer1-150x150.jpg 150w, https:\/\/ov-g20.de\/flohmarkt\/wp-content\/uploads\/sites\/2\/2026\/04\/peer1-350x350.jpg 350w\" sizes=\"(max-width: 455px) 100vw, 455px\" \/><\/div><div class=\"w-person-content\"><h4 class=\"w-person-name\" itemprop=\"name\"><span>Peer<\/span><\/h4><div class=\"w-person-role\" itemprop=\"jobTitle\">Tischplanung<\/div><div class=\"w-person-links\"><div class=\"w-person-links-list\"><a class=\"w-person-links-item type_email\" title=\"E-Mail\" href=\"m&#97;&#105;&#x6c;&#x74;&#x6f;:&#100;&#108;&#x31;&#x64;&#x6b;w&#64;&#111;&#x76;&#x2d;&#x67;20&#46;&#100;&#x65;\"><i class=\"fas fa-envelope\"><\/i><\/a><\/div><\/div><div class=\"w-person-description\" itemprop=\"description\"><p>DL1DKW<\/p>\n<\/div><\/div><\/div><\/div><\/div><\/div><div class=\"vc_col-sm-3 wpb_column vc_column_container\"><div class=\"vc_column-inner\"><div class=\"wpb_wrapper\"><div class=\"w-person layout_simple_circle with_desc with_socials\" itemscope itemtype=\"https:\/\/schema.org\/Person\"><div class=\"w-person-image\"><img width=\"200\" height=\"199\" src=\"https:\/\/ov-g20.de\/flohmarkt\/wp-content\/uploads\/sites\/2\/2026\/04\/dave.jpg\" class=\"attachment-full size-full\" alt=\"Dave DL2MDV\" loading=\"lazy\" srcset=\"https:\/\/ov-g20.de\/flohmarkt\/wp-content\/uploads\/sites\/2\/2026\/04\/dave.jpg 200w, https:\/\/ov-g20.de\/flohmarkt\/wp-content\/uploads\/sites\/2\/2026\/04\/dave-150x150.jpg 150w\" sizes=\"(max-width: 200px) 100vw, 200px\" \/><\/div><div class=\"w-person-content\"><h4 class=\"w-person-name\" itemprop=\"name\"><span>David<\/span><\/h4><div class=\"w-person-role\" itemprop=\"jobTitle\">Webseite \/ Tickets<\/div><div class=\"w-person-links\"><div class=\"w-person-links-list\"><a class=\"w-person-links-item type_email\" title=\"E-Mail\" href=\"&#x6d;&#x61;&#105;l&#x74;&#x6f;&#58;dl&#x32;&#x6d;&#100;v&#x40;&#x6f;&#118;&#45;g&#x32;&#x30;&#46;d&#x65;\"><i class=\"fas fa-envelope\"><\/i><\/a><\/div><\/div><div class=\"w-person-description\" itemprop=\"description\"><p>DL2MDV<\/p>\n<\/div><\/div><\/div><\/div><\/div><\/div><\/div><\/div><\/div><\/div><\/div><\/div><\/section><section class=\"l-section wpb_row height_medium\"><div class=\"l-section-h i-cf\"><div class=\"g-cols vc_row type_default valign_top\"><div class=\"vc_col-sm-12 wpb_column vc_column_container\"><div class=\"vc_column-inner\"><div class=\"wpb_wrapper\">[vc_custom_heading text=&#8221;Treue Helfer in den einzelnen Bereichen&#8221; font_container=&#8221;tag:h2|text_align:center&#8221; use_theme_fonts=&#8221;yes&#8221;]<div class=\"wpb_text_column\" ><div class=\"wpb_wrapper\"><p><h2 id=\"tablepress-2-name\" class=\"tablepress-table-name tablepress-table-name-id-2\">Cafeteria<\/h2>\n\n<table id=\"tablepress-2\" class=\"tablepress tablepress-id-2\" aria-labelledby=\"tablepress-2-name\">\n<tbody class=\"row-hover\">\n<tr class=\"row-1 odd\">\n\t<td class=\"column-1\">Annika<\/td><td class=\"column-2\"><\/td><td class=\"column-3\"><\/td>\n<\/tr>\n<tr class=\"row-2 even\">\n\t<td class=\"column-1\">Erik<\/td><td class=\"column-2\">ON8SU<\/td><td class=\"column-3\"><\/td>\n<\/tr>\n<tr class=\"row-3 odd\">\n\t<td class=\"column-1\">Susanna<\/td><td class=\"column-2\"><\/td><td class=\"column-3\"><\/td>\n<\/tr>\n<tr class=\"row-4 even\">\n\t<td class=\"column-1\">Bernd<\/td><td class=\"column-2\">DL5OAB<\/td><td class=\"column-3\"><\/td>\n<\/tr>\n<tr class=\"row-5 odd\">\n\t<td class=\"column-1\">Helmut<\/td><td class=\"column-2\">DL5EBU<\/td><td class=\"column-3\"><\/td>\n<\/tr>\n<tr class=\"row-6 even\">\n\t<td class=\"column-1\">Michael<\/td><td class=\"column-2\">DG3KWA<\/td><td class=\"column-3\"><\/td>\n<\/tr>\n<tr class=\"row-7 odd\">\n\t<td class=\"column-1\">Hajo<\/td><td class=\"column-2\">DL1KHM<\/td><td class=\"column-3\"><\/td>\n<\/tr>\n<tr class=\"row-8 even\">\n\t<td class=\"column-1\">Margarita<\/td><td class=\"column-2\"><\/td><td class=\"column-3\"><\/td>\n<\/tr>\n<tr class=\"row-9 odd\">\n\t<td class=\"column-1\">Jasmin<\/td><td class=\"column-2\"><\/td><td class=\"column-3\"><\/td>\n<\/tr>\n<tr class=\"row-10 even\">\n\t<td class=\"column-1\">Gerd<\/td><td class=\"column-2\">DF9GM<\/td><td class=\"column-3\"><\/td>\n<\/tr>\n<\/tbody>\n<\/table>\n<!-- #tablepress-2 from cache --><br \/>\n<h2 id=\"tablepress-3-name\" class=\"tablepress-table-name tablepress-table-name-id-3\">Kasse<\/h2>\n\n<table id=\"tablepress-3\" class=\"tablepress tablepress-id-3\" aria-labelledby=\"tablepress-3-name\">\n<tbody class=\"row-hover\">\n<tr class=\"row-1 odd\">\n\t<td class=\"column-1\">Peer<\/td><td class=\"column-2\">DL1DKW<\/td><td class=\"column-3\">Ausstellerkasse \/ Besucherkasse<\/td>\n<\/tr>\n<tr class=\"row-2 even\">\n\t<td class=\"column-1\">Erik<\/td><td class=\"column-2\">ON8SU<\/td><td class=\"column-3\">Bonkasse<\/td>\n<\/tr>\n<tr class=\"row-3 odd\">\n\t<td class=\"column-1\">Dave<\/td><td class=\"column-2\">DL2MDV<\/td><td class=\"column-3\">Ausstellerkasse \/ Online Eingang<\/td>\n<\/tr>\n<tr class=\"row-4 even\">\n\t<td class=\"column-1\">Jochen<\/td><td class=\"column-2\">DL4KCA<\/td><td class=\"column-3\">Ausstellerkasse \/ Online Eingang<\/td>\n<\/tr>\n<tr class=\"row-5 odd\">\n\t<td class=\"column-1\">Dirk<\/td><td class=\"column-2\">DL3DI<\/td><td class=\"column-3\">Ausstellerkasse  \/ Bonkasse<\/td>\n<\/tr>\n<tr class=\"row-6 even\">\n\t<td class=\"column-1\">Hajo<\/td><td class=\"column-2\">DL1KHM<\/td><td class=\"column-3\">Ausstellerkasse \/ Bonkasse<\/td>\n<\/tr>\n<tr class=\"row-7 odd\">\n\t<td class=\"column-1\">G\u00fcnter<\/td><td class=\"column-2\">DO1BHM<\/td><td class=\"column-3\">Ausstellerkasse \/ Bonkasse<\/td>\n<\/tr>\n<\/tbody>\n<\/table>\n<!-- #tablepress-3 from cache --><br \/>\n<h2 id=\"tablepress-4-name\" class=\"tablepress-table-name tablepress-table-name-id-4\">OV-Tisch<\/h2>\n\n<table id=\"tablepress-4\" class=\"tablepress tablepress-id-4\" aria-labelledby=\"tablepress-4-name\">\n<tbody class=\"row-hover\">\n<tr class=\"row-1 odd\">\n\t<td class=\"column-1\">Leo<\/td><td class=\"column-2\">DK3DZ<\/td><td class=\"column-3\"><\/td>\n<\/tr>\n<tr class=\"row-2 even\">\n\t<td class=\"column-1\">J\u00fcrgen<\/td><td class=\"column-2\">DF7KP<\/td><td class=\"column-3\"><\/td>\n<\/tr>\n<tr class=\"row-3 odd\">\n\t<td class=\"column-1\">Oliver<\/td><td class=\"column-2\">DJ6OK<\/td><td class=\"column-3\"><\/td>\n<\/tr>\n<tr class=\"row-4 even\">\n\t<td class=\"column-1\">Peer<\/td><td class=\"column-2\">DL1DKW<\/td><td class=\"column-3\"><\/td>\n<\/tr>\n<\/tbody>\n<\/table>\n<!-- #tablepress-4 from cache --><br \/>\n<h2 id=\"tablepress-5-name\" class=\"tablepress-table-name tablepress-table-name-id-5\">Auf \/ Abbauteam<\/h2>\n\n<table id=\"tablepress-5\" class=\"tablepress tablepress-id-5\" aria-labelledby=\"tablepress-5-name\">\n<tbody class=\"row-hover\">\n<tr class=\"row-1 odd\">\n\t<td class=\"column-1\">Franz-Dieter<\/td><td class=\"column-2\">DL5KCD<\/td><td class=\"column-3\"><\/td>\n<\/tr>\n<tr class=\"row-2 even\">\n\t<td class=\"column-1\">Arthur<\/td><td class=\"column-2\">DL2ART<\/td><td class=\"column-3\"><\/td>\n<\/tr>\n<tr class=\"row-3 odd\">\n\t<td class=\"column-1\">J\u00fcrgen<\/td><td class=\"column-2\">DF7KP<\/td><td class=\"column-3\"><\/td>\n<\/tr>\n<tr class=\"row-4 even\">\n\t<td class=\"column-1\">Klaus<\/td><td class=\"column-2\">DL3KHB<\/td><td class=\"column-3\"><\/td>\n<\/tr>\n<tr class=\"row-5 odd\">\n\t<td class=\"column-1\">Peter<\/td><td class=\"column-2\">DF8IK<\/td><td class=\"column-3\"><\/td>\n<\/tr>\n<tr class=\"row-6 even\">\n\t<td class=\"column-1\">Sigrid<\/td><td class=\"column-2\">DH6KD<\/td><td class=\"column-3\"><\/td>\n<\/tr>\n<tr class=\"row-7 odd\">\n\t<td class=\"column-1\">Oliver<\/td><td class=\"column-2\">DJ6OK<\/td><td class=\"column-3\"><\/td>\n<\/tr>\n<tr class=\"row-8 even\">\n\t<td class=\"column-1\">Dirk<\/td><td class=\"column-2\">DL3DI<\/td><td class=\"column-3\"><\/td>\n<\/tr>\n<tr class=\"row-9 odd\">\n\t<td class=\"column-1\">Winfried<\/td><td class=\"column-2\">DL2GW<\/td><td class=\"column-3\"><\/td>\n<\/tr>\n<tr class=\"row-10 even\">\n\t<td class=\"column-1\">G\u00fcnter<\/td><td class=\"column-2\">DO1BHM<\/td><td class=\"column-3\"><\/td>\n<\/tr>\n<tr class=\"row-11 odd\">\n\t<td class=\"column-1\">Dave<\/td><td class=\"column-2\">DL2MDV<\/td><td class=\"column-3\"><\/td>\n<\/tr>\n<tr class=\"row-12 even\">\n\t<td class=\"column-1\">Martina<\/td><td class=\"column-2\">DL1KMN<\/td><td class=\"column-3\"><\/td>\n<\/tr>\n<tr class=\"row-13 odd\">\n\t<td class=\"column-1\">Jochen<\/td><td class=\"column-2\">DL4KCA<\/td><td class=\"column-3\"><\/td>\n<\/tr>\n<tr class=\"row-14 even\">\n\t<td class=\"column-1\">Peer<\/td><td class=\"column-2\">DL1DKW<\/td><td class=\"column-3\"><\/td>\n<\/tr>\n<tr class=\"row-15 odd\">\n\t<td class=\"column-1\">Julian<\/td><td class=\"column-2\">DE7FOX<\/td><td class=\"column-3\"><\/td>\n<\/tr>\n<\/tbody>\n<\/table>\n<!-- #tablepress-5 from cache --><\/p>\n<\/div><\/div><\/div><\/div><\/div><\/div><\/div><\/section>\n","protected":false},"excerpt":{"rendered":"Orga-TeamNat\u00fcrlich kann so ein Flohmarkt nicht ohne eine Vielzahl von ehrenamtlichen Organisatoren und Helfern bestehen. Hier m\u00f6chten wir euch einmal eine \u00dcbersicht geben \u00fcber unser Orga-Team sowie die dahinterstehende Vielzahl von Helfern. Wenn Du uns unterst\u00fctzen m\u00f6chtest, melde Dich bitte sehr gene bei uns. Jede Hilfe ist willkommen, egal ob bei Organisation, Aufbau oder in...","protected":false},"author":1,"featured_media":0,"parent":0,"menu_order":0,"comment_status":"closed","ping_status":"closed","template":"","meta":[],"yoast_head":"<!-- This site is optimized with the Yoast SEO plugin v17.6 - https:\/\/yoast.com\/wordpress\/plugins\/seo\/ -->\n<title>Orga-Team - DARC G20 Flohmarkt Bergheim<\/title>\n<meta name=\"robots\" content=\"index, follow, max-snippet:-1, max-image-preview:large, max-video-preview:-1\" \/>\n<link rel=\"canonical\" href=\"https:\/\/ov-g20.de\/flohmarkt\/orga-team\/\" \/>\n<meta property=\"og:locale\" content=\"de_DE\" \/>\n<meta property=\"og:type\" content=\"article\" \/>\n<meta property=\"og:title\" content=\"Orga-Team - DARC G20 Flohmarkt Bergheim\" \/>\n<meta property=\"og:url\" content=\"https:\/\/ov-g20.de\/flohmarkt\/orga-team\/\" \/>\n<meta property=\"og:site_name\" content=\"DARC G20 Flohmarkt Bergheim\" \/>\n<meta property=\"article:modified_time\" content=\"2026-04-04T09:42:18+00:00\" \/>\n<meta name=\"twitter:card\" content=\"summary_large_image\" \/>\n<meta name=\"twitter:label1\" content=\"Gesch\u00e4tzte Lesezeit\" \/>\n\t<meta name=\"twitter:data1\" content=\"1 Minute\" \/>\n<script type=\"application\/ld+json\" class=\"yoast-schema-graph\">{\"@context\":\"https:\/\/schema.org\",\"@graph\":[{\"@type\":\"WebSite\",\"@id\":\"https:\/\/ov-g20.de\/flohmarkt\/#website\",\"url\":\"https:\/\/ov-g20.de\/flohmarkt\/\",\"name\":\"DARC G20 Flohmarkt Bergheim\",\"description\":\"Der Treffpunkt im Westen\",\"potentialAction\":[{\"@type\":\"SearchAction\",\"target\":{\"@type\":\"EntryPoint\",\"urlTemplate\":\"https:\/\/ov-g20.de\/flohmarkt\/?s={search_term_string}\"},\"query-input\":\"required name=search_term_string\"}],\"inLanguage\":\"de-DE\"},{\"@type\":\"WebPage\",\"@id\":\"https:\/\/ov-g20.de\/flohmarkt\/orga-team\/#webpage\",\"url\":\"https:\/\/ov-g20.de\/flohmarkt\/orga-team\/\",\"name\":\"Orga-Team - DARC G20 Flohmarkt Bergheim\",\"isPartOf\":{\"@id\":\"https:\/\/ov-g20.de\/flohmarkt\/#website\"},\"datePublished\":\"2019-07-25T13:43:10+00:00\",\"dateModified\":\"2026-04-04T09:42:18+00:00\",\"breadcrumb\":{\"@id\":\"https:\/\/ov-g20.de\/flohmarkt\/orga-team\/#breadcrumb\"},\"inLanguage\":\"de-DE\",\"potentialAction\":[{\"@type\":\"ReadAction\",\"target\":[\"https:\/\/ov-g20.de\/flohmarkt\/orga-team\/\"]}]},{\"@type\":\"BreadcrumbList\",\"@id\":\"https:\/\/ov-g20.de\/flohmarkt\/orga-team\/#breadcrumb\",\"itemListElement\":[{\"@type\":\"ListItem\",\"position\":1,\"name\":\"Orga-Team\"}]}]}<\/script>\n<!-- \/ Yoast SEO plugin. -->","yoast_head_json":{"title":"Orga-Team - DARC G20 Flohmarkt Bergheim","robots":{"index":"index","follow":"follow","max-snippet":"max-snippet:-1","max-image-preview":"max-image-preview:large","max-video-preview":"max-video-preview:-1"},"canonical":"https:\/\/ov-g20.de\/flohmarkt\/orga-team\/","og_locale":"de_DE","og_type":"article","og_title":"Orga-Team - DARC G20 Flohmarkt Bergheim","og_url":"https:\/\/ov-g20.de\/flohmarkt\/orga-team\/","og_site_name":"DARC G20 Flohmarkt Bergheim","article_modified_time":"2026-04-04T09:42:18+00:00","twitter_card":"summary_large_image","twitter_misc":{"Gesch\u00e4tzte Lesezeit":"1 Minute"},"schema":{"@context":"https:\/\/schema.org","@graph":[{"@type":"WebSite","@id":"https:\/\/ov-g20.de\/flohmarkt\/#website","url":"https:\/\/ov-g20.de\/flohmarkt\/","name":"DARC G20 Flohmarkt Bergheim","description":"Der Treffpunkt im Westen","potentialAction":[{"@type":"SearchAction","target":{"@type":"EntryPoint","urlTemplate":"https:\/\/ov-g20.de\/flohmarkt\/?s={search_term_string}"},"query-input":"required name=search_term_string"}],"inLanguage":"de-DE"},{"@type":"WebPage","@id":"https:\/\/ov-g20.de\/flohmarkt\/orga-team\/#webpage","url":"https:\/\/ov-g20.de\/flohmarkt\/orga-team\/","name":"Orga-Team - DARC G20 Flohmarkt Bergheim","isPartOf":{"@id":"https:\/\/ov-g20.de\/flohmarkt\/#website"},"datePublished":"2019-07-25T13:43:10+00:00","dateModified":"2026-04-04T09:42:18+00:00","breadcrumb":{"@id":"https:\/\/ov-g20.de\/flohmarkt\/orga-team\/#breadcrumb"},"inLanguage":"de-DE","potentialAction":[{"@type":"ReadAction","target":["https:\/\/ov-g20.de\/flohmarkt\/orga-team\/"]}]},{"@type":"BreadcrumbList","@id":"https:\/\/ov-g20.de\/flohmarkt\/orga-team\/#breadcrumb","itemListElement":[{"@type":"ListItem","position":1,"name":"Orga-Team"}]}]}},"_links":{"self":[{"href":"https:\/\/ov-g20.de\/flohmarkt\/wp-json\/wp\/v2\/pages\/8923"}],"collection":[{"href":"https:\/\/ov-g20.de\/flohmarkt\/wp-json\/wp\/v2\/pages"}],"about":[{"href":"https:\/\/ov-g20.de\/flohmarkt\/wp-json\/wp\/v2\/types\/page"}],"author":[{"embeddable":true,"href":"https:\/\/ov-g20.de\/flohmarkt\/wp-json\/wp\/v2\/users\/1"}],"replies":[{"embeddable":true,"href":"https:\/\/ov-g20.de\/flohmarkt\/wp-json\/wp\/v2\/comments?post=8923"}],"version-history":[{"count":30,"href":"https:\/\/ov-g20.de\/flohmarkt\/wp-json\/wp\/v2\/pages\/8923\/revisions"}],"predecessor-version":[{"id":11689,"href":"https:\/\/ov-g20.de\/flohmarkt\/wp-json\/wp\/v2\/pages\/8923\/revisions\/11689"}],"wp:attachment":[{"href":"https:\/\/ov-g20.de\/flohmarkt\/wp-json\/wp\/v2\/media?parent=8923"}],"curies":[{"name":"wp","href":"https:\/\/api.w.org\/{rel}","templated":true}]}}