{"id":8993,"date":"2013-05-31T08:44:43","date_gmt":"2013-05-31T08:44:43","guid":{"rendered":"http:\/\/impreza.us-themes.net\/"},"modified":"2026-03-21T10:20:05","modified_gmt":"2026-03-21T09:20:05","slug":"home","status":"publish","type":"page","link":"https:\/\/ov-g20.de\/flohmarkt\/","title":{"rendered":"Home"},"content":{"rendered":"<section class=\"l-section wpb_row height_auto width_full color_primary\"><div class=\"l-section-h i-cf\"><div class=\"g-cols vc_row type_default valign_top\"><div class=\"vc_col-sm-12 wpb_column vc_column_container\"><div class=\"vc_column-inner\"><div class=\"wpb_wrapper\">[rev_slider_vc alias=&#8221;flohmarkt&#8221;]<\/div><\/div><\/div><\/div><\/div><\/section><section class=\"l-section wpb_row height_medium\"><div class=\"l-section-h i-cf\"><div class=\"g-cols vc_row type_default valign_top\"><div class=\"vc_col-sm-8 wpb_column vc_column_container\"><div class=\"vc_column-inner\"><div class=\"wpb_wrapper\"><div class=\"w-image align_none\"><div class=\"w-image-h\"><img width=\"800\" height=\"190\" src=\"https:\/\/ov-g20.de\/flohmarkt\/wp-content\/uploads\/sites\/2\/2025\/10\/Anzeige-Flohmartkt-800.jpg\" class=\"attachment-full size-full\" alt=\"\" loading=\"lazy\" srcset=\"https:\/\/ov-g20.de\/flohmarkt\/wp-content\/uploads\/sites\/2\/2025\/10\/Anzeige-Flohmartkt-800.jpg 800w, https:\/\/ov-g20.de\/flohmarkt\/wp-content\/uploads\/sites\/2\/2025\/10\/Anzeige-Flohmartkt-800-300x71.jpg 300w, https:\/\/ov-g20.de\/flohmarkt\/wp-content\/uploads\/sites\/2\/2025\/10\/Anzeige-Flohmartkt-800-600x143.jpg 600w\" sizes=\"(max-width: 800px) 100vw, 800px\" \/><\/div><\/div>[vc_custom_heading text=&#8221;Alle Tische f\u00fcr den Flohmarkt sind vergeben!&#8221; use_theme_fonts=&#8221;yes&#8221;]<div class=\"wpb_text_column\" ><div class=\"wpb_wrapper\"><p>Unser Bergheimer Funkmarkt am 9. Mai 2026 ist bereits <strong>komplett ausgebucht<\/strong>.<br \/>\nWir freuen uns sehr, dass Aufgrund erh\u00f6hter Nachfrage in diesem Jahr, schon\u00a0 alle Tische vergeben sind.<\/p>\n<p>Ab jetzt f\u00fchren wir eine Warteliste.<br \/>\nDamit wir Dich auf die Warteliste setzen melde Dich bitte bei unserem\u00a0 Flohmarktteam <a href=\"&#109;a&#x69;l&#x74;&#111;&#x3a;&#102;&#x6c;&#111;h&#x6d;a&#x72;&#107;&#x74;&#64;&#x6f;&#118;&#x2d;&#103;2&#x30;&#46;&#x64;&#101;\">&#x66;&#108;&#111;h&#x6d;&#x61;&#114;k&#x74;&#x40;&#111;v&#x2d;&#x67;&#50;0&#x2e;&#x64;&#101;<\/a> oder per Telefon 02238 \/ 448006.<\/p>\n<\/div><\/div>[vc_custom_heading text=&#8221;R\u00fcckblick: 41 Jahre G20 Funk-Flohmarkt!&#8221; use_theme_fonts=&#8221;yes&#8221;]<div class=\"wpb_text_column\" ><div class=\"wpb_wrapper\"><p style=\"margin-bottom: 0cm;\">F\u00fcr ca. 700 Besucher war es wieder der \u201eTreffpunkt im Westen\u201c zum Kl\u00f6nen, Fachsimpeln und nat\u00fcrlich zum Kaufen und Verkaufen.<\/p>\n<p style=\"margin-bottom: 0cm;\">Die drei Vortr\u00e4ge, zu den Themen Notfunk, DXpedition und der neuen Klasse N waren gut besucht.<\/p>\n<p style=\"margin-bottom: 0cm;\">Erholung bot, wie immer, die Cafeteria. Hier sorgten viele flei\u00dfige H\u00e4nde f\u00fcr das Wohl unserer G\u00e4ste.<\/p>\n<p style=\"margin-bottom: 0cm;\">\u00dcber 60 Aussteller aus ganz Deutschland und den angrenzenden L\u00e4ndern boten ein breites Angebot von Zubeh\u00f6r, \u00fcber alte Sch\u00e4tzchen bis zu aktuellen Funkger\u00e4ten. Wir hoffen jeder hat gefunden wonach er gesucht hat und konnte das ein oder andere Schn\u00e4ppchen ergattern.<\/p>\n<p>Impressionen vom letzten Jahr gibt es bei OM Arthur, DL2ART.<br \/>\nEr hat ein sehr sch\u00f6nes <a href=\"https:\/\/www.youtube.com\/watch?v=4oRUpIqiKQs\" target=\"_blank\" rel=\"noopener\">Video<\/a> auf seinem <a href=\"https:\/\/www.youtube.com\/channel\/UCQu_laGfjCpn_7IUe6yAKwA\" target=\"_blank\" rel=\"noopener\">Kanal &#8220;Funkwelle&#8221;<\/a> ver\u00f6ffentlicht.<\/p>\n<p><a href=\"https:\/\/www.youtube.com\/watch?v=4oRUpIqiKQs\" target=\"_blank\" rel=\"noopener\">https:\/\/www.youtube.com\/watch?v=4oRUpIqiKQs<\/a><\/p>\n<p>Wir sagen vielen Dank f\u00fcr Euren Besuch und bis zum n\u00e4chsten Mal.<\/p>\n<p>Euer G20 Flohmarktteam<\/p>\n<\/div><\/div>[vc_custom_heading text=&#8221;Video: 40. Bergheimer Funkmarkt 2023 &#8211; Ein Blick hinter die Kulissen&#8221; use_theme_fonts=&#8221;yes&#8221;]<div class=\"wpb_text_column\" ><div class=\"wpb_wrapper\"><p>OM Arthur DL2ART hat ein Video auf seinem Youtube Kanal \u201e<a href=\"https:\/\/www.youtube.com\/channel\/UCQu_laGfjCpn_7IUe6yAKwA\" target=\"_blank\" rel=\"noopener\">Funkwelle<\/a>\u201c ver\u00f6ffentlicht, was auch einen kleinen Einblick hinter die Kulissen und den Aufbau zeigt. Wer uns hierbei im n\u00e4chsten Jahr gerne unterst\u00fctzen m\u00f6chte, ist herzlich eingeladen.<\/p>\n<p>Funkwelle: <a href=\"https:\/\/www.youtube.com\/watch?v=WetZJavg74M\" target=\"_blank\" rel=\"noopener\">https:\/\/www.youtube.com\/watch?v=WetZJavg74M<\/a><\/p>\n<p>Roberts kleine Welt: <a href=\"https:\/\/www.youtube.com\/watch?v=9jFKjnGcX7o\" target=\"_blank\" rel=\"noopener\">https:\/\/www.youtube.com\/watch?v=9jFKjnGcX7o<\/a><\/p>\n<p>Amateurfunk mit Pit: <a href=\"https:\/\/www.youtube.com\/watch?v=hfmZl7LXL3s\" target=\"_blank\" rel=\"noopener\">https:\/\/www.youtube.com\/watch?v=hfmZl7LXL3s<\/a><\/p>\n<p>Der Funkamateur: <a href=\"https:\/\/www.tiktok.com\/@derfunkamateur\/video\/7229990752749686043\" target=\"_blank\" rel=\"noopener\">https:\/\/www.tiktok.com\/@derfunkamateur\/video\/7229990752749686043<\/a><\/p>\n<\/div><\/div><div class=\"w-video align_left ratio_16x9\"><div class=\"w-video-h\"><iframe src=\"\/\/www.youtube.com\/embed\/WetZJavg74M?autoplay=0&controls=1&origin=https%3A%2F%2Fov-g20.de%2Fflohmarkt\" allowfullscreen=\"1\"><\/iframe><\/div><div class=\"w-video-icon\" style=\"font-size:1.5rem;background:rgba(0,0,0,0.5);color:#fff;\"><\/div><\/div><\/div><\/div><\/div><div class=\"vc_col-sm-4 wpb_column vc_column_container has-fill animate_afr\" style=\"animation-delay:0.2s\"><div class=\"vc_column-inner us_custom_79b4686c\"><div class=\"wpb_wrapper\"><div class=\"w-image align_none\"><div class=\"w-image-h\"><img width=\"1024\" height=\"768\" src=\"https:\/\/ov-g20.de\/flohmarkt\/wp-content\/uploads\/sites\/2\/2022\/05\/g20-flohmarkt-2022-29-1024x768.jpg\" class=\"attachment-large size-large\" alt=\"\" loading=\"lazy\" srcset=\"https:\/\/ov-g20.de\/flohmarkt\/wp-content\/uploads\/sites\/2\/2022\/05\/g20-flohmarkt-2022-29-1024x768.jpg 1024w, https:\/\/ov-g20.de\/flohmarkt\/wp-content\/uploads\/sites\/2\/2022\/05\/g20-flohmarkt-2022-29-300x225.jpg 300w, https:\/\/ov-g20.de\/flohmarkt\/wp-content\/uploads\/sites\/2\/2022\/05\/g20-flohmarkt-2022-29-600x450.jpg 600w, https:\/\/ov-g20.de\/flohmarkt\/wp-content\/uploads\/sites\/2\/2022\/05\/g20-flohmarkt-2022-29.jpg 1600w\" sizes=\"(max-width: 1024px) 100vw, 1024px\" \/><\/div><\/div>[vc_custom_heading text=&#8221;Online Buchung&#8221; font_container=&#8221;tag:h3|text_align:center&#8221; use_theme_fonts=&#8221;yes&#8221; css=&#8221;%7B%22default%22%3A%7B%22margin-top%22%3A%2210px%22%2C%22color%22%3A%22%23dd3333%22%7D%7D&#8221;]<div class=\"wpb_text_column\" ><div class=\"wpb_wrapper\"><p>Du kannst Dir Dein <strong><a href=\"\/flohmarkt\/informationen\/fuer-besucher\/tickets-kaufen\/\">Besucher-Ticket bequem online kaufen<\/a><\/strong>.<\/p>\n<p>F\u00fcr alle <strong>Aussteller<\/strong> steht unsere <strong><a href=\"\/flohmarkt\/tisch-reservieren\/\">Online Tisch-Reservierung<\/a><\/strong> zur Verf\u00fcgung.<\/p>\n<\/div><\/div>[vc_custom_heading text=&#8221;Newsletter&#8221; font_container=&#8221;tag:h3|text_align:center&#8221; use_theme_fonts=&#8221;yes&#8221; css=&#8221;%7B%22default%22%3A%7B%22margin-top%22%3A%2210px%22%2C%22color%22%3A%22%23dd3333%22%7D%7D&#8221;]<div class=\"wpb_text_column\" ><div class=\"wpb_wrapper\"><p>Melde Dich bei unserem Newsletter an um immer auf dem Laufenden zu sein.<\/p>\n<\/div><\/div><div class=\"wpb_text_column us_custom_008c085e\" ><div class=\"wpb_wrapper\"><p><code><div class=\"tnp tnp-subscription\">\n<form method=\"post\" action=\"https:\/\/ov-g20.de\/flohmarkt\/?na=s\">\n\n<input type='hidden' name='nl[]' value='1'>\n<input type='hidden' name='nl[]' value='2'>\n<input type=\"hidden\" name=\"nlang\" value=\"\"><div class=\"tnp-field tnp-field-firstname\"><label for=\"tnp-1\">Name<\/label>\n<input class=\"tnp-name\" type=\"text\" name=\"nn\" id=\"tnp-1\" value=\"\"><\/div>\n<div class=\"tnp-field tnp-field-email\"><label for=\"tnp-2\">E-Mail<\/label>\n<input class=\"tnp-email\" type=\"email\" name=\"ne\" id=\"tnp-2\" value=\"\" required><\/div>\n<div class=\"tnp-field tnp-field-checkbox tnp-field-list\"><label for=\"nl4\"><input type=\"checkbox\" id=\"nl4\" name=\"nl[]\" value=\"1\">&nbsp;Besucher Info<\/label><\/div>\n<div class=\"tnp-field tnp-field-checkbox tnp-field-list\"><label for=\"nl5\"><input type=\"checkbox\" id=\"nl5\" name=\"nl[]\" value=\"2\">&nbsp;Aussteller Info<\/label><\/div>\n<div class=\"tnp-field tnp-field-button\"><input class=\"tnp-submit\" type=\"submit\" value=\"Abonnieren\" >\n<\/div>\n<\/form>\n<\/div>\n<\/code><\/p>\n<\/div><\/div><\/div><\/div><\/div><\/div><\/div><\/section><section class=\"l-section wpb_row height_medium\"><div class=\"l-section-h i-cf\"><div class=\"g-cols vc_row type_default valign_top\"><div class=\"vc_col-sm-12 wpb_column vc_column_container\"><div class=\"vc_column-inner\"><div class=\"wpb_wrapper\"><div class=\"wpb_text_column\" ><div class=\"wpb_wrapper\"><\/div><\/div><\/div><\/div><\/div><\/div><\/div><\/section>\n","protected":false},"excerpt":{"rendered":"[rev_slider_vc alias=\"flohmarkt\"][vc_custom_heading text=\"Alle Tische f\u00fcr den Flohmarkt sind vergeben!\" use_theme_fonts=\"yes\"]Unser Bergheimer Funkmarkt am 9. Mai 2026 ist bereits komplett ausgebucht. Wir freuen uns sehr, dass Aufgrund erh\u00f6hter Nachfrage in diesem Jahr, schon\u00a0 alle Tische vergeben sind. Ab jetzt f\u00fchren wir eine Warteliste. Damit wir Dich auf die Warteliste setzen melde Dich bitte bei unserem\u00a0 Flohmarktteam...","protected":false},"author":1,"featured_media":0,"parent":0,"menu_order":0,"comment_status":"closed","ping_status":"closed","template":"","meta":[],"yoast_head":"<!-- This site is optimized with the Yoast SEO plugin v17.6 - https:\/\/yoast.com\/wordpress\/plugins\/seo\/ -->\n<title>DARC e.V. Ortsverband G20 - Amateurfunk in Bergheim<\/title>\n<meta name=\"description\" content=\"Der Ortsverband G20 des DARC e.V. ist dein Ansprechpartner f\u00fcr den Amateurfunk in Bergheim und Umgebung. Wir bieten dir ein aktives Vereinsleben sowie eine hervorragende Infrastruktur und unterst\u00fctzen dich beim Einstieg in den Amateurfunkdienst.\" \/>\n<meta name=\"robots\" content=\"index, follow, max-snippet:-1, max-image-preview:large, max-video-preview:-1\" \/>\n<link rel=\"canonical\" href=\"https:\/\/ov-g20.de\/flohmarkt\/\" \/>\n<meta property=\"og:locale\" content=\"de_DE\" \/>\n<meta property=\"og:type\" content=\"article\" \/>\n<meta property=\"og:title\" content=\"DARC e.V. Ortsverband G20 - Amateurfunk in Bergheim\" \/>\n<meta property=\"og:description\" content=\"Der Ortsverband G20 des DARC e.V. ist dein Ansprechpartner f\u00fcr den Amateurfunk in Bergheim und Umgebung. Wir bieten dir ein aktives Vereinsleben sowie eine hervorragende Infrastruktur und unterst\u00fctzen dich beim Einstieg in den Amateurfunkdienst.\" \/>\n<meta property=\"og:url\" content=\"https:\/\/ov-g20.de\/flohmarkt\/\" \/>\n<meta property=\"og:site_name\" content=\"DARC G20 Flohmarkt Bergheim\" \/>\n<meta property=\"article:modified_time\" content=\"2026-03-21T09:20:05+00:00\" \/>\n<meta name=\"twitter:card\" content=\"summary_large_image\" \/>\n<meta name=\"twitter:label1\" content=\"Gesch\u00e4tzte Lesezeit\" \/>\n\t<meta name=\"twitter:data1\" content=\"2 Minuten\" \/>\n<script type=\"application\/ld+json\" class=\"yoast-schema-graph\">{\"@context\":\"https:\/\/schema.org\",\"@graph\":[{\"@type\":\"WebSite\",\"@id\":\"https:\/\/ov-g20.de\/flohmarkt\/#website\",\"url\":\"https:\/\/ov-g20.de\/flohmarkt\/\",\"name\":\"DARC G20 Flohmarkt Bergheim\",\"description\":\"Der Treffpunkt im Westen\",\"potentialAction\":[{\"@type\":\"SearchAction\",\"target\":{\"@type\":\"EntryPoint\",\"urlTemplate\":\"https:\/\/ov-g20.de\/flohmarkt\/?s={search_term_string}\"},\"query-input\":\"required name=search_term_string\"}],\"inLanguage\":\"de-DE\"},{\"@type\":\"WebPage\",\"@id\":\"https:\/\/ov-g20.de\/flohmarkt\/#webpage\",\"url\":\"https:\/\/ov-g20.de\/flohmarkt\/\",\"name\":\"DARC e.V. Ortsverband G20 - Amateurfunk in Bergheim\",\"isPartOf\":{\"@id\":\"https:\/\/ov-g20.de\/flohmarkt\/#website\"},\"datePublished\":\"2013-05-31T08:44:43+00:00\",\"dateModified\":\"2026-03-21T09:20:05+00:00\",\"description\":\"Der Ortsverband G20 des DARC e.V. ist dein Ansprechpartner f\\u00fcr den Amateurfunk in Bergheim und Umgebung. Wir bieten dir ein aktives Vereinsleben sowie eine hervorragende Infrastruktur und unterst\\u00fctzen dich beim Einstieg in den Amateurfunkdienst.\",\"breadcrumb\":{\"@id\":\"https:\/\/ov-g20.de\/flohmarkt\/#breadcrumb\"},\"inLanguage\":\"de-DE\",\"potentialAction\":[{\"@type\":\"ReadAction\",\"target\":[\"https:\/\/ov-g20.de\/flohmarkt\/\"]}]},{\"@type\":\"BreadcrumbList\",\"@id\":\"https:\/\/ov-g20.de\/flohmarkt\/#breadcrumb\",\"itemListElement\":[{\"@type\":\"ListItem\",\"position\":1,\"name\":\"Home\"}]}]}<\/script>\n<!-- \/ Yoast SEO plugin. -->","yoast_head_json":{"title":"DARC e.V. Ortsverband G20 - Amateurfunk in Bergheim","description":"Der Ortsverband G20 des DARC e.V. ist dein Ansprechpartner f\u00fcr den Amateurfunk in Bergheim und Umgebung. Wir bieten dir ein aktives Vereinsleben sowie eine hervorragende Infrastruktur und unterst\u00fctzen dich beim Einstieg in den Amateurfunkdienst.","robots":{"index":"index","follow":"follow","max-snippet":"max-snippet:-1","max-image-preview":"max-image-preview:large","max-video-preview":"max-video-preview:-1"},"canonical":"https:\/\/ov-g20.de\/flohmarkt\/","og_locale":"de_DE","og_type":"article","og_title":"DARC e.V. Ortsverband G20 - Amateurfunk in Bergheim","og_description":"Der Ortsverband G20 des DARC e.V. ist dein Ansprechpartner f\u00fcr den Amateurfunk in Bergheim und Umgebung. Wir bieten dir ein aktives Vereinsleben sowie eine hervorragende Infrastruktur und unterst\u00fctzen dich beim Einstieg in den Amateurfunkdienst.","og_url":"https:\/\/ov-g20.de\/flohmarkt\/","og_site_name":"DARC G20 Flohmarkt Bergheim","article_modified_time":"2026-03-21T09:20:05+00:00","twitter_card":"summary_large_image","twitter_misc":{"Gesch\u00e4tzte Lesezeit":"2 Minuten"},"schema":{"@context":"https:\/\/schema.org","@graph":[{"@type":"WebSite","@id":"https:\/\/ov-g20.de\/flohmarkt\/#website","url":"https:\/\/ov-g20.de\/flohmarkt\/","name":"DARC G20 Flohmarkt Bergheim","description":"Der Treffpunkt im Westen","potentialAction":[{"@type":"SearchAction","target":{"@type":"EntryPoint","urlTemplate":"https:\/\/ov-g20.de\/flohmarkt\/?s={search_term_string}"},"query-input":"required name=search_term_string"}],"inLanguage":"de-DE"},{"@type":"WebPage","@id":"https:\/\/ov-g20.de\/flohmarkt\/#webpage","url":"https:\/\/ov-g20.de\/flohmarkt\/","name":"DARC e.V. Ortsverband G20 - Amateurfunk in Bergheim","isPartOf":{"@id":"https:\/\/ov-g20.de\/flohmarkt\/#website"},"datePublished":"2013-05-31T08:44:43+00:00","dateModified":"2026-03-21T09:20:05+00:00","description":"Der Ortsverband G20 des DARC e.V. ist dein Ansprechpartner f\u00fcr den Amateurfunk in Bergheim und Umgebung. Wir bieten dir ein aktives Vereinsleben sowie eine hervorragende Infrastruktur und unterst\u00fctzen dich beim Einstieg in den Amateurfunkdienst.","breadcrumb":{"@id":"https:\/\/ov-g20.de\/flohmarkt\/#breadcrumb"},"inLanguage":"de-DE","potentialAction":[{"@type":"ReadAction","target":["https:\/\/ov-g20.de\/flohmarkt\/"]}]},{"@type":"BreadcrumbList","@id":"https:\/\/ov-g20.de\/flohmarkt\/#breadcrumb","itemListElement":[{"@type":"ListItem","position":1,"name":"Home"}]}]}},"_links":{"self":[{"href":"https:\/\/ov-g20.de\/flohmarkt\/wp-json\/wp\/v2\/pages\/8993"}],"collection":[{"href":"https:\/\/ov-g20.de\/flohmarkt\/wp-json\/wp\/v2\/pages"}],"about":[{"href":"https:\/\/ov-g20.de\/flohmarkt\/wp-json\/wp\/v2\/types\/page"}],"author":[{"embeddable":true,"href":"https:\/\/ov-g20.de\/flohmarkt\/wp-json\/wp\/v2\/users\/1"}],"replies":[{"embeddable":true,"href":"https:\/\/ov-g20.de\/flohmarkt\/wp-json\/wp\/v2\/comments?post=8993"}],"version-history":[{"count":72,"href":"https:\/\/ov-g20.de\/flohmarkt\/wp-json\/wp\/v2\/pages\/8993\/revisions"}],"predecessor-version":[{"id":11639,"href":"https:\/\/ov-g20.de\/flohmarkt\/wp-json\/wp\/v2\/pages\/8993\/revisions\/11639"}],"wp:attachment":[{"href":"https:\/\/ov-g20.de\/flohmarkt\/wp-json\/wp\/v2\/media?parent=8993"}],"curies":[{"name":"wp","href":"https:\/\/api.w.org\/{rel}","templated":true}]}}