{"id":9137,"date":"2021-01-08T13:23:43","date_gmt":"2021-01-08T12:23:43","guid":{"rendered":"http:\/\/ov-g20.de\/flohmarkt\/?page_id=9137"},"modified":"2022-02-14T14:42:37","modified_gmt":"2022-02-14T13:42:37","slug":"geschichte","status":"publish","type":"page","link":"https:\/\/ov-g20.de\/flohmarkt\/geschichte\/","title":{"rendered":"Entstehung Flohmarkt G20"},"content":{"rendered":"<section class=\"l-section wpb_row height_medium\"><div class=\"l-section-h i-cf\"><div class=\"g-cols vc_row type_default valign_top\"><div class=\"vc_col-sm-12 wpb_column vc_column_container\"><div class=\"vc_column-inner\"><div class=\"wpb_wrapper\"><div class=\"wpb_text_column\" ><div class=\"wpb_wrapper\"><p>Anfang der 80ziger Jahre entsprach die Relaisfunkstelle DB0XO nicht mehr den technischen Anforderungen. Ebenso musste die Realisierung eines Relais auf 70cm finanziert werden.<\/p>\n<p>J\u00fcrgen, DF7KP, machte dem damaligen OVV, Sigurd DF8KM, den Vorschlag, einen Flohmarkt zur Finanzierung der Relais durchzuf\u00fchren.<br \/>Die Idee wurde begeistert aufgenommen und sofort ein Flohmarktteam zur Organisation gegr\u00fcndet.<br \/>Der erste Flohmarkt fand dann <strong><a href=\"\/flohmarkt\/archiv\/1-flohmarkt\/\">1982<\/a> <\/strong>unter der Leitung von DF7KP im Gutenberg Gymnasium in Bergheim statt. Das bereits beim ersten mal \u00fcber 500 Besucher den Weg nach Bergheim fanden hat uns dann selber sehr \u00fcberrascht.<\/p>\n<p>Bereits der zweite Flohmarkt <strong>1983 <\/strong>wurde dann in die untere Etage der gr\u00f6\u00dferen Stadthalle in Bergheim verlegt.<\/p>\n<p>Beim 4. Flohmarkt <a href=\"\/flohmarkt\/archiv\/4-flohmarkt\/\">1985<\/a> belegten wir dann zus\u00e4tzlich die G\u00e4nge der oberen Etage und man z\u00e4hlte schon \u00fcber 1000 Besucher.<\/p>\n<p>Beim 6. Flohmarkt <strong>1987<\/strong> kam dann noch der Vortragsraum in der 1. Etage dazu und damit war die gesamte Stadthalle belegt. Das reichte dann Platzm\u00e4\u00dfig etliche Jahre. Als sich dann durch Umbauma\u00dfnahmen die zur Verf\u00fcgung stehende Fl\u00e4che verkleinert, reichte uns das Platzangebot wieder einmal nicht mehr aus.<\/p>\n<p><strong>1997<\/strong> zum 16. Flohmarkt zogen wir dann in das vermeintlich gr\u00f6\u00dfere B\u00fcrgerhaus in den Ortsteil Quadrath-Ichendorf um. Hier stand uns dann endlich auch eine moderne K\u00fcche und eine gro\u00dfe Bedien-Theke f\u00fcr die Cafeteria zur Verf\u00fcgung. Leider erwies sich aber die Ausstellungsfl\u00e4che als doch nicht ausreichend. Dadurch das zu viele Ausstellertische untergebracht werden mussten, wurden die G\u00e4nge zu schmal und es gab ein f\u00fcrchterliches Gedr\u00e4nge.<br \/>Das konnte es also auch nicht sein und wir versuchten die angrenzende Sporthalle, zu der es einen Durchgang gibt, zus\u00e4tzlich zu mieten.<br \/>Nach anf\u00e4nglichen Schwierigkeiten wegen der Terminkoordinierung mit verschiedenen Zust\u00e4ndigkeiten gelang es dann schlie\u00dflich.<\/p>\n<p>Ab dem Flohmarkt <a href=\"\/flohmarkt\/archiv\/17-flohmarkt\/\">1998<\/a> standen uns nun 2200qm ebenerdig zur Verf\u00fcgung, was gerade ausreichend war um alle Aussteller unterzubringen und trotzdem gro\u00dfz\u00fcgige G\u00e4nge f\u00fcr die Besucher zu erm\u00f6glichen.<\/p>\n<p><em>Wird noch weiter fortgef\u00fchrt<\/em><\/p>\n<p><a href=\"\/flohmarkt\/archiv\/23-flohmarkt\/\">2004<\/a> wieder im Gymnasium. Termin musste kurzfristig vom 20.03. auf den 27.03. verschoben werden. Katastrophe wegen kurzfristiger Terminverschiebung!!!<\/p>\n<p>\u00a0<\/p>\n<\/div><\/div><\/div><\/div><\/div><\/div><\/div><\/section>","protected":false},"excerpt":{"rendered":"Anfang der 80ziger Jahre entsprach die Relaisfunkstelle DB0XO nicht mehr den technischen Anforderungen. Ebenso musste die Realisierung eines Relais auf 70cm finanziert werden. J\u00fcrgen, DF7KP, machte dem damaligen OVV, Sigurd DF8KM, den Vorschlag, einen Flohmarkt zur Finanzierung der Relais durchzuf\u00fchren.Die Idee wurde begeistert aufgenommen und sofort ein Flohmarktteam zur Organisation gegr\u00fcndet.Der erste Flohmarkt fand dann...","protected":false},"author":1,"featured_media":0,"parent":0,"menu_order":0,"comment_status":"closed","ping_status":"closed","template":"","meta":[],"yoast_head":"<!-- This site is optimized with the Yoast SEO plugin v17.6 - https:\/\/yoast.com\/wordpress\/plugins\/seo\/ -->\n<title>Entstehung Flohmarkt G20 - DARC G20 Flohmarkt Bergheim<\/title>\n<meta name=\"robots\" content=\"index, follow, max-snippet:-1, max-image-preview:large, max-video-preview:-1\" \/>\n<link rel=\"canonical\" href=\"https:\/\/ov-g20.de\/flohmarkt\/geschichte\/\" \/>\n<meta property=\"og:locale\" content=\"de_DE\" \/>\n<meta property=\"og:type\" content=\"article\" \/>\n<meta property=\"og:title\" content=\"Entstehung Flohmarkt G20 - DARC G20 Flohmarkt Bergheim\" \/>\n<meta property=\"og:url\" content=\"https:\/\/ov-g20.de\/flohmarkt\/geschichte\/\" \/>\n<meta property=\"og:site_name\" content=\"DARC G20 Flohmarkt Bergheim\" \/>\n<meta property=\"article:modified_time\" content=\"2022-02-14T13:42:37+00:00\" \/>\n<meta name=\"twitter:card\" content=\"summary_large_image\" \/>\n<meta name=\"twitter:label1\" content=\"Gesch\u00e4tzte Lesezeit\" \/>\n\t<meta name=\"twitter:data1\" content=\"2 Minuten\" \/>\n<script type=\"application\/ld+json\" class=\"yoast-schema-graph\">{\"@context\":\"https:\/\/schema.org\",\"@graph\":[{\"@type\":\"WebSite\",\"@id\":\"https:\/\/ov-g20.de\/flohmarkt\/#website\",\"url\":\"https:\/\/ov-g20.de\/flohmarkt\/\",\"name\":\"DARC G20 Flohmarkt Bergheim\",\"description\":\"Der Treffpunkt im Westen\",\"potentialAction\":[{\"@type\":\"SearchAction\",\"target\":{\"@type\":\"EntryPoint\",\"urlTemplate\":\"https:\/\/ov-g20.de\/flohmarkt\/?s={search_term_string}\"},\"query-input\":\"required name=search_term_string\"}],\"inLanguage\":\"de-DE\"},{\"@type\":\"WebPage\",\"@id\":\"https:\/\/ov-g20.de\/flohmarkt\/geschichte\/#webpage\",\"url\":\"https:\/\/ov-g20.de\/flohmarkt\/geschichte\/\",\"name\":\"Entstehung Flohmarkt G20 - DARC G20 Flohmarkt Bergheim\",\"isPartOf\":{\"@id\":\"https:\/\/ov-g20.de\/flohmarkt\/#website\"},\"datePublished\":\"2021-01-08T12:23:43+00:00\",\"dateModified\":\"2022-02-14T13:42:37+00:00\",\"breadcrumb\":{\"@id\":\"https:\/\/ov-g20.de\/flohmarkt\/geschichte\/#breadcrumb\"},\"inLanguage\":\"de-DE\",\"potentialAction\":[{\"@type\":\"ReadAction\",\"target\":[\"https:\/\/ov-g20.de\/flohmarkt\/geschichte\/\"]}]},{\"@type\":\"BreadcrumbList\",\"@id\":\"https:\/\/ov-g20.de\/flohmarkt\/geschichte\/#breadcrumb\",\"itemListElement\":[{\"@type\":\"ListItem\",\"position\":1,\"name\":\"Entstehung Flohmarkt G20\"}]}]}<\/script>\n<!-- \/ Yoast SEO plugin. -->","yoast_head_json":{"title":"Entstehung Flohmarkt G20 - DARC G20 Flohmarkt Bergheim","robots":{"index":"index","follow":"follow","max-snippet":"max-snippet:-1","max-image-preview":"max-image-preview:large","max-video-preview":"max-video-preview:-1"},"canonical":"https:\/\/ov-g20.de\/flohmarkt\/geschichte\/","og_locale":"de_DE","og_type":"article","og_title":"Entstehung Flohmarkt G20 - DARC G20 Flohmarkt Bergheim","og_url":"https:\/\/ov-g20.de\/flohmarkt\/geschichte\/","og_site_name":"DARC G20 Flohmarkt Bergheim","article_modified_time":"2022-02-14T13:42:37+00:00","twitter_card":"summary_large_image","twitter_misc":{"Gesch\u00e4tzte Lesezeit":"2 Minuten"},"schema":{"@context":"https:\/\/schema.org","@graph":[{"@type":"WebSite","@id":"https:\/\/ov-g20.de\/flohmarkt\/#website","url":"https:\/\/ov-g20.de\/flohmarkt\/","name":"DARC G20 Flohmarkt Bergheim","description":"Der Treffpunkt im Westen","potentialAction":[{"@type":"SearchAction","target":{"@type":"EntryPoint","urlTemplate":"https:\/\/ov-g20.de\/flohmarkt\/?s={search_term_string}"},"query-input":"required name=search_term_string"}],"inLanguage":"de-DE"},{"@type":"WebPage","@id":"https:\/\/ov-g20.de\/flohmarkt\/geschichte\/#webpage","url":"https:\/\/ov-g20.de\/flohmarkt\/geschichte\/","name":"Entstehung Flohmarkt G20 - DARC G20 Flohmarkt Bergheim","isPartOf":{"@id":"https:\/\/ov-g20.de\/flohmarkt\/#website"},"datePublished":"2021-01-08T12:23:43+00:00","dateModified":"2022-02-14T13:42:37+00:00","breadcrumb":{"@id":"https:\/\/ov-g20.de\/flohmarkt\/geschichte\/#breadcrumb"},"inLanguage":"de-DE","potentialAction":[{"@type":"ReadAction","target":["https:\/\/ov-g20.de\/flohmarkt\/geschichte\/"]}]},{"@type":"BreadcrumbList","@id":"https:\/\/ov-g20.de\/flohmarkt\/geschichte\/#breadcrumb","itemListElement":[{"@type":"ListItem","position":1,"name":"Entstehung Flohmarkt G20"}]}]}},"_links":{"self":[{"href":"https:\/\/ov-g20.de\/flohmarkt\/wp-json\/wp\/v2\/pages\/9137"}],"collection":[{"href":"https:\/\/ov-g20.de\/flohmarkt\/wp-json\/wp\/v2\/pages"}],"about":[{"href":"https:\/\/ov-g20.de\/flohmarkt\/wp-json\/wp\/v2\/types\/page"}],"author":[{"embeddable":true,"href":"https:\/\/ov-g20.de\/flohmarkt\/wp-json\/wp\/v2\/users\/1"}],"replies":[{"embeddable":true,"href":"https:\/\/ov-g20.de\/flohmarkt\/wp-json\/wp\/v2\/comments?post=9137"}],"version-history":[{"count":6,"href":"https:\/\/ov-g20.de\/flohmarkt\/wp-json\/wp\/v2\/pages\/9137\/revisions"}],"predecessor-version":[{"id":9277,"href":"https:\/\/ov-g20.de\/flohmarkt\/wp-json\/wp\/v2\/pages\/9137\/revisions\/9277"}],"wp:attachment":[{"href":"https:\/\/ov-g20.de\/flohmarkt\/wp-json\/wp\/v2\/media?parent=9137"}],"curies":[{"name":"wp","href":"https:\/\/api.w.org\/{rel}","templated":true}]}}