{"id":9294,"date":"2021-01-21T15:40:58","date_gmt":"2021-01-21T14:40:58","guid":{"rendered":"http:\/\/ov-g20.de\/flohmarkt\/?page_id=9294"},"modified":"2021-01-27T15:58:57","modified_gmt":"2021-01-27T14:58:57","slug":"37-flohmarkt","status":"publish","type":"page","link":"https:\/\/ov-g20.de\/flohmarkt\/archiv\/37-flohmarkt\/","title":{"rendered":"37. Flohmarkt 2018 &#8211; 10. M\u00e4rz 2018"},"content":{"rendered":"<section class=\"l-section wpb_row us_custom_19737bc8 height_medium\"><div class=\"l-section-h i-cf\"><div class=\"g-cols vc_row type_default valign_top\"><div class=\"vc_col-sm-12 wpb_column vc_column_container\"><div class=\"vc_column-inner\"><div class=\"wpb_wrapper\">[vc_custom_heading text=&#8221;Vortragsprogramm&#8221; font_container=&#8221;tag:h2|text_align:center&#8221; use_theme_fonts=&#8221;yes&#8221;]<\/div><\/div><\/div><\/div><\/div><\/section><section class=\"l-section wpb_row height_medium\"><div class=\"l-section-h i-cf\"><div class=\"g-cols vc_row type_default valign_top\"><div class=\"vc_col-sm-3 wpb_column vc_column_container\"><div class=\"vc_column-inner\"><div class=\"wpb_wrapper\"><div class=\"w-image align_none\"><div class=\"w-image-h\"><img width=\"851\" height=\"414\" src=\"https:\/\/ov-g20.de\/flohmarkt\/wp-content\/uploads\/sites\/2\/2021\/01\/dmr_logo.jpg\" class=\"attachment-large size-large\" alt=\"\" loading=\"lazy\" srcset=\"https:\/\/ov-g20.de\/flohmarkt\/wp-content\/uploads\/sites\/2\/2021\/01\/dmr_logo.jpg 851w, https:\/\/ov-g20.de\/flohmarkt\/wp-content\/uploads\/sites\/2\/2021\/01\/dmr_logo-300x146.jpg 300w, https:\/\/ov-g20.de\/flohmarkt\/wp-content\/uploads\/sites\/2\/2021\/01\/dmr_logo-600x292.jpg 600w\" sizes=\"(max-width: 851px) 100vw, 851px\" \/><\/div><\/div><\/div><\/div><\/div><div class=\"vc_col-sm-9 wpb_column vc_column_container\"><div class=\"vc_column-inner\"><div class=\"wpb_wrapper\"><div class=\"wpb_text_column\" ><div class=\"wpb_wrapper\"><p><strong>DMR Workshop<\/strong><\/p>\n<p>Michael DO3BOX, gibt nach seinem erfolgreichen Vortrag im letzten Jahr einen DMR Workshop, und steht zum Thema mit Rat und Tat zur verf\u00fcgung.<\/p>\n<\/div><\/div><\/div><\/div><\/div><\/div><\/div><\/section><section class=\"l-section wpb_row height_medium\"><div class=\"l-section-h i-cf\"><div class=\"g-cols vc_row type_default valign_top\"><div class=\"vc_col-sm-3 wpb_column vc_column_container\"><div class=\"vc_column-inner\"><div class=\"wpb_wrapper\"><div class=\"w-image align_none\"><div class=\"w-image-h\"><img width=\"107\" height=\"113\" src=\"https:\/\/ov-g20.de\/flohmarkt\/wp-content\/uploads\/sites\/2\/2021\/01\/on7dq.jpg\" class=\"attachment-large size-large\" alt=\"\" loading=\"lazy\" \/><\/div><\/div><\/div><\/div><\/div><div class=\"vc_col-sm-9 wpb_column vc_column_container\"><div class=\"vc_column-inner\"><div class=\"wpb_wrapper\"><div class=\"wpb_text_column\" ><div class=\"wpb_wrapper\"><p><strong>SOTA, was ist das, und wie geht das&#8230;<\/strong><\/p>\n<p>Luc ON7DQ, erkl\u00e4rt was SOTA \u00fcberhaupt ist, und was man alles dazu ben\u00f6tigt.<\/p>\n<p><a href=\"\/flohmarkt\/wp-content\/uploads\/sites\/2\/2021\/01\/vortrag_on7dq.pdf\" target=\"_blank\" rel=\"noopener\">Vortrag als Download<\/a> (PDF)<\/p>\n<\/div><\/div><\/div><\/div><\/div><\/div><\/div><\/section><section class=\"l-section wpb_row height_medium\"><div class=\"l-section-h i-cf\"><div class=\"g-cols vc_row type_default valign_top\"><div class=\"vc_col-sm-3 wpb_column vc_column_container\"><div class=\"vc_column-inner\"><div class=\"wpb_wrapper\"><div class=\"w-image align_none\"><div class=\"w-image-h\"><img width=\"107\" height=\"113\" src=\"https:\/\/ov-g20.de\/flohmarkt\/wp-content\/uploads\/sites\/2\/2021\/01\/on7dq.jpg\" class=\"attachment-large size-large\" alt=\"\" loading=\"lazy\" \/><\/div><\/div><\/div><\/div><\/div><div class=\"vc_col-sm-9 wpb_column vc_column_container\"><div class=\"vc_column-inner\"><div class=\"wpb_wrapper\"><div class=\"wpb_text_column\" ><div class=\"wpb_wrapper\"><p><strong>SOTA reise nach EA6\/MA &#8211; Mallorca<\/strong><\/p>\n<p>Luc ON7DQ, gibt einblicke in seine SOTA Aktivit\u00e4ten nach Mallorca.<\/p>\n<\/div><\/div><\/div><\/div><\/div><\/div><\/div><\/section><section class=\"l-section wpb_row height_medium\"><div class=\"l-section-h i-cf\"><div class=\"g-cols vc_row type_default valign_top\"><div class=\"vc_col-sm-3 wpb_column vc_column_container\"><div class=\"vc_column-inner\"><div class=\"wpb_wrapper\"><div class=\"w-image align_none\"><div class=\"w-image-h\"><img width=\"768\" height=\"1024\" src=\"https:\/\/ov-g20.de\/flohmarkt\/wp-content\/uploads\/sites\/2\/2021\/01\/IMG_0539_1024.jpg\" class=\"attachment-large size-large\" alt=\"\" loading=\"lazy\" srcset=\"https:\/\/ov-g20.de\/flohmarkt\/wp-content\/uploads\/sites\/2\/2021\/01\/IMG_0539_1024.jpg 768w, https:\/\/ov-g20.de\/flohmarkt\/wp-content\/uploads\/sites\/2\/2021\/01\/IMG_0539_1024-225x300.jpg 225w, https:\/\/ov-g20.de\/flohmarkt\/wp-content\/uploads\/sites\/2\/2021\/01\/IMG_0539_1024-600x800.jpg 600w\" sizes=\"(max-width: 768px) 100vw, 768px\" \/><\/div><\/div><\/div><\/div><\/div><div class=\"vc_col-sm-9 wpb_column vc_column_container\"><div class=\"vc_column-inner\"><div class=\"wpb_wrapper\"><div class=\"wpb_text_column\" ><div class=\"wpb_wrapper\"><p>Luc hate nach seinem Vortrag eine SOTA Aktivit\u00e4t auf der Sophienh\u00f6he geplant. Wer Interesse hatte, konnte Luc gerne dabei begleiten.<\/p>\n<\/div><\/div><\/div><\/div><\/div><\/div><\/div><\/section>\n","protected":false},"excerpt":{"rendered":"[vc_custom_heading text=\"Vortragsprogramm\" font_container=\"tag:h2|text_align:center\" use_theme_fonts=\"yes\"]DMR Workshop Michael DO3BOX, gibt nach seinem erfolgreichen Vortrag im letzten Jahr einen DMR Workshop, und steht zum Thema mit Rat und Tat zur verf\u00fcgung. SOTA, was ist das, und wie geht das&#8230; Luc ON7DQ, erkl\u00e4rt was SOTA \u00fcberhaupt ist, und was man alles dazu ben\u00f6tigt. Vortrag als Download (PDF) SOTA reise...","protected":false},"author":1,"featured_media":0,"parent":6797,"menu_order":0,"comment_status":"closed","ping_status":"closed","template":"","meta":[],"yoast_head":"<!-- This site is optimized with the Yoast SEO plugin v17.6 - https:\/\/yoast.com\/wordpress\/plugins\/seo\/ -->\n<title>37. Flohmarkt 2018 - 10. M\u00e4rz 2018 - DARC G20 Flohmarkt Bergheim<\/title>\n<meta name=\"robots\" content=\"index, follow, max-snippet:-1, max-image-preview:large, max-video-preview:-1\" \/>\n<link rel=\"canonical\" href=\"https:\/\/ov-g20.de\/flohmarkt\/archiv\/37-flohmarkt\/\" \/>\n<meta property=\"og:locale\" content=\"de_DE\" \/>\n<meta property=\"og:type\" content=\"article\" \/>\n<meta property=\"og:title\" content=\"37. Flohmarkt 2018 - 10. M\u00e4rz 2018 - DARC G20 Flohmarkt Bergheim\" \/>\n<meta property=\"og:url\" content=\"https:\/\/ov-g20.de\/flohmarkt\/archiv\/37-flohmarkt\/\" \/>\n<meta property=\"og:site_name\" content=\"DARC G20 Flohmarkt Bergheim\" \/>\n<meta property=\"article:modified_time\" content=\"2021-01-27T14:58:57+00:00\" \/>\n<meta name=\"twitter:card\" content=\"summary_large_image\" \/>\n<meta name=\"twitter:label1\" content=\"Gesch\u00e4tzte Lesezeit\" \/>\n\t<meta name=\"twitter:data1\" content=\"1 Minute\" \/>\n<script type=\"application\/ld+json\" class=\"yoast-schema-graph\">{\"@context\":\"https:\/\/schema.org\",\"@graph\":[{\"@type\":\"WebSite\",\"@id\":\"https:\/\/ov-g20.de\/flohmarkt\/#website\",\"url\":\"https:\/\/ov-g20.de\/flohmarkt\/\",\"name\":\"DARC G20 Flohmarkt Bergheim\",\"description\":\"Der Treffpunkt im Westen\",\"potentialAction\":[{\"@type\":\"SearchAction\",\"target\":{\"@type\":\"EntryPoint\",\"urlTemplate\":\"https:\/\/ov-g20.de\/flohmarkt\/?s={search_term_string}\"},\"query-input\":\"required name=search_term_string\"}],\"inLanguage\":\"de-DE\"},{\"@type\":\"WebPage\",\"@id\":\"https:\/\/ov-g20.de\/flohmarkt\/archiv\/37-flohmarkt\/#webpage\",\"url\":\"https:\/\/ov-g20.de\/flohmarkt\/archiv\/37-flohmarkt\/\",\"name\":\"37. Flohmarkt 2018 - 10. M\\u00e4rz 2018 - DARC G20 Flohmarkt Bergheim\",\"isPartOf\":{\"@id\":\"https:\/\/ov-g20.de\/flohmarkt\/#website\"},\"datePublished\":\"2021-01-21T14:40:58+00:00\",\"dateModified\":\"2021-01-27T14:58:57+00:00\",\"breadcrumb\":{\"@id\":\"https:\/\/ov-g20.de\/flohmarkt\/archiv\/37-flohmarkt\/#breadcrumb\"},\"inLanguage\":\"de-DE\",\"potentialAction\":[{\"@type\":\"ReadAction\",\"target\":[\"https:\/\/ov-g20.de\/flohmarkt\/archiv\/37-flohmarkt\/\"]}]},{\"@type\":\"BreadcrumbList\",\"@id\":\"https:\/\/ov-g20.de\/flohmarkt\/archiv\/37-flohmarkt\/#breadcrumb\",\"itemListElement\":[{\"@type\":\"ListItem\",\"position\":1,\"name\":\"Archiv\",\"item\":\"https:\/\/ov-g20.de\/flohmarkt\/archiv\/\"},{\"@type\":\"ListItem\",\"position\":2,\"name\":\"37. Flohmarkt 2018 &#8211; 10. M\\u00e4rz 2018\"}]}]}<\/script>\n<!-- \/ Yoast SEO plugin. -->","yoast_head_json":{"title":"37. Flohmarkt 2018 - 10. M\u00e4rz 2018 - DARC G20 Flohmarkt Bergheim","robots":{"index":"index","follow":"follow","max-snippet":"max-snippet:-1","max-image-preview":"max-image-preview:large","max-video-preview":"max-video-preview:-1"},"canonical":"https:\/\/ov-g20.de\/flohmarkt\/archiv\/37-flohmarkt\/","og_locale":"de_DE","og_type":"article","og_title":"37. Flohmarkt 2018 - 10. M\u00e4rz 2018 - DARC G20 Flohmarkt Bergheim","og_url":"https:\/\/ov-g20.de\/flohmarkt\/archiv\/37-flohmarkt\/","og_site_name":"DARC G20 Flohmarkt Bergheim","article_modified_time":"2021-01-27T14:58:57+00:00","twitter_card":"summary_large_image","twitter_misc":{"Gesch\u00e4tzte Lesezeit":"1 Minute"},"schema":{"@context":"https:\/\/schema.org","@graph":[{"@type":"WebSite","@id":"https:\/\/ov-g20.de\/flohmarkt\/#website","url":"https:\/\/ov-g20.de\/flohmarkt\/","name":"DARC G20 Flohmarkt Bergheim","description":"Der Treffpunkt im Westen","potentialAction":[{"@type":"SearchAction","target":{"@type":"EntryPoint","urlTemplate":"https:\/\/ov-g20.de\/flohmarkt\/?s={search_term_string}"},"query-input":"required name=search_term_string"}],"inLanguage":"de-DE"},{"@type":"WebPage","@id":"https:\/\/ov-g20.de\/flohmarkt\/archiv\/37-flohmarkt\/#webpage","url":"https:\/\/ov-g20.de\/flohmarkt\/archiv\/37-flohmarkt\/","name":"37. Flohmarkt 2018 - 10. M\u00e4rz 2018 - DARC G20 Flohmarkt Bergheim","isPartOf":{"@id":"https:\/\/ov-g20.de\/flohmarkt\/#website"},"datePublished":"2021-01-21T14:40:58+00:00","dateModified":"2021-01-27T14:58:57+00:00","breadcrumb":{"@id":"https:\/\/ov-g20.de\/flohmarkt\/archiv\/37-flohmarkt\/#breadcrumb"},"inLanguage":"de-DE","potentialAction":[{"@type":"ReadAction","target":["https:\/\/ov-g20.de\/flohmarkt\/archiv\/37-flohmarkt\/"]}]},{"@type":"BreadcrumbList","@id":"https:\/\/ov-g20.de\/flohmarkt\/archiv\/37-flohmarkt\/#breadcrumb","itemListElement":[{"@type":"ListItem","position":1,"name":"Archiv","item":"https:\/\/ov-g20.de\/flohmarkt\/archiv\/"},{"@type":"ListItem","position":2,"name":"37. Flohmarkt 2018 &#8211; 10. M\u00e4rz 2018"}]}]}},"_links":{"self":[{"href":"https:\/\/ov-g20.de\/flohmarkt\/wp-json\/wp\/v2\/pages\/9294"}],"collection":[{"href":"https:\/\/ov-g20.de\/flohmarkt\/wp-json\/wp\/v2\/pages"}],"about":[{"href":"https:\/\/ov-g20.de\/flohmarkt\/wp-json\/wp\/v2\/types\/page"}],"author":[{"embeddable":true,"href":"https:\/\/ov-g20.de\/flohmarkt\/wp-json\/wp\/v2\/users\/1"}],"replies":[{"embeddable":true,"href":"https:\/\/ov-g20.de\/flohmarkt\/wp-json\/wp\/v2\/comments?post=9294"}],"version-history":[{"count":6,"href":"https:\/\/ov-g20.de\/flohmarkt\/wp-json\/wp\/v2\/pages\/9294\/revisions"}],"predecessor-version":[{"id":9587,"href":"https:\/\/ov-g20.de\/flohmarkt\/wp-json\/wp\/v2\/pages\/9294\/revisions\/9587"}],"up":[{"embeddable":true,"href":"https:\/\/ov-g20.de\/flohmarkt\/wp-json\/wp\/v2\/pages\/6797"}],"wp:attachment":[{"href":"https:\/\/ov-g20.de\/flohmarkt\/wp-json\/wp\/v2\/media?parent=9294"}],"curies":[{"name":"wp","href":"https:\/\/api.w.org\/{rel}","templated":true}]}}