{"id":9342,"date":"2021-01-22T12:41:06","date_gmt":"2021-01-22T11:41:06","guid":{"rendered":"http:\/\/ov-g20.de\/flohmarkt\/?page_id=9342"},"modified":"2021-01-27T15:53:55","modified_gmt":"2021-01-27T14:53:55","slug":"32-flohmarkt","status":"publish","type":"page","link":"https:\/\/ov-g20.de\/flohmarkt\/archiv\/32-flohmarkt\/","title":{"rendered":"32. Flohmarkt 2013 &#8211; 16. M\u00e4rz 2013"},"content":{"rendered":"<section class=\"l-section wpb_row us_custom_19737bc8 height_medium\"><div class=\"l-section-h i-cf\"><div class=\"g-cols vc_row type_default valign_top\"><div class=\"vc_col-sm-12 wpb_column vc_column_container\"><div class=\"vc_column-inner\"><div class=\"wpb_wrapper\">[vc_custom_heading text=&#8221;Vortragsprogramm&#8221; font_container=&#8221;tag:h2|text_align:center&#8221; use_theme_fonts=&#8221;yes&#8221;]<\/div><\/div><\/div><\/div><\/div><\/section><section class=\"l-section wpb_row height_medium\"><div class=\"l-section-h i-cf\"><div class=\"g-cols vc_row type_default valign_top\"><div class=\"vc_col-sm-3 wpb_column vc_column_container\"><div class=\"vc_column-inner\"><div class=\"wpb_wrapper\"><div class=\"w-image us_custom_c0223bf0 align_none\"><div class=\"w-image-h\"><img width=\"306\" height=\"400\" src=\"https:\/\/ov-g20.de\/flohmarkt\/wp-content\/uploads\/sites\/2\/2021\/01\/dj6an.jpg\" class=\"attachment-large size-large\" alt=\"\" loading=\"lazy\" srcset=\"https:\/\/ov-g20.de\/flohmarkt\/wp-content\/uploads\/sites\/2\/2021\/01\/dj6an.jpg 306w, https:\/\/ov-g20.de\/flohmarkt\/wp-content\/uploads\/sites\/2\/2021\/01\/dj6an-230x300.jpg 230w\" sizes=\"(max-width: 306px) 100vw, 306px\" \/><\/div><\/div><\/div><\/div><\/div><div class=\"vc_col-sm-9 wpb_column vc_column_container\"><div class=\"vc_column-inner\"><div class=\"wpb_wrapper\"><div class=\"wpb_text_column\" ><div class=\"wpb_wrapper\"><p>Gefahren von PLC und Co.<\/p>\n<p>Referent: Ulfried Ueberschar DJ6AN<\/p>\n<\/div><\/div><\/div><\/div><\/div><\/div><\/div><\/section><section class=\"l-section wpb_row height_medium\"><div class=\"l-section-h i-cf\"><div class=\"g-cols vc_row type_default valign_top\"><div class=\"vc_col-sm-3 wpb_column vc_column_container\"><div class=\"vc_column-inner\"><div class=\"wpb_wrapper\"><div class=\"w-image us_custom_c0223bf0 align_none\"><div class=\"w-image-h\"><img width=\"273\" height=\"150\" src=\"https:\/\/ov-g20.de\/flohmarkt\/wp-content\/uploads\/sites\/2\/2021\/01\/qrpproject.png\" class=\"attachment-large size-large\" alt=\"\" loading=\"lazy\" \/><\/div><\/div><\/div><\/div><\/div><div class=\"vc_col-sm-9 wpb_column vc_column_container\"><div class=\"vc_column-inner\"><div class=\"wpb_wrapper\"><div class=\"wpb_text_column\" ><div class=\"wpb_wrapper\"><p>Neues aus der Welt des QRP \/ KX3<\/p>\n<p>Referent: Peter Zenker<\/p>\n<\/div><\/div><\/div><\/div><\/div><\/div><\/div><\/section><section class=\"l-section wpb_row height_medium\"><div class=\"l-section-h i-cf\"><div class=\"g-cols vc_row type_default valign_top\"><div class=\"vc_col-sm-12 wpb_column vc_column_container\"><div class=\"vc_column-inner\"><div class=\"wpb_wrapper\">[vc_custom_heading text=&#8221;Online Ticket Eingang&#8221; font_container=&#8221;tag:h2|text_align:center&#8221; use_theme_fonts=&#8221;yes&#8221;]<div class=\"wpb_text_column\" ><div class=\"wpb_wrapper\"><p>In diesem Jahr haben sich eine gro\u00dfe Anzahl Besucher vom Vorteil des Online Tickets \u00fcberzeugen k\u00f6nnen. Leider mussten wir auch in diesem Jahr wieder feststellen, dass viele den extra Eingang, trotz gro\u00dfem Banner, nicht gefunden haben. Wir werden uns \u00fcberlegen m\u00fcssen wie wir dies noch besser ausschildern k\u00f6nnen.<\/p>\n<\/div><\/div><div class=\"w-image align_none\"><div class=\"w-image-h\"><img width=\"562\" height=\"210\" src=\"https:\/\/ov-g20.de\/flohmarkt\/wp-content\/uploads\/sites\/2\/2021\/01\/ops-banner.jpg\" class=\"attachment-large size-large\" alt=\"\" loading=\"lazy\" srcset=\"https:\/\/ov-g20.de\/flohmarkt\/wp-content\/uploads\/sites\/2\/2021\/01\/ops-banner.jpg 562w, https:\/\/ov-g20.de\/flohmarkt\/wp-content\/uploads\/sites\/2\/2021\/01\/ops-banner-300x112.jpg 300w\" sizes=\"(max-width: 562px) 100vw, 562px\" \/><\/div><\/div><\/div><\/div><\/div><\/div><\/div><\/section><section class=\"l-section wpb_row height_medium\"><div class=\"l-section-h i-cf\"><div class=\"g-cols vc_row type_default valign_top\"><div class=\"vc_col-sm-12 wpb_column vc_column_container\"><div class=\"vc_column-inner\"><div class=\"wpb_wrapper\">[vc_custom_heading text=&#8221;Neues Reservierungssystem f\u00fcr Tische&#8221; font_container=&#8221;tag:h2|text_align:center&#8221; use_theme_fonts=&#8221;yes&#8221;]<div class=\"wpb_text_column\" ><div class=\"wpb_wrapper\"><p>In diesem Jahr haben wir erstmalig unser neues Reservierungssystem f\u00fcr Aussteller in Betrieb genommen. Hiermit ist es uns nun noch besser m\u00f6glich Ihre Tischreservierung abzuwickeln. Desweiteren haben Aussteller nun auch die M\u00f6glichkeit voll automatisch via PayPal zu zahlen.<\/p>\n<\/div><\/div><\/div><\/div><\/div><\/div><\/div><\/section><section class=\"l-section wpb_row height_medium\"><div class=\"l-section-h i-cf\"><div class=\"g-cols vc_row type_default valign_top\"><div class=\"vc_col-sm-12 wpb_column vc_column_container\"><div class=\"vc_column-inner\"><div class=\"wpb_wrapper\">[vc_custom_heading text=&#8221;Fotos&#8221; font_container=&#8221;tag:h2|text_align:center&#8221; use_theme_fonts=&#8221;yes&#8221;]<div class=\"w-slider style_none fit_scaledown\"><div class=\"w-slider-h\"><div class=\"royalSlider\"><div class=\"rsContent\"><a class=\"rsImg\" data-rsw=\"1024\" data-rsh=\"683\" href=\"https:\/\/ov-g20.de\/flohmarkt\/wp-content\/uploads\/sites\/2\/2021\/01\/01-1024x683.jpg\"><span data-alt=\"\"><\/span><\/a><img width=\"150\" height=\"150\" src=\"https:\/\/ov-g20.de\/flohmarkt\/wp-content\/uploads\/sites\/2\/2021\/01\/01-150x150.jpg\" class=\"rsTmb\" alt=\"\" loading=\"lazy\" srcset=\"https:\/\/ov-g20.de\/flohmarkt\/wp-content\/uploads\/sites\/2\/2021\/01\/01-150x150.jpg 150w, https:\/\/ov-g20.de\/flohmarkt\/wp-content\/uploads\/sites\/2\/2021\/01\/01-350x350.jpg 350w, https:\/\/ov-g20.de\/flohmarkt\/wp-content\/uploads\/sites\/2\/2021\/01\/01-600x600.jpg 600w, https:\/\/ov-g20.de\/flohmarkt\/wp-content\/uploads\/sites\/2\/2021\/01\/01-500x500.jpg 500w, https:\/\/ov-g20.de\/flohmarkt\/wp-content\/uploads\/sites\/2\/2021\/01\/01-300x300.jpg 300w\" sizes=\"(max-width: 150px) 100vw, 150px\" \/><\/div><div class=\"rsContent\"><a class=\"rsImg\" data-rsw=\"683\" data-rsh=\"1024\" href=\"https:\/\/ov-g20.de\/flohmarkt\/wp-content\/uploads\/sites\/2\/2021\/01\/02-683x1024.jpg\"><span data-alt=\"\"><\/span><\/a><img width=\"150\" height=\"150\" src=\"https:\/\/ov-g20.de\/flohmarkt\/wp-content\/uploads\/sites\/2\/2021\/01\/02-150x150.jpg\" class=\"rsTmb\" alt=\"\" loading=\"lazy\" srcset=\"https:\/\/ov-g20.de\/flohmarkt\/wp-content\/uploads\/sites\/2\/2021\/01\/02-150x150.jpg 150w, https:\/\/ov-g20.de\/flohmarkt\/wp-content\/uploads\/sites\/2\/2021\/01\/02-350x350.jpg 350w, https:\/\/ov-g20.de\/flohmarkt\/wp-content\/uploads\/sites\/2\/2021\/01\/02-600x600.jpg 600w, https:\/\/ov-g20.de\/flohmarkt\/wp-content\/uploads\/sites\/2\/2021\/01\/02-500x500.jpg 500w, https:\/\/ov-g20.de\/flohmarkt\/wp-content\/uploads\/sites\/2\/2021\/01\/02-300x300.jpg 300w\" sizes=\"(max-width: 150px) 100vw, 150px\" \/><\/div><div class=\"rsContent\"><a class=\"rsImg\" data-rsw=\"1024\" data-rsh=\"683\" href=\"https:\/\/ov-g20.de\/flohmarkt\/wp-content\/uploads\/sites\/2\/2021\/01\/03-1024x683.jpg\"><span data-alt=\"\"><\/span><\/a><img width=\"150\" height=\"150\" src=\"https:\/\/ov-g20.de\/flohmarkt\/wp-content\/uploads\/sites\/2\/2021\/01\/03-150x150.jpg\" class=\"rsTmb\" alt=\"\" loading=\"lazy\" srcset=\"https:\/\/ov-g20.de\/flohmarkt\/wp-content\/uploads\/sites\/2\/2021\/01\/03-150x150.jpg 150w, https:\/\/ov-g20.de\/flohmarkt\/wp-content\/uploads\/sites\/2\/2021\/01\/03-350x350.jpg 350w, https:\/\/ov-g20.de\/flohmarkt\/wp-content\/uploads\/sites\/2\/2021\/01\/03-600x600.jpg 600w, https:\/\/ov-g20.de\/flohmarkt\/wp-content\/uploads\/sites\/2\/2021\/01\/03-500x500.jpg 500w, https:\/\/ov-g20.de\/flohmarkt\/wp-content\/uploads\/sites\/2\/2021\/01\/03-300x300.jpg 300w\" sizes=\"(max-width: 150px) 100vw, 150px\" \/><\/div><div class=\"rsContent\"><a class=\"rsImg\" data-rsw=\"1024\" data-rsh=\"683\" href=\"https:\/\/ov-g20.de\/flohmarkt\/wp-content\/uploads\/sites\/2\/2021\/01\/04-1024x683.jpg\"><span data-alt=\"\"><\/span><\/a><img width=\"150\" height=\"150\" src=\"https:\/\/ov-g20.de\/flohmarkt\/wp-content\/uploads\/sites\/2\/2021\/01\/04-150x150.jpg\" class=\"rsTmb\" alt=\"\" loading=\"lazy\" srcset=\"https:\/\/ov-g20.de\/flohmarkt\/wp-content\/uploads\/sites\/2\/2021\/01\/04-150x150.jpg 150w, https:\/\/ov-g20.de\/flohmarkt\/wp-content\/uploads\/sites\/2\/2021\/01\/04-350x350.jpg 350w, https:\/\/ov-g20.de\/flohmarkt\/wp-content\/uploads\/sites\/2\/2021\/01\/04-600x600.jpg 600w, https:\/\/ov-g20.de\/flohmarkt\/wp-content\/uploads\/sites\/2\/2021\/01\/04-500x500.jpg 500w, https:\/\/ov-g20.de\/flohmarkt\/wp-content\/uploads\/sites\/2\/2021\/01\/04-300x300.jpg 300w\" sizes=\"(max-width: 150px) 100vw, 150px\" \/><\/div><div class=\"rsContent\"><a class=\"rsImg\" data-rsw=\"1024\" data-rsh=\"683\" href=\"https:\/\/ov-g20.de\/flohmarkt\/wp-content\/uploads\/sites\/2\/2021\/01\/05-1024x683.jpg\"><span data-alt=\"\"><\/span><\/a><img width=\"150\" height=\"150\" src=\"https:\/\/ov-g20.de\/flohmarkt\/wp-content\/uploads\/sites\/2\/2021\/01\/05-150x150.jpg\" class=\"rsTmb\" alt=\"\" loading=\"lazy\" srcset=\"https:\/\/ov-g20.de\/flohmarkt\/wp-content\/uploads\/sites\/2\/2021\/01\/05-150x150.jpg 150w, https:\/\/ov-g20.de\/flohmarkt\/wp-content\/uploads\/sites\/2\/2021\/01\/05-350x350.jpg 350w, https:\/\/ov-g20.de\/flohmarkt\/wp-content\/uploads\/sites\/2\/2021\/01\/05-600x600.jpg 600w, https:\/\/ov-g20.de\/flohmarkt\/wp-content\/uploads\/sites\/2\/2021\/01\/05-500x500.jpg 500w, https:\/\/ov-g20.de\/flohmarkt\/wp-content\/uploads\/sites\/2\/2021\/01\/05-300x300.jpg 300w\" sizes=\"(max-width: 150px) 100vw, 150px\" \/><\/div><div class=\"rsContent\"><a class=\"rsImg\" data-rsw=\"1024\" data-rsh=\"683\" href=\"https:\/\/ov-g20.de\/flohmarkt\/wp-content\/uploads\/sites\/2\/2021\/01\/06-1024x683.jpg\"><span data-alt=\"\"><\/span><\/a><img width=\"150\" height=\"150\" src=\"https:\/\/ov-g20.de\/flohmarkt\/wp-content\/uploads\/sites\/2\/2021\/01\/06-150x150.jpg\" class=\"rsTmb\" alt=\"\" loading=\"lazy\" srcset=\"https:\/\/ov-g20.de\/flohmarkt\/wp-content\/uploads\/sites\/2\/2021\/01\/06-150x150.jpg 150w, https:\/\/ov-g20.de\/flohmarkt\/wp-content\/uploads\/sites\/2\/2021\/01\/06-350x350.jpg 350w, https:\/\/ov-g20.de\/flohmarkt\/wp-content\/uploads\/sites\/2\/2021\/01\/06-600x600.jpg 600w, https:\/\/ov-g20.de\/flohmarkt\/wp-content\/uploads\/sites\/2\/2021\/01\/06-500x500.jpg 500w, https:\/\/ov-g20.de\/flohmarkt\/wp-content\/uploads\/sites\/2\/2021\/01\/06-300x300.jpg 300w\" sizes=\"(max-width: 150px) 100vw, 150px\" \/><\/div><div class=\"rsContent\"><a class=\"rsImg\" data-rsw=\"1024\" data-rsh=\"683\" href=\"https:\/\/ov-g20.de\/flohmarkt\/wp-content\/uploads\/sites\/2\/2021\/01\/07-1024x683.jpg\"><span data-alt=\"\"><\/span><\/a><img width=\"150\" height=\"150\" src=\"https:\/\/ov-g20.de\/flohmarkt\/wp-content\/uploads\/sites\/2\/2021\/01\/07-150x150.jpg\" class=\"rsTmb\" alt=\"\" loading=\"lazy\" srcset=\"https:\/\/ov-g20.de\/flohmarkt\/wp-content\/uploads\/sites\/2\/2021\/01\/07-150x150.jpg 150w, https:\/\/ov-g20.de\/flohmarkt\/wp-content\/uploads\/sites\/2\/2021\/01\/07-350x350.jpg 350w, https:\/\/ov-g20.de\/flohmarkt\/wp-content\/uploads\/sites\/2\/2021\/01\/07-600x600.jpg 600w, https:\/\/ov-g20.de\/flohmarkt\/wp-content\/uploads\/sites\/2\/2021\/01\/07-500x500.jpg 500w, https:\/\/ov-g20.de\/flohmarkt\/wp-content\/uploads\/sites\/2\/2021\/01\/07-300x300.jpg 300w\" sizes=\"(max-width: 150px) 100vw, 150px\" \/><\/div><div class=\"rsContent\"><a class=\"rsImg\" data-rsw=\"1024\" data-rsh=\"683\" href=\"https:\/\/ov-g20.de\/flohmarkt\/wp-content\/uploads\/sites\/2\/2021\/01\/08-1024x683.jpg\"><span data-alt=\"\"><\/span><\/a><img width=\"150\" height=\"150\" src=\"https:\/\/ov-g20.de\/flohmarkt\/wp-content\/uploads\/sites\/2\/2021\/01\/08-150x150.jpg\" class=\"rsTmb\" alt=\"\" loading=\"lazy\" srcset=\"https:\/\/ov-g20.de\/flohmarkt\/wp-content\/uploads\/sites\/2\/2021\/01\/08-150x150.jpg 150w, https:\/\/ov-g20.de\/flohmarkt\/wp-content\/uploads\/sites\/2\/2021\/01\/08-350x350.jpg 350w, https:\/\/ov-g20.de\/flohmarkt\/wp-content\/uploads\/sites\/2\/2021\/01\/08-600x600.jpg 600w, https:\/\/ov-g20.de\/flohmarkt\/wp-content\/uploads\/sites\/2\/2021\/01\/08-500x500.jpg 500w, https:\/\/ov-g20.de\/flohmarkt\/wp-content\/uploads\/sites\/2\/2021\/01\/08-300x300.jpg 300w\" sizes=\"(max-width: 150px) 100vw, 150px\" \/><\/div><\/div><img src=\"https:\/\/ov-g20.de\/flohmarkt\/wp-content\/uploads\/sites\/2\/2021\/01\/01-1024x683.jpg\" width=\"1024\" height=\"683\" alt loading=\"lazy\"><\/div><div class=\"w-slider-json\" onclick='return {&quot;loop&quot;:true,&quot;fadeInLoadedSlide&quot;:false,&quot;slidesSpacing&quot;:0,&quot;imageScalePadding&quot;:0,&quot;numImagesToPreload&quot;:2,&quot;arrowsNav&quot;:true,&quot;arrowsNavAutoHide&quot;:false,&quot;transitionType&quot;:&quot;move&quot;,&quot;transitionSpeed&quot;:300,&quot;block&quot;:{&quot;moveEffect&quot;:&quot;none&quot;,&quot;speed&quot;:300},&quot;controlNavigation&quot;:&quot;thumbnails&quot;,&quot;imageScaleMode&quot;:&quot;fit-if-smaller&quot;,&quot;autoScaleSlider&quot;:true,&quot;autoScaleSliderWidth&quot;:1024,&quot;autoScaleSliderHeight&quot;:683,&quot;fitInViewport&quot;:false}'><\/div><\/div><\/div><\/div><\/div><\/div><\/div><\/section>\n","protected":false},"excerpt":{"rendered":"[vc_custom_heading text=\"Vortragsprogramm\" font_container=\"tag:h2|text_align:center\" use_theme_fonts=\"yes\"]Gefahren von PLC und Co. Referent: Ulfried Ueberschar DJ6AN Neues aus der Welt des QRP \/ KX3 Referent: Peter Zenker [vc_custom_heading text=\"Online Ticket Eingang\" font_container=\"tag:h2|text_align:center\" use_theme_fonts=\"yes\"]In diesem Jahr haben sich eine gro\u00dfe Anzahl Besucher vom Vorteil des Online Tickets \u00fcberzeugen k\u00f6nnen. Leider mussten wir auch in diesem Jahr wieder feststellen, dass viele...","protected":false},"author":1,"featured_media":0,"parent":6797,"menu_order":0,"comment_status":"closed","ping_status":"closed","template":"","meta":[],"yoast_head":"<!-- This site is optimized with the Yoast SEO plugin v17.6 - https:\/\/yoast.com\/wordpress\/plugins\/seo\/ -->\n<title>32. Flohmarkt 2013 - 16. M\u00e4rz 2013 - DARC G20 Flohmarkt Bergheim<\/title>\n<meta name=\"robots\" content=\"index, follow, max-snippet:-1, max-image-preview:large, max-video-preview:-1\" \/>\n<link rel=\"canonical\" href=\"https:\/\/ov-g20.de\/flohmarkt\/archiv\/32-flohmarkt\/\" \/>\n<meta property=\"og:locale\" content=\"de_DE\" \/>\n<meta property=\"og:type\" content=\"article\" \/>\n<meta property=\"og:title\" content=\"32. Flohmarkt 2013 - 16. M\u00e4rz 2013 - DARC G20 Flohmarkt Bergheim\" \/>\n<meta property=\"og:url\" content=\"https:\/\/ov-g20.de\/flohmarkt\/archiv\/32-flohmarkt\/\" \/>\n<meta property=\"og:site_name\" content=\"DARC G20 Flohmarkt Bergheim\" \/>\n<meta property=\"article:modified_time\" content=\"2021-01-27T14:53:55+00:00\" \/>\n<meta name=\"twitter:card\" content=\"summary_large_image\" \/>\n<meta name=\"twitter:label1\" content=\"Gesch\u00e4tzte Lesezeit\" \/>\n\t<meta name=\"twitter:data1\" content=\"1 Minute\" \/>\n<script type=\"application\/ld+json\" class=\"yoast-schema-graph\">{\"@context\":\"https:\/\/schema.org\",\"@graph\":[{\"@type\":\"WebSite\",\"@id\":\"https:\/\/ov-g20.de\/flohmarkt\/#website\",\"url\":\"https:\/\/ov-g20.de\/flohmarkt\/\",\"name\":\"DARC G20 Flohmarkt Bergheim\",\"description\":\"Der Treffpunkt im Westen\",\"potentialAction\":[{\"@type\":\"SearchAction\",\"target\":{\"@type\":\"EntryPoint\",\"urlTemplate\":\"https:\/\/ov-g20.de\/flohmarkt\/?s={search_term_string}\"},\"query-input\":\"required name=search_term_string\"}],\"inLanguage\":\"de-DE\"},{\"@type\":\"WebPage\",\"@id\":\"https:\/\/ov-g20.de\/flohmarkt\/archiv\/32-flohmarkt\/#webpage\",\"url\":\"https:\/\/ov-g20.de\/flohmarkt\/archiv\/32-flohmarkt\/\",\"name\":\"32. Flohmarkt 2013 - 16. M\\u00e4rz 2013 - DARC G20 Flohmarkt Bergheim\",\"isPartOf\":{\"@id\":\"https:\/\/ov-g20.de\/flohmarkt\/#website\"},\"datePublished\":\"2021-01-22T11:41:06+00:00\",\"dateModified\":\"2021-01-27T14:53:55+00:00\",\"breadcrumb\":{\"@id\":\"https:\/\/ov-g20.de\/flohmarkt\/archiv\/32-flohmarkt\/#breadcrumb\"},\"inLanguage\":\"de-DE\",\"potentialAction\":[{\"@type\":\"ReadAction\",\"target\":[\"https:\/\/ov-g20.de\/flohmarkt\/archiv\/32-flohmarkt\/\"]}]},{\"@type\":\"BreadcrumbList\",\"@id\":\"https:\/\/ov-g20.de\/flohmarkt\/archiv\/32-flohmarkt\/#breadcrumb\",\"itemListElement\":[{\"@type\":\"ListItem\",\"position\":1,\"name\":\"Archiv\",\"item\":\"https:\/\/ov-g20.de\/flohmarkt\/archiv\/\"},{\"@type\":\"ListItem\",\"position\":2,\"name\":\"32. Flohmarkt 2013 &#8211; 16. M\\u00e4rz 2013\"}]}]}<\/script>\n<!-- \/ Yoast SEO plugin. -->","yoast_head_json":{"title":"32. Flohmarkt 2013 - 16. M\u00e4rz 2013 - DARC G20 Flohmarkt Bergheim","robots":{"index":"index","follow":"follow","max-snippet":"max-snippet:-1","max-image-preview":"max-image-preview:large","max-video-preview":"max-video-preview:-1"},"canonical":"https:\/\/ov-g20.de\/flohmarkt\/archiv\/32-flohmarkt\/","og_locale":"de_DE","og_type":"article","og_title":"32. Flohmarkt 2013 - 16. M\u00e4rz 2013 - DARC G20 Flohmarkt Bergheim","og_url":"https:\/\/ov-g20.de\/flohmarkt\/archiv\/32-flohmarkt\/","og_site_name":"DARC G20 Flohmarkt Bergheim","article_modified_time":"2021-01-27T14:53:55+00:00","twitter_card":"summary_large_image","twitter_misc":{"Gesch\u00e4tzte Lesezeit":"1 Minute"},"schema":{"@context":"https:\/\/schema.org","@graph":[{"@type":"WebSite","@id":"https:\/\/ov-g20.de\/flohmarkt\/#website","url":"https:\/\/ov-g20.de\/flohmarkt\/","name":"DARC G20 Flohmarkt Bergheim","description":"Der Treffpunkt im Westen","potentialAction":[{"@type":"SearchAction","target":{"@type":"EntryPoint","urlTemplate":"https:\/\/ov-g20.de\/flohmarkt\/?s={search_term_string}"},"query-input":"required name=search_term_string"}],"inLanguage":"de-DE"},{"@type":"WebPage","@id":"https:\/\/ov-g20.de\/flohmarkt\/archiv\/32-flohmarkt\/#webpage","url":"https:\/\/ov-g20.de\/flohmarkt\/archiv\/32-flohmarkt\/","name":"32. Flohmarkt 2013 - 16. M\u00e4rz 2013 - DARC G20 Flohmarkt Bergheim","isPartOf":{"@id":"https:\/\/ov-g20.de\/flohmarkt\/#website"},"datePublished":"2021-01-22T11:41:06+00:00","dateModified":"2021-01-27T14:53:55+00:00","breadcrumb":{"@id":"https:\/\/ov-g20.de\/flohmarkt\/archiv\/32-flohmarkt\/#breadcrumb"},"inLanguage":"de-DE","potentialAction":[{"@type":"ReadAction","target":["https:\/\/ov-g20.de\/flohmarkt\/archiv\/32-flohmarkt\/"]}]},{"@type":"BreadcrumbList","@id":"https:\/\/ov-g20.de\/flohmarkt\/archiv\/32-flohmarkt\/#breadcrumb","itemListElement":[{"@type":"ListItem","position":1,"name":"Archiv","item":"https:\/\/ov-g20.de\/flohmarkt\/archiv\/"},{"@type":"ListItem","position":2,"name":"32. Flohmarkt 2013 &#8211; 16. M\u00e4rz 2013"}]}]}},"_links":{"self":[{"href":"https:\/\/ov-g20.de\/flohmarkt\/wp-json\/wp\/v2\/pages\/9342"}],"collection":[{"href":"https:\/\/ov-g20.de\/flohmarkt\/wp-json\/wp\/v2\/pages"}],"about":[{"href":"https:\/\/ov-g20.de\/flohmarkt\/wp-json\/wp\/v2\/types\/page"}],"author":[{"embeddable":true,"href":"https:\/\/ov-g20.de\/flohmarkt\/wp-json\/wp\/v2\/users\/1"}],"replies":[{"embeddable":true,"href":"https:\/\/ov-g20.de\/flohmarkt\/wp-json\/wp\/v2\/comments?post=9342"}],"version-history":[{"count":4,"href":"https:\/\/ov-g20.de\/flohmarkt\/wp-json\/wp\/v2\/pages\/9342\/revisions"}],"predecessor-version":[{"id":9582,"href":"https:\/\/ov-g20.de\/flohmarkt\/wp-json\/wp\/v2\/pages\/9342\/revisions\/9582"}],"up":[{"embeddable":true,"href":"https:\/\/ov-g20.de\/flohmarkt\/wp-json\/wp\/v2\/pages\/6797"}],"wp:attachment":[{"href":"https:\/\/ov-g20.de\/flohmarkt\/wp-json\/wp\/v2\/media?parent=9342"}],"curies":[{"name":"wp","href":"https:\/\/api.w.org\/{rel}","templated":true}]}}