{"id":9362,"date":"2021-01-26T14:11:42","date_gmt":"2021-01-26T13:11:42","guid":{"rendered":"http:\/\/ov-g20.de\/flohmarkt\/?page_id=9362"},"modified":"2021-01-27T15:51:32","modified_gmt":"2021-01-27T14:51:32","slug":"30-flohmarkt","status":"publish","type":"page","link":"https:\/\/ov-g20.de\/flohmarkt\/archiv\/30-flohmarkt\/","title":{"rendered":"30. Flohmarkt 2011 &#8211; 02. April 2011"},"content":{"rendered":"<section class=\"l-section wpb_row us_custom_19737bc8 height_medium\"><div class=\"l-section-h i-cf\"><div class=\"g-cols vc_row type_default valign_top\"><div class=\"vc_col-sm-12 wpb_column vc_column_container\"><div class=\"vc_column-inner\"><div class=\"wpb_wrapper\">[vc_custom_heading text=&#8221;Vortragsprogramm&#8221; font_container=&#8221;tag:h2|text_align:center&#8221; use_theme_fonts=&#8221;yes&#8221;]<\/div><\/div><\/div><\/div><\/div><\/section><section class=\"l-section wpb_row height_medium\"><div class=\"l-section-h i-cf\"><div class=\"g-cols vc_row type_default valign_top\"><div class=\"vc_col-sm-3 wpb_column vc_column_container\"><div class=\"vc_column-inner\"><div class=\"wpb_wrapper\"><\/div><\/div><\/div><div class=\"vc_col-sm-9 wpb_column vc_column_container\"><div class=\"vc_column-inner\"><div class=\"wpb_wrapper\"><div class=\"wpb_text_column\" ><div class=\"wpb_wrapper\"><p>Das Pappradio SDR Empf\u00e4nger<\/p>\n<p>Referent: Stephan Schaar<\/p>\n<\/div><\/div><\/div><\/div><\/div><\/div><\/div><\/section><section class=\"l-section wpb_row height_medium\"><div class=\"l-section-h i-cf\"><div class=\"g-cols vc_row type_default valign_top\"><div class=\"vc_col-sm-3 wpb_column vc_column_container\"><div class=\"vc_column-inner\"><div class=\"wpb_wrapper\"><div class=\"w-image us_custom_c0223bf0 align_none\"><div class=\"w-image-h\"><img width=\"273\" height=\"150\" src=\"https:\/\/ov-g20.de\/flohmarkt\/wp-content\/uploads\/sites\/2\/2021\/01\/qrpproject.png\" class=\"attachment-large size-large\" alt=\"\" loading=\"lazy\" \/><\/div><\/div><\/div><\/div><\/div><div class=\"vc_col-sm-9 wpb_column vc_column_container\"><div class=\"vc_column-inner\"><div class=\"wpb_wrapper\"><div class=\"wpb_text_column\" ><div class=\"wpb_wrapper\"><p>Neues aus der Welt des QRP<\/p>\n<p>Referent: Peter Zenker<\/p>\n<\/div><\/div><\/div><\/div><\/div><\/div><\/div><\/section><section class=\"l-section wpb_row height_medium\"><div class=\"l-section-h i-cf\"><div class=\"g-cols vc_row type_default valign_top\"><div class=\"vc_col-sm-3 wpb_column vc_column_container\"><div class=\"vc_column-inner\"><div class=\"wpb_wrapper\"><div class=\"w-image us_custom_c0223bf0 align_none\"><div class=\"w-image-h\"><img width=\"200\" height=\"200\" src=\"https:\/\/ov-g20.de\/flohmarkt\/wp-content\/uploads\/sites\/2\/2021\/01\/nfd-logo.gif\" class=\"attachment-large size-large\" alt=\"\" loading=\"lazy\" \/><\/div><\/div><\/div><\/div><\/div><div class=\"vc_col-sm-9 wpb_column vc_column_container\"><div class=\"vc_column-inner\"><div class=\"wpb_wrapper\"><div class=\"wpb_text_column\" ><div class=\"wpb_wrapper\"><p>Notfunk in Deutschland<\/p>\n<p>Referent: Notfunk Deutschland e.V.<\/p>\n<\/div><\/div><\/div><\/div><\/div><\/div><\/div><\/section><section class=\"l-section wpb_row height_medium\"><div class=\"l-section-h i-cf\"><div class=\"g-cols vc_row type_default valign_top\"><div class=\"vc_col-sm-12 wpb_column vc_column_container\"><div class=\"vc_column-inner\"><div class=\"wpb_wrapper\">[vc_custom_heading text=&#8221;Online Ticket&#8221; font_container=&#8221;tag:h2|text_align:center&#8221; use_theme_fonts=&#8221;yes&#8221;]<div class=\"wpb_text_column\" ><div class=\"wpb_wrapper\"><p>P\u00fcnktlich zum 30. Jubil\u00e4um des Bergheimer Amateurfunk Flohmarktes haben wir unser neues Online Ticket System eingef\u00fchrt. Besuchern ist es also nun m\u00f6glich bereits im voraus eine Eintrittskarte f\u00fcr das gr\u00f6\u00dfte Amateurfunk Treffen im Raum K\u00f6ln Aachen zu kaufen. Mit diesem Ticket ist es dem Besucher dann m\u00f6glich innerhalb von Sekunden nach \u00f6ffnen der T\u00fcren bereits die Flohmarktfl\u00e4che zu betreten.<\/p>\n<\/div><\/div><div class=\"w-image align_none\"><div class=\"w-image-h\"><img width=\"796\" height=\"288\" src=\"https:\/\/ov-g20.de\/flohmarkt\/wp-content\/uploads\/sites\/2\/2021\/01\/ticket.gif\" class=\"attachment-large size-large\" alt=\"\" loading=\"lazy\" \/><\/div><\/div><\/div><\/div><\/div><\/div><\/div><\/section><section class=\"l-section wpb_row height_medium\"><div class=\"l-section-h i-cf\"><div class=\"g-cols vc_row type_default valign_top\"><div class=\"vc_col-sm-12 wpb_column vc_column_container\"><div class=\"vc_column-inner\"><div class=\"wpb_wrapper\">[vc_custom_heading text=&#8221;Tombola&#8221; font_container=&#8221;tag:h2|text_align:center&#8221; use_theme_fonts=&#8221;yes&#8221;]<div class=\"wpb_text_column\" ><div class=\"wpb_wrapper\"><p>Anl\u00e4sslich unseres 30. Jubil\u00e4ums haben wir uns entschlossen eine gro\u00dfe Tombola zu veranstalten. Jeder Besucher bekam automatisch mit seiner Eintrittskarte ein Los. Weitere Lose waren gegen eine Spende von 2\u20ac zu haben.<br \/>\nInsgesamt wurden Preise im Wert von \u00fcber 3500\u20ac verlost. Alle Preise wurden uns von einschl\u00e4gigen Amateurfunk Gesch\u00e4ften zur Verf\u00fcgung gestellt.<\/p>\n<div id=\"simple-translate\">\n<div>\n<div class=\"simple-translate-button isShow\" style=\"background-image: url('moz-extension:\/\/ea903886-0b9e-4fdb-8aa5-59fb008190b4\/icons\/512.png'); height: 22px; width: 22px; top: 20px; left: -3px;\"><\/div>\n<div class=\"simple-translate-panel \" style=\"width: 300px; height: 200px; top: 0px; left: 0px; font-size: 13px; background-color: #ffffff;\">\n<div class=\"simple-translate-result-wrapper\" style=\"overflow: hidden;\">\n<div class=\"simple-translate-move\" draggable=\"true\"><\/div>\n<div class=\"simple-translate-result-contents\">\n<p class=\"simple-translate-candidate\" style=\"color: #737373;\">\n<\/div>\n<\/div>\n<\/div>\n<\/div>\n<\/div>\n<\/div><\/div><div class=\"w-image us_custom_4f24afa8 align_none\"><div class=\"w-image-h\"><img width=\"1024\" height=\"768\" src=\"https:\/\/ov-g20.de\/flohmarkt\/wp-content\/uploads\/sites\/2\/2021\/01\/IMG_0859.jpg\" class=\"attachment-large size-large\" alt=\"\" loading=\"lazy\" srcset=\"https:\/\/ov-g20.de\/flohmarkt\/wp-content\/uploads\/sites\/2\/2021\/01\/IMG_0859.jpg 1024w, https:\/\/ov-g20.de\/flohmarkt\/wp-content\/uploads\/sites\/2\/2021\/01\/IMG_0859-300x225.jpg 300w, https:\/\/ov-g20.de\/flohmarkt\/wp-content\/uploads\/sites\/2\/2021\/01\/IMG_0859-600x450.jpg 600w\" sizes=\"(max-width: 1024px) 100vw, 1024px\" \/><\/div><\/div><\/div><\/div><\/div><\/div><\/div><\/section>\n","protected":false},"excerpt":{"rendered":"[vc_custom_heading text=\"Vortragsprogramm\" font_container=\"tag:h2|text_align:center\" use_theme_fonts=\"yes\"]Das Pappradio SDR Empf\u00e4nger Referent: Stephan Schaar Neues aus der Welt des QRP Referent: Peter Zenker Notfunk in Deutschland Referent: Notfunk Deutschland e.V. [vc_custom_heading text=\"Online Ticket\" font_container=\"tag:h2|text_align:center\" use_theme_fonts=\"yes\"]P\u00fcnktlich zum 30. Jubil\u00e4um des Bergheimer Amateurfunk Flohmarktes haben wir unser neues Online Ticket System eingef\u00fchrt. Besuchern ist es also nun m\u00f6glich bereits im voraus...","protected":false},"author":1,"featured_media":0,"parent":6797,"menu_order":0,"comment_status":"closed","ping_status":"closed","template":"","meta":[],"yoast_head":"<!-- This site is optimized with the Yoast SEO plugin v17.6 - https:\/\/yoast.com\/wordpress\/plugins\/seo\/ -->\n<title>30. Flohmarkt 2011 - 02. April 2011 - DARC G20 Flohmarkt Bergheim<\/title>\n<meta name=\"robots\" content=\"index, follow, max-snippet:-1, max-image-preview:large, max-video-preview:-1\" \/>\n<link rel=\"canonical\" href=\"https:\/\/ov-g20.de\/flohmarkt\/archiv\/30-flohmarkt\/\" \/>\n<meta property=\"og:locale\" content=\"de_DE\" \/>\n<meta property=\"og:type\" content=\"article\" \/>\n<meta property=\"og:title\" content=\"30. Flohmarkt 2011 - 02. April 2011 - DARC G20 Flohmarkt Bergheim\" \/>\n<meta property=\"og:url\" content=\"https:\/\/ov-g20.de\/flohmarkt\/archiv\/30-flohmarkt\/\" \/>\n<meta property=\"og:site_name\" content=\"DARC G20 Flohmarkt Bergheim\" \/>\n<meta property=\"article:modified_time\" content=\"2021-01-27T14:51:32+00:00\" \/>\n<meta name=\"twitter:card\" content=\"summary_large_image\" \/>\n<meta name=\"twitter:label1\" content=\"Gesch\u00e4tzte Lesezeit\" \/>\n\t<meta name=\"twitter:data1\" content=\"1 Minute\" \/>\n<script type=\"application\/ld+json\" class=\"yoast-schema-graph\">{\"@context\":\"https:\/\/schema.org\",\"@graph\":[{\"@type\":\"WebSite\",\"@id\":\"https:\/\/ov-g20.de\/flohmarkt\/#website\",\"url\":\"https:\/\/ov-g20.de\/flohmarkt\/\",\"name\":\"DARC G20 Flohmarkt Bergheim\",\"description\":\"Der Treffpunkt im Westen\",\"potentialAction\":[{\"@type\":\"SearchAction\",\"target\":{\"@type\":\"EntryPoint\",\"urlTemplate\":\"https:\/\/ov-g20.de\/flohmarkt\/?s={search_term_string}\"},\"query-input\":\"required name=search_term_string\"}],\"inLanguage\":\"de-DE\"},{\"@type\":\"WebPage\",\"@id\":\"https:\/\/ov-g20.de\/flohmarkt\/archiv\/30-flohmarkt\/#webpage\",\"url\":\"https:\/\/ov-g20.de\/flohmarkt\/archiv\/30-flohmarkt\/\",\"name\":\"30. Flohmarkt 2011 - 02. April 2011 - DARC G20 Flohmarkt Bergheim\",\"isPartOf\":{\"@id\":\"https:\/\/ov-g20.de\/flohmarkt\/#website\"},\"datePublished\":\"2021-01-26T13:11:42+00:00\",\"dateModified\":\"2021-01-27T14:51:32+00:00\",\"breadcrumb\":{\"@id\":\"https:\/\/ov-g20.de\/flohmarkt\/archiv\/30-flohmarkt\/#breadcrumb\"},\"inLanguage\":\"de-DE\",\"potentialAction\":[{\"@type\":\"ReadAction\",\"target\":[\"https:\/\/ov-g20.de\/flohmarkt\/archiv\/30-flohmarkt\/\"]}]},{\"@type\":\"BreadcrumbList\",\"@id\":\"https:\/\/ov-g20.de\/flohmarkt\/archiv\/30-flohmarkt\/#breadcrumb\",\"itemListElement\":[{\"@type\":\"ListItem\",\"position\":1,\"name\":\"Archiv\",\"item\":\"https:\/\/ov-g20.de\/flohmarkt\/archiv\/\"},{\"@type\":\"ListItem\",\"position\":2,\"name\":\"30. Flohmarkt 2011 &#8211; 02. April 2011\"}]}]}<\/script>\n<!-- \/ Yoast SEO plugin. -->","yoast_head_json":{"title":"30. Flohmarkt 2011 - 02. April 2011 - DARC G20 Flohmarkt Bergheim","robots":{"index":"index","follow":"follow","max-snippet":"max-snippet:-1","max-image-preview":"max-image-preview:large","max-video-preview":"max-video-preview:-1"},"canonical":"https:\/\/ov-g20.de\/flohmarkt\/archiv\/30-flohmarkt\/","og_locale":"de_DE","og_type":"article","og_title":"30. Flohmarkt 2011 - 02. April 2011 - DARC G20 Flohmarkt Bergheim","og_url":"https:\/\/ov-g20.de\/flohmarkt\/archiv\/30-flohmarkt\/","og_site_name":"DARC G20 Flohmarkt Bergheim","article_modified_time":"2021-01-27T14:51:32+00:00","twitter_card":"summary_large_image","twitter_misc":{"Gesch\u00e4tzte Lesezeit":"1 Minute"},"schema":{"@context":"https:\/\/schema.org","@graph":[{"@type":"WebSite","@id":"https:\/\/ov-g20.de\/flohmarkt\/#website","url":"https:\/\/ov-g20.de\/flohmarkt\/","name":"DARC G20 Flohmarkt Bergheim","description":"Der Treffpunkt im Westen","potentialAction":[{"@type":"SearchAction","target":{"@type":"EntryPoint","urlTemplate":"https:\/\/ov-g20.de\/flohmarkt\/?s={search_term_string}"},"query-input":"required name=search_term_string"}],"inLanguage":"de-DE"},{"@type":"WebPage","@id":"https:\/\/ov-g20.de\/flohmarkt\/archiv\/30-flohmarkt\/#webpage","url":"https:\/\/ov-g20.de\/flohmarkt\/archiv\/30-flohmarkt\/","name":"30. Flohmarkt 2011 - 02. April 2011 - DARC G20 Flohmarkt Bergheim","isPartOf":{"@id":"https:\/\/ov-g20.de\/flohmarkt\/#website"},"datePublished":"2021-01-26T13:11:42+00:00","dateModified":"2021-01-27T14:51:32+00:00","breadcrumb":{"@id":"https:\/\/ov-g20.de\/flohmarkt\/archiv\/30-flohmarkt\/#breadcrumb"},"inLanguage":"de-DE","potentialAction":[{"@type":"ReadAction","target":["https:\/\/ov-g20.de\/flohmarkt\/archiv\/30-flohmarkt\/"]}]},{"@type":"BreadcrumbList","@id":"https:\/\/ov-g20.de\/flohmarkt\/archiv\/30-flohmarkt\/#breadcrumb","itemListElement":[{"@type":"ListItem","position":1,"name":"Archiv","item":"https:\/\/ov-g20.de\/flohmarkt\/archiv\/"},{"@type":"ListItem","position":2,"name":"30. Flohmarkt 2011 &#8211; 02. April 2011"}]}]}},"_links":{"self":[{"href":"https:\/\/ov-g20.de\/flohmarkt\/wp-json\/wp\/v2\/pages\/9362"}],"collection":[{"href":"https:\/\/ov-g20.de\/flohmarkt\/wp-json\/wp\/v2\/pages"}],"about":[{"href":"https:\/\/ov-g20.de\/flohmarkt\/wp-json\/wp\/v2\/types\/page"}],"author":[{"embeddable":true,"href":"https:\/\/ov-g20.de\/flohmarkt\/wp-json\/wp\/v2\/users\/1"}],"replies":[{"embeddable":true,"href":"https:\/\/ov-g20.de\/flohmarkt\/wp-json\/wp\/v2\/comments?post=9362"}],"version-history":[{"count":4,"href":"https:\/\/ov-g20.de\/flohmarkt\/wp-json\/wp\/v2\/pages\/9362\/revisions"}],"predecessor-version":[{"id":9579,"href":"https:\/\/ov-g20.de\/flohmarkt\/wp-json\/wp\/v2\/pages\/9362\/revisions\/9579"}],"up":[{"embeddable":true,"href":"https:\/\/ov-g20.de\/flohmarkt\/wp-json\/wp\/v2\/pages\/6797"}],"wp:attachment":[{"href":"https:\/\/ov-g20.de\/flohmarkt\/wp-json\/wp\/v2\/media?parent=9362"}],"curies":[{"name":"wp","href":"https:\/\/api.w.org\/{rel}","templated":true}]}}