{"id":9413,"date":"2021-01-26T16:17:45","date_gmt":"2021-01-26T15:17:45","guid":{"rendered":"http:\/\/ov-g20.de\/flohmarkt\/?page_id=9413"},"modified":"2021-01-27T15:47:23","modified_gmt":"2021-01-27T14:47:23","slug":"26-flohmarkt-2007","status":"publish","type":"page","link":"https:\/\/ov-g20.de\/flohmarkt\/archiv\/26-flohmarkt-2007\/","title":{"rendered":"26. Flohmarkt 2007"},"content":{"rendered":"<section class=\"l-section wpb_row height_medium\"><div class=\"l-section-h i-cf\"><div class=\"g-cols vc_row type_default valign_top\"><div class=\"vc_col-sm-12 wpb_column vc_column_container\"><div class=\"vc_column-inner\"><div class=\"wpb_wrapper\">[vc_custom_heading text=&#8221;Fotos&#8221; font_container=&#8221;tag:h2|text_align:center&#8221; use_theme_fonts=&#8221;yes&#8221;]<div class=\"w-slider us_custom_f44a9973 style_none fit_scaledown\"><div class=\"w-slider-h\"><div class=\"royalSlider\"><div class=\"rsContent\"><a class=\"rsImg\" data-rsw=\"589\" data-rsh=\"442\" href=\"https:\/\/ov-g20.de\/flohmarkt\/wp-content\/uploads\/sites\/2\/2021\/01\/001-2.jpg\"><span data-alt=\"\"><\/span><\/a><img width=\"150\" height=\"150\" src=\"https:\/\/ov-g20.de\/flohmarkt\/wp-content\/uploads\/sites\/2\/2021\/01\/001-2-150x150.jpg\" class=\"rsTmb\" alt=\"\" loading=\"lazy\" srcset=\"https:\/\/ov-g20.de\/flohmarkt\/wp-content\/uploads\/sites\/2\/2021\/01\/001-2-150x150.jpg 150w, https:\/\/ov-g20.de\/flohmarkt\/wp-content\/uploads\/sites\/2\/2021\/01\/001-2-350x350.jpg 350w, https:\/\/ov-g20.de\/flohmarkt\/wp-content\/uploads\/sites\/2\/2021\/01\/001-2-300x300.jpg 300w\" sizes=\"(max-width: 150px) 100vw, 150px\" \/><div class=\"rsABlock\" data-fadeEffect=\"false\" data-moveEffect=\"none\"><div class=\"w-slider-item-title\">Flohmarkt 2007<\/div><div class=\"w-slider-item-description\">Das B\u00fcrgerhaus nach dem Aufbau der Tische.<\/div><\/div><\/div><div class=\"rsContent\"><a class=\"rsImg\" data-rsw=\"589\" data-rsh=\"442\" href=\"https:\/\/ov-g20.de\/flohmarkt\/wp-content\/uploads\/sites\/2\/2021\/01\/002-2.jpg\"><span data-alt=\"\"><\/span><\/a><img width=\"150\" height=\"150\" src=\"https:\/\/ov-g20.de\/flohmarkt\/wp-content\/uploads\/sites\/2\/2021\/01\/002-2-150x150.jpg\" class=\"rsTmb\" alt=\"\" loading=\"lazy\" srcset=\"https:\/\/ov-g20.de\/flohmarkt\/wp-content\/uploads\/sites\/2\/2021\/01\/002-2-150x150.jpg 150w, https:\/\/ov-g20.de\/flohmarkt\/wp-content\/uploads\/sites\/2\/2021\/01\/002-2-350x350.jpg 350w, https:\/\/ov-g20.de\/flohmarkt\/wp-content\/uploads\/sites\/2\/2021\/01\/002-2-300x300.jpg 300w\" sizes=\"(max-width: 150px) 100vw, 150px\" \/><div class=\"rsABlock\" data-fadeEffect=\"false\" data-moveEffect=\"none\"><div class=\"w-slider-item-title\">Flohmarkt 2007<\/div><div class=\"w-slider-item-description\">B\u00fcrgerhaus w\u00e4hrend des Aufbaus einiger Aussteller.<\/div><\/div><\/div><div class=\"rsContent\"><a class=\"rsImg\" data-rsw=\"589\" data-rsh=\"442\" href=\"https:\/\/ov-g20.de\/flohmarkt\/wp-content\/uploads\/sites\/2\/2021\/01\/003-2.jpg\"><span data-alt=\"\"><\/span><\/a><img width=\"150\" height=\"150\" src=\"https:\/\/ov-g20.de\/flohmarkt\/wp-content\/uploads\/sites\/2\/2021\/01\/003-2-150x150.jpg\" class=\"rsTmb\" alt=\"\" loading=\"lazy\" srcset=\"https:\/\/ov-g20.de\/flohmarkt\/wp-content\/uploads\/sites\/2\/2021\/01\/003-2-150x150.jpg 150w, https:\/\/ov-g20.de\/flohmarkt\/wp-content\/uploads\/sites\/2\/2021\/01\/003-2-350x350.jpg 350w, https:\/\/ov-g20.de\/flohmarkt\/wp-content\/uploads\/sites\/2\/2021\/01\/003-2-300x300.jpg 300w\" sizes=\"(max-width: 150px) 100vw, 150px\" \/><div class=\"rsABlock\" data-fadeEffect=\"false\" data-moveEffect=\"none\"><div class=\"w-slider-item-title\">Flohmarkt 2007<\/div><div class=\"w-slider-item-description\">Sporthalle w\u00e4hrend des Aufbaus.<\/div><\/div><\/div><div class=\"rsContent\"><a class=\"rsImg\" data-rsw=\"589\" data-rsh=\"442\" href=\"https:\/\/ov-g20.de\/flohmarkt\/wp-content\/uploads\/sites\/2\/2021\/01\/004-2.jpg\"><span data-alt=\"\"><\/span><\/a><img width=\"150\" height=\"150\" src=\"https:\/\/ov-g20.de\/flohmarkt\/wp-content\/uploads\/sites\/2\/2021\/01\/004-2-150x150.jpg\" class=\"rsTmb\" alt=\"\" loading=\"lazy\" srcset=\"https:\/\/ov-g20.de\/flohmarkt\/wp-content\/uploads\/sites\/2\/2021\/01\/004-2-150x150.jpg 150w, https:\/\/ov-g20.de\/flohmarkt\/wp-content\/uploads\/sites\/2\/2021\/01\/004-2-350x350.jpg 350w, https:\/\/ov-g20.de\/flohmarkt\/wp-content\/uploads\/sites\/2\/2021\/01\/004-2-300x300.jpg 300w\" sizes=\"(max-width: 150px) 100vw, 150px\" \/><div class=\"rsABlock\" data-fadeEffect=\"false\" data-moveEffect=\"none\"><div class=\"w-slider-item-title\">Flohmarkt 2007<\/div><div class=\"w-slider-item-description\">Rege Diskusionen...<\/div><\/div><\/div><div class=\"rsContent\"><a class=\"rsImg\" data-rsw=\"589\" data-rsh=\"442\" href=\"https:\/\/ov-g20.de\/flohmarkt\/wp-content\/uploads\/sites\/2\/2021\/01\/005-2.jpg\"><span data-alt=\"\"><\/span><\/a><img width=\"150\" height=\"150\" src=\"https:\/\/ov-g20.de\/flohmarkt\/wp-content\/uploads\/sites\/2\/2021\/01\/005-2-150x150.jpg\" class=\"rsTmb\" alt=\"\" loading=\"lazy\" srcset=\"https:\/\/ov-g20.de\/flohmarkt\/wp-content\/uploads\/sites\/2\/2021\/01\/005-2-150x150.jpg 150w, https:\/\/ov-g20.de\/flohmarkt\/wp-content\/uploads\/sites\/2\/2021\/01\/005-2-350x350.jpg 350w, https:\/\/ov-g20.de\/flohmarkt\/wp-content\/uploads\/sites\/2\/2021\/01\/005-2-300x300.jpg 300w\" sizes=\"(max-width: 150px) 100vw, 150px\" \/><div class=\"rsABlock\" data-fadeEffect=\"false\" data-moveEffect=\"none\"><div class=\"w-slider-item-title\">Flohmarkt 2007<\/div><div class=\"w-slider-item-description\">und nat\u00fcrlich die St\u00e4rkung nach der Arbeit...<\/div><\/div><\/div><\/div><img src=\"https:\/\/ov-g20.de\/flohmarkt\/wp-content\/uploads\/sites\/2\/2021\/01\/001-2.jpg\" width=\"589\" height=\"442\" alt loading=\"lazy\"><\/div><div class=\"w-slider-json\" onclick='return {&quot;loop&quot;:true,&quot;fadeInLoadedSlide&quot;:false,&quot;slidesSpacing&quot;:0,&quot;imageScalePadding&quot;:0,&quot;numImagesToPreload&quot;:2,&quot;arrowsNav&quot;:true,&quot;arrowsNavAutoHide&quot;:false,&quot;transitionType&quot;:&quot;move&quot;,&quot;transitionSpeed&quot;:300,&quot;block&quot;:{&quot;moveEffect&quot;:&quot;none&quot;,&quot;speed&quot;:300},&quot;controlNavigation&quot;:&quot;thumbnails&quot;,&quot;imageScaleMode&quot;:&quot;fit-if-smaller&quot;,&quot;autoScaleSlider&quot;:true,&quot;autoScaleSliderWidth&quot;:589,&quot;autoScaleSliderHeight&quot;:442,&quot;fitInViewport&quot;:false}'><\/div><\/div><\/div><\/div><\/div><\/div><\/div><\/section>\n","protected":false},"excerpt":{"rendered":"[vc_custom_heading text=\"Fotos\" font_container=\"tag:h2|text_align:center\" use_theme_fonts=\"yes\"]Flohmarkt 2007Das B\u00fcrgerhaus nach dem Aufbau der Tische.Flohmarkt 2007B\u00fcrgerhaus w\u00e4hrend des Aufbaus einiger Aussteller.Flohmarkt 2007Sporthalle w\u00e4hrend des Aufbaus.Flohmarkt 2007Rege Diskusionen...Flohmarkt 2007und nat\u00fcrlich die St\u00e4rkung nach der Arbeit...","protected":false},"author":1,"featured_media":0,"parent":6797,"menu_order":0,"comment_status":"closed","ping_status":"closed","template":"","meta":[],"yoast_head":"<!-- This site is optimized with the Yoast SEO plugin v17.6 - https:\/\/yoast.com\/wordpress\/plugins\/seo\/ -->\n<title>26. Flohmarkt 2007 - DARC G20 Flohmarkt Bergheim<\/title>\n<meta name=\"robots\" content=\"index, follow, max-snippet:-1, max-image-preview:large, max-video-preview:-1\" \/>\n<link rel=\"canonical\" href=\"https:\/\/ov-g20.de\/flohmarkt\/archiv\/26-flohmarkt-2007\/\" \/>\n<meta property=\"og:locale\" content=\"de_DE\" \/>\n<meta property=\"og:type\" content=\"article\" \/>\n<meta property=\"og:title\" content=\"26. Flohmarkt 2007 - DARC G20 Flohmarkt Bergheim\" \/>\n<meta property=\"og:url\" content=\"https:\/\/ov-g20.de\/flohmarkt\/archiv\/26-flohmarkt-2007\/\" \/>\n<meta property=\"og:site_name\" content=\"DARC G20 Flohmarkt Bergheim\" \/>\n<meta property=\"article:modified_time\" content=\"2021-01-27T14:47:23+00:00\" \/>\n<meta name=\"twitter:card\" content=\"summary_large_image\" \/>\n<meta name=\"twitter:label1\" content=\"Gesch\u00e4tzte Lesezeit\" \/>\n\t<meta name=\"twitter:data1\" content=\"1 Minute\" \/>\n<script type=\"application\/ld+json\" class=\"yoast-schema-graph\">{\"@context\":\"https:\/\/schema.org\",\"@graph\":[{\"@type\":\"WebSite\",\"@id\":\"https:\/\/ov-g20.de\/flohmarkt\/#website\",\"url\":\"https:\/\/ov-g20.de\/flohmarkt\/\",\"name\":\"DARC G20 Flohmarkt Bergheim\",\"description\":\"Der Treffpunkt im Westen\",\"potentialAction\":[{\"@type\":\"SearchAction\",\"target\":{\"@type\":\"EntryPoint\",\"urlTemplate\":\"https:\/\/ov-g20.de\/flohmarkt\/?s={search_term_string}\"},\"query-input\":\"required name=search_term_string\"}],\"inLanguage\":\"de-DE\"},{\"@type\":\"WebPage\",\"@id\":\"https:\/\/ov-g20.de\/flohmarkt\/archiv\/26-flohmarkt-2007\/#webpage\",\"url\":\"https:\/\/ov-g20.de\/flohmarkt\/archiv\/26-flohmarkt-2007\/\",\"name\":\"26. Flohmarkt 2007 - DARC G20 Flohmarkt Bergheim\",\"isPartOf\":{\"@id\":\"https:\/\/ov-g20.de\/flohmarkt\/#website\"},\"datePublished\":\"2021-01-26T15:17:45+00:00\",\"dateModified\":\"2021-01-27T14:47:23+00:00\",\"breadcrumb\":{\"@id\":\"https:\/\/ov-g20.de\/flohmarkt\/archiv\/26-flohmarkt-2007\/#breadcrumb\"},\"inLanguage\":\"de-DE\",\"potentialAction\":[{\"@type\":\"ReadAction\",\"target\":[\"https:\/\/ov-g20.de\/flohmarkt\/archiv\/26-flohmarkt-2007\/\"]}]},{\"@type\":\"BreadcrumbList\",\"@id\":\"https:\/\/ov-g20.de\/flohmarkt\/archiv\/26-flohmarkt-2007\/#breadcrumb\",\"itemListElement\":[{\"@type\":\"ListItem\",\"position\":1,\"name\":\"Archiv\",\"item\":\"https:\/\/ov-g20.de\/flohmarkt\/archiv\/\"},{\"@type\":\"ListItem\",\"position\":2,\"name\":\"26. Flohmarkt 2007\"}]}]}<\/script>\n<!-- \/ Yoast SEO plugin. -->","yoast_head_json":{"title":"26. Flohmarkt 2007 - DARC G20 Flohmarkt Bergheim","robots":{"index":"index","follow":"follow","max-snippet":"max-snippet:-1","max-image-preview":"max-image-preview:large","max-video-preview":"max-video-preview:-1"},"canonical":"https:\/\/ov-g20.de\/flohmarkt\/archiv\/26-flohmarkt-2007\/","og_locale":"de_DE","og_type":"article","og_title":"26. Flohmarkt 2007 - DARC G20 Flohmarkt Bergheim","og_url":"https:\/\/ov-g20.de\/flohmarkt\/archiv\/26-flohmarkt-2007\/","og_site_name":"DARC G20 Flohmarkt Bergheim","article_modified_time":"2021-01-27T14:47:23+00:00","twitter_card":"summary_large_image","twitter_misc":{"Gesch\u00e4tzte Lesezeit":"1 Minute"},"schema":{"@context":"https:\/\/schema.org","@graph":[{"@type":"WebSite","@id":"https:\/\/ov-g20.de\/flohmarkt\/#website","url":"https:\/\/ov-g20.de\/flohmarkt\/","name":"DARC G20 Flohmarkt Bergheim","description":"Der Treffpunkt im Westen","potentialAction":[{"@type":"SearchAction","target":{"@type":"EntryPoint","urlTemplate":"https:\/\/ov-g20.de\/flohmarkt\/?s={search_term_string}"},"query-input":"required name=search_term_string"}],"inLanguage":"de-DE"},{"@type":"WebPage","@id":"https:\/\/ov-g20.de\/flohmarkt\/archiv\/26-flohmarkt-2007\/#webpage","url":"https:\/\/ov-g20.de\/flohmarkt\/archiv\/26-flohmarkt-2007\/","name":"26. Flohmarkt 2007 - DARC G20 Flohmarkt Bergheim","isPartOf":{"@id":"https:\/\/ov-g20.de\/flohmarkt\/#website"},"datePublished":"2021-01-26T15:17:45+00:00","dateModified":"2021-01-27T14:47:23+00:00","breadcrumb":{"@id":"https:\/\/ov-g20.de\/flohmarkt\/archiv\/26-flohmarkt-2007\/#breadcrumb"},"inLanguage":"de-DE","potentialAction":[{"@type":"ReadAction","target":["https:\/\/ov-g20.de\/flohmarkt\/archiv\/26-flohmarkt-2007\/"]}]},{"@type":"BreadcrumbList","@id":"https:\/\/ov-g20.de\/flohmarkt\/archiv\/26-flohmarkt-2007\/#breadcrumb","itemListElement":[{"@type":"ListItem","position":1,"name":"Archiv","item":"https:\/\/ov-g20.de\/flohmarkt\/archiv\/"},{"@type":"ListItem","position":2,"name":"26. Flohmarkt 2007"}]}]}},"_links":{"self":[{"href":"https:\/\/ov-g20.de\/flohmarkt\/wp-json\/wp\/v2\/pages\/9413"}],"collection":[{"href":"https:\/\/ov-g20.de\/flohmarkt\/wp-json\/wp\/v2\/pages"}],"about":[{"href":"https:\/\/ov-g20.de\/flohmarkt\/wp-json\/wp\/v2\/types\/page"}],"author":[{"embeddable":true,"href":"https:\/\/ov-g20.de\/flohmarkt\/wp-json\/wp\/v2\/users\/1"}],"replies":[{"embeddable":true,"href":"https:\/\/ov-g20.de\/flohmarkt\/wp-json\/wp\/v2\/comments?post=9413"}],"version-history":[{"count":4,"href":"https:\/\/ov-g20.de\/flohmarkt\/wp-json\/wp\/v2\/pages\/9413\/revisions"}],"predecessor-version":[{"id":9573,"href":"https:\/\/ov-g20.de\/flohmarkt\/wp-json\/wp\/v2\/pages\/9413\/revisions\/9573"}],"up":[{"embeddable":true,"href":"https:\/\/ov-g20.de\/flohmarkt\/wp-json\/wp\/v2\/pages\/6797"}],"wp:attachment":[{"href":"https:\/\/ov-g20.de\/flohmarkt\/wp-json\/wp\/v2\/media?parent=9413"}],"curies":[{"name":"wp","href":"https:\/\/api.w.org\/{rel}","templated":true}]}}