{"id":9483,"date":"2021-01-27T10:28:28","date_gmt":"2021-01-27T09:28:28","guid":{"rendered":"http:\/\/ov-g20.de\/flohmarkt\/?page_id=9483"},"modified":"2021-01-27T15:40:35","modified_gmt":"2021-01-27T14:40:35","slug":"20-flohmarkt","status":"publish","type":"page","link":"https:\/\/ov-g20.de\/flohmarkt\/archiv\/20-flohmarkt\/","title":{"rendered":"20. Flohmarkt 2001 &#8211; 31. M\u00e4rz 2001"},"content":{"rendered":"<section class=\"l-section wpb_row us_custom_19737bc8 height_medium\"><div class=\"l-section-h i-cf\"><div class=\"g-cols vc_row type_default valign_top\"><div class=\"vc_col-sm-12 wpb_column vc_column_container\"><div class=\"vc_column-inner\"><div class=\"wpb_wrapper\">[vc_custom_heading text=&#8221;Presse&#8221; font_container=&#8221;tag:h2|text_align:center&#8221; use_theme_fonts=&#8221;yes&#8221;]<div class=\"w-image us_custom_4f24afa8 align_center\"><div class=\"w-image-h\"><img width=\"589\" height=\"536\" src=\"https:\/\/ov-g20.de\/flohmarkt\/wp-content\/uploads\/sites\/2\/2021\/01\/presse1.jpg\" class=\"attachment-large size-large\" alt=\"\" loading=\"lazy\" srcset=\"https:\/\/ov-g20.de\/flohmarkt\/wp-content\/uploads\/sites\/2\/2021\/01\/presse1.jpg 589w, https:\/\/ov-g20.de\/flohmarkt\/wp-content\/uploads\/sites\/2\/2021\/01\/presse1-300x273.jpg 300w\" sizes=\"(max-width: 589px) 100vw, 589px\" \/><\/div><\/div><div class=\"w-image us_custom_4f24afa8 align_center\"><div class=\"w-image-h\"><img width=\"596\" height=\"534\" src=\"https:\/\/ov-g20.de\/flohmarkt\/wp-content\/uploads\/sites\/2\/2021\/01\/presse2.jpg\" class=\"attachment-large size-large\" alt=\"\" loading=\"lazy\" srcset=\"https:\/\/ov-g20.de\/flohmarkt\/wp-content\/uploads\/sites\/2\/2021\/01\/presse2.jpg 596w, https:\/\/ov-g20.de\/flohmarkt\/wp-content\/uploads\/sites\/2\/2021\/01\/presse2-300x269.jpg 300w\" sizes=\"(max-width: 596px) 100vw, 596px\" \/><\/div><\/div><div class=\"w-image align_center\"><div class=\"w-image-h\"><img width=\"589\" height=\"554\" src=\"https:\/\/ov-g20.de\/flohmarkt\/wp-content\/uploads\/sites\/2\/2021\/01\/presse3.jpg\" class=\"attachment-large size-large\" alt=\"\" loading=\"lazy\" srcset=\"https:\/\/ov-g20.de\/flohmarkt\/wp-content\/uploads\/sites\/2\/2021\/01\/presse3.jpg 589w, https:\/\/ov-g20.de\/flohmarkt\/wp-content\/uploads\/sites\/2\/2021\/01\/presse3-300x282.jpg 300w\" sizes=\"(max-width: 589px) 100vw, 589px\" \/><\/div><\/div><\/div><\/div><\/div><\/div><\/div><\/section><section class=\"l-section wpb_row us_custom_19737bc8 height_medium\"><div class=\"l-section-h i-cf\"><div class=\"g-cols vc_row type_default valign_top\"><div class=\"vc_col-sm-12 wpb_column vc_column_container\"><div class=\"vc_column-inner\"><div class=\"wpb_wrapper\">[vc_custom_heading text=&#8221;R\u00fcckblick&#8221; font_container=&#8221;tag:h2|text_align:center&#8221; use_theme_fonts=&#8221;yes&#8221;]<div class=\"wpb_text_column us_custom_4f24afa8\" ><div class=\"wpb_wrapper\"><p>Der 20. Bergheimer AFU-Flohmarkt war wieder mal ein voller Erfolg. Erstmals waren beide Hallen f\u00fcr Aussteller ausgebucht. Daraus resultiert das bisher gr\u00f6\u00dfte Angebot in der 20j\u00e4hrigen Geschichte des Bergheimer Flohmarktes.<\/p>\n<p>F\u00fcr das n\u00e4chste Jahr wollen wir noch einige Platzreserven mobilisieren, um m\u00f6glichst keine Absagen erteilen zu m\u00fcssen.<\/p>\n<p>Wir bedanken uns bei allen Ausstellern und Besuchern und hoffen auf ein Wiedersehen zum 21. Bergheimer Flohmarkt im Fr\u00fchjahr 2002.<\/p>\n<p>Ein besonderer Dank geht an alle ehrenamtlichen Helfer, ohne die eine Veranstaltung dieser Gr\u00f6\u00dfenordnung nicht m\u00f6glich w\u00e4re.<\/p>\n<\/div><\/div><\/div><\/div><\/div><\/div><\/div><\/section>\n","protected":false},"excerpt":{"rendered":"[vc_custom_heading text=\"Presse\" font_container=\"tag:h2|text_align:center\" use_theme_fonts=\"yes\"][vc_custom_heading text=\"R\u00fcckblick\" font_container=\"tag:h2|text_align:center\" use_theme_fonts=\"yes\"]Der 20. Bergheimer AFU-Flohmarkt war wieder mal ein voller Erfolg. Erstmals waren beide Hallen f\u00fcr Aussteller ausgebucht. Daraus resultiert das bisher gr\u00f6\u00dfte Angebot in der 20j\u00e4hrigen Geschichte des Bergheimer Flohmarktes. F\u00fcr das n\u00e4chste Jahr wollen wir noch einige Platzreserven mobilisieren, um m\u00f6glichst keine Absagen erteilen zu m\u00fcssen. Wir bedanken...","protected":false},"author":1,"featured_media":0,"parent":6797,"menu_order":0,"comment_status":"closed","ping_status":"closed","template":"","meta":[],"yoast_head":"<!-- This site is optimized with the Yoast SEO plugin v17.6 - https:\/\/yoast.com\/wordpress\/plugins\/seo\/ -->\n<title>20. Flohmarkt 2001 - 31. M\u00e4rz 2001 - DARC G20 Flohmarkt Bergheim<\/title>\n<meta name=\"robots\" content=\"index, follow, max-snippet:-1, max-image-preview:large, max-video-preview:-1\" \/>\n<link rel=\"canonical\" href=\"https:\/\/ov-g20.de\/flohmarkt\/archiv\/20-flohmarkt\/\" \/>\n<meta property=\"og:locale\" content=\"de_DE\" \/>\n<meta property=\"og:type\" content=\"article\" \/>\n<meta property=\"og:title\" content=\"20. Flohmarkt 2001 - 31. M\u00e4rz 2001 - DARC G20 Flohmarkt Bergheim\" \/>\n<meta property=\"og:url\" content=\"https:\/\/ov-g20.de\/flohmarkt\/archiv\/20-flohmarkt\/\" \/>\n<meta property=\"og:site_name\" content=\"DARC G20 Flohmarkt Bergheim\" \/>\n<meta property=\"article:modified_time\" content=\"2021-01-27T14:40:35+00:00\" \/>\n<meta name=\"twitter:card\" content=\"summary_large_image\" \/>\n<meta name=\"twitter:label1\" content=\"Gesch\u00e4tzte Lesezeit\" \/>\n\t<meta name=\"twitter:data1\" content=\"1 Minute\" \/>\n<script type=\"application\/ld+json\" class=\"yoast-schema-graph\">{\"@context\":\"https:\/\/schema.org\",\"@graph\":[{\"@type\":\"WebSite\",\"@id\":\"https:\/\/ov-g20.de\/flohmarkt\/#website\",\"url\":\"https:\/\/ov-g20.de\/flohmarkt\/\",\"name\":\"DARC G20 Flohmarkt Bergheim\",\"description\":\"Der Treffpunkt im Westen\",\"potentialAction\":[{\"@type\":\"SearchAction\",\"target\":{\"@type\":\"EntryPoint\",\"urlTemplate\":\"https:\/\/ov-g20.de\/flohmarkt\/?s={search_term_string}\"},\"query-input\":\"required name=search_term_string\"}],\"inLanguage\":\"de-DE\"},{\"@type\":\"WebPage\",\"@id\":\"https:\/\/ov-g20.de\/flohmarkt\/archiv\/20-flohmarkt\/#webpage\",\"url\":\"https:\/\/ov-g20.de\/flohmarkt\/archiv\/20-flohmarkt\/\",\"name\":\"20. Flohmarkt 2001 - 31. M\\u00e4rz 2001 - DARC G20 Flohmarkt Bergheim\",\"isPartOf\":{\"@id\":\"https:\/\/ov-g20.de\/flohmarkt\/#website\"},\"datePublished\":\"2021-01-27T09:28:28+00:00\",\"dateModified\":\"2021-01-27T14:40:35+00:00\",\"breadcrumb\":{\"@id\":\"https:\/\/ov-g20.de\/flohmarkt\/archiv\/20-flohmarkt\/#breadcrumb\"},\"inLanguage\":\"de-DE\",\"potentialAction\":[{\"@type\":\"ReadAction\",\"target\":[\"https:\/\/ov-g20.de\/flohmarkt\/archiv\/20-flohmarkt\/\"]}]},{\"@type\":\"BreadcrumbList\",\"@id\":\"https:\/\/ov-g20.de\/flohmarkt\/archiv\/20-flohmarkt\/#breadcrumb\",\"itemListElement\":[{\"@type\":\"ListItem\",\"position\":1,\"name\":\"Archiv\",\"item\":\"https:\/\/ov-g20.de\/flohmarkt\/archiv\/\"},{\"@type\":\"ListItem\",\"position\":2,\"name\":\"20. Flohmarkt 2001 &#8211; 31. M\\u00e4rz 2001\"}]}]}<\/script>\n<!-- \/ Yoast SEO plugin. -->","yoast_head_json":{"title":"20. Flohmarkt 2001 - 31. M\u00e4rz 2001 - DARC G20 Flohmarkt Bergheim","robots":{"index":"index","follow":"follow","max-snippet":"max-snippet:-1","max-image-preview":"max-image-preview:large","max-video-preview":"max-video-preview:-1"},"canonical":"https:\/\/ov-g20.de\/flohmarkt\/archiv\/20-flohmarkt\/","og_locale":"de_DE","og_type":"article","og_title":"20. Flohmarkt 2001 - 31. M\u00e4rz 2001 - DARC G20 Flohmarkt Bergheim","og_url":"https:\/\/ov-g20.de\/flohmarkt\/archiv\/20-flohmarkt\/","og_site_name":"DARC G20 Flohmarkt Bergheim","article_modified_time":"2021-01-27T14:40:35+00:00","twitter_card":"summary_large_image","twitter_misc":{"Gesch\u00e4tzte Lesezeit":"1 Minute"},"schema":{"@context":"https:\/\/schema.org","@graph":[{"@type":"WebSite","@id":"https:\/\/ov-g20.de\/flohmarkt\/#website","url":"https:\/\/ov-g20.de\/flohmarkt\/","name":"DARC G20 Flohmarkt Bergheim","description":"Der Treffpunkt im Westen","potentialAction":[{"@type":"SearchAction","target":{"@type":"EntryPoint","urlTemplate":"https:\/\/ov-g20.de\/flohmarkt\/?s={search_term_string}"},"query-input":"required name=search_term_string"}],"inLanguage":"de-DE"},{"@type":"WebPage","@id":"https:\/\/ov-g20.de\/flohmarkt\/archiv\/20-flohmarkt\/#webpage","url":"https:\/\/ov-g20.de\/flohmarkt\/archiv\/20-flohmarkt\/","name":"20. Flohmarkt 2001 - 31. M\u00e4rz 2001 - DARC G20 Flohmarkt Bergheim","isPartOf":{"@id":"https:\/\/ov-g20.de\/flohmarkt\/#website"},"datePublished":"2021-01-27T09:28:28+00:00","dateModified":"2021-01-27T14:40:35+00:00","breadcrumb":{"@id":"https:\/\/ov-g20.de\/flohmarkt\/archiv\/20-flohmarkt\/#breadcrumb"},"inLanguage":"de-DE","potentialAction":[{"@type":"ReadAction","target":["https:\/\/ov-g20.de\/flohmarkt\/archiv\/20-flohmarkt\/"]}]},{"@type":"BreadcrumbList","@id":"https:\/\/ov-g20.de\/flohmarkt\/archiv\/20-flohmarkt\/#breadcrumb","itemListElement":[{"@type":"ListItem","position":1,"name":"Archiv","item":"https:\/\/ov-g20.de\/flohmarkt\/archiv\/"},{"@type":"ListItem","position":2,"name":"20. Flohmarkt 2001 &#8211; 31. M\u00e4rz 2001"}]}]}},"_links":{"self":[{"href":"https:\/\/ov-g20.de\/flohmarkt\/wp-json\/wp\/v2\/pages\/9483"}],"collection":[{"href":"https:\/\/ov-g20.de\/flohmarkt\/wp-json\/wp\/v2\/pages"}],"about":[{"href":"https:\/\/ov-g20.de\/flohmarkt\/wp-json\/wp\/v2\/types\/page"}],"author":[{"embeddable":true,"href":"https:\/\/ov-g20.de\/flohmarkt\/wp-json\/wp\/v2\/users\/1"}],"replies":[{"embeddable":true,"href":"https:\/\/ov-g20.de\/flohmarkt\/wp-json\/wp\/v2\/comments?post=9483"}],"version-history":[{"count":3,"href":"https:\/\/ov-g20.de\/flohmarkt\/wp-json\/wp\/v2\/pages\/9483\/revisions"}],"predecessor-version":[{"id":9563,"href":"https:\/\/ov-g20.de\/flohmarkt\/wp-json\/wp\/v2\/pages\/9483\/revisions\/9563"}],"up":[{"embeddable":true,"href":"https:\/\/ov-g20.de\/flohmarkt\/wp-json\/wp\/v2\/pages\/6797"}],"wp:attachment":[{"href":"https:\/\/ov-g20.de\/flohmarkt\/wp-json\/wp\/v2\/media?parent=9483"}],"curies":[{"name":"wp","href":"https:\/\/api.w.org\/{rel}","templated":true}]}}